{"id":1004,"date":"2015-07-01T09:47:05","date_gmt":"2015-07-01T09:47:05","guid":{"rendered":"http:\/\/neu.wasserwacht-toeging.de\/?page_id=1004"},"modified":"2015-07-09T15:06:16","modified_gmt":"2015-07-09T15:06:16","slug":"einsatz-034-2015","status":"publish","type":"page","link":"https:\/\/www.wasserwacht-toeging.de\/?page_id=1004","title":{"rendered":"Einsatz 034 2015"},"content":{"rendered":"<p><strong>Datum:<\/strong> 29.06.2015<br \/>\n<strong>Einsatzbeginn:<\/strong> 18.00 Uhr<br \/>\n<strong>Einsatzart: <\/strong>Notarzteinsatz Freibad<br \/>\n<strong>Einsatzort:<\/strong> Freibad Hubm\u00fchle T\u00f6ging<br \/>\n<strong>Einsatzstichwort:<\/strong> Internistischer Notfall<\/p>\n<hr \/>\n<p><strong>Einsatzkr\u00e4fte:<\/strong> 4<br \/>\n<strong>Eingesetzte Fahrzeuge:<\/strong> &#8212;<\/p>\n<hr \/>\n<p><strong>Weitere Einsatzkr\u00e4fte:<br \/>\n<\/strong>BRK-Rettungsdienst (1 NEF, 1 RTW)<\/p>\n<hr \/>\n<p><strong>Bericht:<\/strong><br \/>\nIm Freibad kam es zu einem akuten internistischen Notfall bei einem Badegast. Die anwesenden Einsatzkr\u00e4fte der Wasserwacht begannen sofort mit der qualifizierten Erstversorgung und setzten einen Notruf ab. Der Badegast wurde vom Rettungsdienst in ein Krankenhaus eingeliefert.<\/p>\n","protected":false},"excerpt":{"rendered":"<p>Datum: 29.06.2015 Einsatzbeginn: 18.00 Uhr Einsatzart: Notarzteinsatz Freibad Einsatzort: Freibad Hubm\u00fchle T\u00f6ging Einsatzstichwort: Internistischer Notfall Einsatzkr\u00e4fte: 4 Eingesetzte Fahrzeuge: &#8212; Weitere Einsatzkr\u00e4fte: BRK-Rettungsdienst (1 NEF, 1 RTW) Bericht: Im Freibad kam es zu einem akuten internistischen Notfall bei einem Badegast.&#46;&#46;&#46;<\/p>\n","protected":false},"author":1,"featured_media":0,"parent":0,"menu_order":0,"comment_status":"closed","ping_status":"closed","template":"","meta":{"footnotes":""},"class_list":["post-1004","page","type-page","status-publish","hentry"],"_links":{"self":[{"href":"https:\/\/www.wasserwacht-toeging.de\/index.php?rest_route=\/wp\/v2\/pages\/1004","targetHints":{"allow":["GET"]}}],"collection":[{"href":"https:\/\/www.wasserwacht-toeging.de\/index.php?rest_route=\/wp\/v2\/pages"}],"about":[{"href":"https:\/\/www.wasserwacht-toeging.de\/index.php?rest_route=\/wp\/v2\/types\/page"}],"author":[{"embeddable":true,"href":"https:\/\/www.wasserwacht-toeging.de\/index.php?rest_route=\/wp\/v2\/users\/1"}],"replies":[{"embeddable":true,"href":"https:\/\/www.wasserwacht-toeging.de\/index.php?rest_route=%2Fwp%2Fv2%2Fcomments&post=1004"}],"version-history":[{"count":2,"href":"https:\/\/www.wasserwacht-toeging.de\/index.php?rest_route=\/wp\/v2\/pages\/1004\/revisions"}],"predecessor-version":[{"id":1017,"href":"https:\/\/www.wasserwacht-toeging.de\/index.php?rest_route=\/wp\/v2\/pages\/1004\/revisions\/1017"}],"wp:attachment":[{"href":"https:\/\/www.wasserwacht-toeging.de\/index.php?rest_route=%2Fwp%2Fv2%2Fmedia&parent=1004"}],"curies":[{"name":"wp","href":"https:\/\/api.w.org\/{rel}","templated":true}]}}