{"id":122,"date":"2015-02-02T16:30:26","date_gmt":"2015-02-02T16:30:26","guid":{"rendered":"http:\/\/neu.wasserwacht-toeging.de\/?page_id=122"},"modified":"2025-06-22T14:58:45","modified_gmt":"2025-06-22T12:58:45","slug":"partner-ortsgruppe","status":"publish","type":"page","link":"https:\/\/www.wasserwacht-toeging.de\/?page_id=122","title":{"rendered":"Partner-Ortsgruppe"},"content":{"rendered":"\n<div class=\"wp-block-columns is-layout-flex wp-container-core-columns-is-layout-9d6595d7 wp-block-columns-is-layout-flex\">\n<div class=\"wp-block-column is-layout-flow wp-block-column-is-layout-flow\">\n<figure class=\"wp-block-image size-full\"><a href=\"https:\/\/www.wasserwacht-toeging.de\/wp-content\/uploads\/2025\/06\/Schwarzenberg.jpg\"><img loading=\"lazy\" decoding=\"async\" width=\"1000\" height=\"666\" src=\"https:\/\/www.wasserwacht-toeging.de\/wp-content\/uploads\/2025\/06\/Schwarzenberg.jpg\" alt=\"\" class=\"wp-image-6464\" srcset=\"https:\/\/www.wasserwacht-toeging.de\/wp-content\/uploads\/2025\/06\/Schwarzenberg.jpg 1000w, https:\/\/www.wasserwacht-toeging.de\/wp-content\/uploads\/2025\/06\/Schwarzenberg-300x200.jpg 300w, https:\/\/www.wasserwacht-toeging.de\/wp-content\/uploads\/2025\/06\/Schwarzenberg-768x511.jpg 768w\" sizes=\"auto, (max-width: 1000px) 100vw, 1000px\" \/><\/a><\/figure>\n<\/div>\n\n\n\n<div class=\"wp-block-column is-layout-flow wp-block-column-is-layout-flow\">\n<p>Kurz nach der Wiedervereinigung der beiden deutschen Staaten bem\u00fchte sich die Wasserwacht Oberbayern um aktive Aufbauhilfe der neu gegr\u00fcndeten Wasserwacht-Gruppen im Freistaat Sachsen. Wasserwacht-Bezirksleiter Walter Riendl trat an die Wasserwacht T\u00f6ging-Winh\u00f6ring heran und bat um \u00dcbernahme einer Partnerschaft mit der Wasserwacht Schwarzenberg-Gr\u00fcnhain im Erzgebirge.<\/p>\n<\/div>\n<\/div>\n\n\n\n<p><\/p>\n\n\n\n<div class=\"wp-block-columns is-layout-flex wp-container-core-columns-is-layout-9d6595d7 wp-block-columns-is-layout-flex\">\n<div class=\"wp-block-column is-layout-flow wp-block-column-is-layout-flow\">\n<figure class=\"wp-block-image size-full\"><a href=\"https:\/\/www.wasserwacht-toeging.de\/wp-content\/uploads\/2015\/02\/schwarzenberg.jpg\"><img loading=\"lazy\" decoding=\"async\" width=\"600\" height=\"384\" src=\"https:\/\/www.wasserwacht-toeging.de\/wp-content\/uploads\/2015\/02\/schwarzenberg.jpg\" alt=\"\" class=\"wp-image-394\" srcset=\"https:\/\/www.wasserwacht-toeging.de\/wp-content\/uploads\/2015\/02\/schwarzenberg.jpg 600w, https:\/\/www.wasserwacht-toeging.de\/wp-content\/uploads\/2015\/02\/schwarzenberg-300x192.jpg 300w\" sizes=\"auto, (max-width: 600px) 100vw, 600px\" \/><\/a><\/figure>\n<\/div>\n\n\n\n<div class=\"wp-block-column is-layout-flow wp-block-column-is-layout-flow\">\n<p>Im Sommer 1992 kam erstmals eine Abordnung der s\u00e4chsischen Ortsgruppe zu einem Besuch nach T\u00f6ging, wo eine Partnerschaft beider Ortsgruppen vereinbart wurde. Treibende Kr\u00e4fte der ersten Jahre waren der T\u00f6ginger Ortsgruppenleiter Reinhard Wiedenmannott sowie die s\u00e4chsischen Kollegen Hans Schneider und Manfred Werner.<\/p>\n<\/div>\n<\/div>\n\n\n\n<p><\/p>\n\n\n\n<p>Standen zun\u00e4chst materielle Aufbauhilfen, wie die \u00dcbergabe eines gebrauchten Bootes im Vordergrund, entwickelte sich die Partnerschaft in den Folgejahren zu einem freundschaftlichen Miteinander beider Ortsgruppen. H\u00f6hepunkt des Jahres ist jeweils ein w\u00f6chentliches Jugend-Trainingslager, das abwechselnd in Bayern oder Sachsen stattfindet.<\/p>\n\n\n\n<p>Im Jahr 2007 wurde das 15-j\u00e4hrige Partnerschafts-Jubil\u00e4um ein Wochenende lang in T\u00f6ging gefeiert. Im Gegenzug besuchte 2012 unsere Ortsgruppe die s\u00e4chsischen Freunde zum 20-j\u00e4hrigen Jubil\u00e4um im Erzgebirge.<\/p>\n\n\n\n<p>In der Aufbauzeit Anfang der 90er Jahre wurden mehrere Partnerschaften zwischen bayerischen und s\u00e4chsischen Wasserwachten eingegangen. Soweit wir wissen, ist die Verbindung zwischen T\u00f6ging und Schwarzenberg jedoch die einzig noch aktiv existierende.<\/p>\n\n\n\n<p>Die Wasserwacht Schwarzenberg-Gr\u00fcnhain ist im Internet zu finden:<br><a href=\"https:\/\/www.drk-asz.com\/angebote\/engagement\/wasserwacht\/wasserwacht-drk-asz.html\">Wasserwacht Schwarzenberg-Gr\u00fcnhain<\/a><\/p>\n","protected":false},"excerpt":{"rendered":"<p>Kurz nach der Wiedervereinigung der beiden deutschen Staaten bem\u00fchte sich die Wasserwacht Oberbayern um aktive Aufbauhilfe der neu gegr\u00fcndeten Wasserwacht-Gruppen im Freistaat Sachsen. Wasserwacht-Bezirksleiter Walter Riendl trat an die Wasserwacht T\u00f6ging-Winh\u00f6ring heran und bat um \u00dcbernahme einer Partnerschaft mit der&#46;&#46;&#46;<\/p>\n","protected":false},"author":1,"featured_media":0,"parent":0,"menu_order":0,"comment_status":"closed","ping_status":"closed","template":"","meta":{"footnotes":""},"class_list":["post-122","page","type-page","status-publish","hentry"],"_links":{"self":[{"href":"https:\/\/www.wasserwacht-toeging.de\/index.php?rest_route=\/wp\/v2\/pages\/122","targetHints":{"allow":["GET"]}}],"collection":[{"href":"https:\/\/www.wasserwacht-toeging.de\/index.php?rest_route=\/wp\/v2\/pages"}],"about":[{"href":"https:\/\/www.wasserwacht-toeging.de\/index.php?rest_route=\/wp\/v2\/types\/page"}],"author":[{"embeddable":true,"href":"https:\/\/www.wasserwacht-toeging.de\/index.php?rest_route=\/wp\/v2\/users\/1"}],"replies":[{"embeddable":true,"href":"https:\/\/www.wasserwacht-toeging.de\/index.php?rest_route=%2Fwp%2Fv2%2Fcomments&post=122"}],"version-history":[{"count":8,"href":"https:\/\/www.wasserwacht-toeging.de\/index.php?rest_route=\/wp\/v2\/pages\/122\/revisions"}],"predecessor-version":[{"id":6469,"href":"https:\/\/www.wasserwacht-toeging.de\/index.php?rest_route=\/wp\/v2\/pages\/122\/revisions\/6469"}],"wp:attachment":[{"href":"https:\/\/www.wasserwacht-toeging.de\/index.php?rest_route=%2Fwp%2Fv2%2Fmedia&parent=122"}],"curies":[{"name":"wp","href":"https:\/\/api.w.org\/{rel}","templated":true}]}}