{"id":126,"date":"2015-02-02T16:31:00","date_gmt":"2015-02-02T16:31:00","guid":{"rendered":"http:\/\/neu.wasserwacht-toeging.de\/?page_id=126"},"modified":"2015-02-08T20:22:51","modified_gmt":"2015-02-08T20:22:51","slug":"links","status":"publish","type":"page","link":"https:\/\/www.wasserwacht-toeging.de\/?page_id=126","title":{"rendered":"Links"},"content":{"rendered":"<p><strong>Unser F\u00f6rderverein<\/strong><\/p>\n<ul>\n<li><a title=\"F\u00f6rderverein der Wasserwacht T\u00f6ging-Winh\u00f6ring e.V.\" href=\"http:\/\/www.foerderverein-wasserwacht.de\" target=\"_blank\">F\u00f6rderverein der Wasserwacht T\u00f6ging-Winh\u00f6ring e.V.<\/a><\/li>\n<\/ul>\n<p><strong>Unsere Partner-Ortsgruppe<\/strong><\/p>\n<ul>\n<li><a title=\"Wasserwacht Schwarzenberg-Gr\u00fcnhain\" href=\"http:\/\/www.wasserwacht-schwarzenberg.de\/\" target=\"_blank\">Wasserwacht Schwarzenberg-Gr\u00fcnhain<\/a><\/li>\n<\/ul>\n<p><strong>Links aus T\u00f6ging und Winh\u00f6ring<\/strong><\/p>\n<ul>\n<li><a href=\"http:\/\/www.toeging.de\" target=\"_blank\">Stadt T\u00f6ging a.Inn<\/a><\/li>\n<li><a href=\"http:\/\/www.winhoering.de\" target=\"_blank\">Gemeinde Winh\u00f6ring<\/a><\/li>\n<li><a href=\"http:\/\/www.hvotoeging.de\/\" target=\"_blank\">BRK-Helfer vor Ort T\u00f6ging a.Inn<\/a><\/li>\n<li><a href=\"http:\/\/feuerwehr-toeging.de\" target=\"_blank\">Freiwillige Feuerwehr T\u00f6ging a.Inn<\/a><\/li>\n<li><a href=\"http:\/\/www.feuerwehr-winhoering.de\/\" target=\"_blank\">Freiwillige Feuerwehr Winh\u00f6ring<\/a><\/li>\n<\/ul>\n<p><strong>Links zur Wasserwacht im Landkreis Alt\u00f6tting<\/strong><\/p>\n<ul>\n<li><a href=\"http:\/\/www.kreiswasserwacht-altoetting.de\" target=\"_blank\">Kreiswasserwacht Alt\u00f6tting<\/a><\/li>\n<li><a href=\"http:\/\/www.wasserwacht-altoetting.de\/\" target=\"_blank\">Wasserwacht Alt\u00f6tting-Neu\u00f6tting<\/a><\/li>\n<li><a href=\"http:\/\/www.wasserwacht-burghausen.de\/\" target=\"_blank\">Wasserwacht Burghausen<\/a><\/li>\n<li><a href=\"http:\/\/www.wasserwacht-burgkirchen.de\/\" target=\"_blank\">Wasserwacht Burgkirchen-Emmerting<\/a><\/li>\n<li><a href=\"https:\/\/www.wasserwacht.de\/orga\/short\/id\/565\/Garching+-Alz.html\" target=\"_blank\">Wasserwacht Garching<\/a><\/li>\n<li><a href=\"http:\/\/www.wasserwacht-marktl.de\/\" target=\"_blank\">Wasserwacht Marktl<\/a><\/li>\n<li><a href=\"http:\/\/www.wasserwacht-perach.de\/\" target=\"_blank\">Wasserwacht Perach<\/a><\/li>\n<li><a href=\"http:\/\/www.brk-reischach.de\/\" target=\"_blank\">Wasserwacht Reischach<\/a><\/li>\n<\/ul>\n<p><strong>Links zur Wasserwacht im Landkreis M\u00fchldorf<\/strong><\/p>\n<ul>\n<li><a href=\"https:\/\/www.wasserwacht.de\/orga\/short\/id\/39\/M%C3%BChldorf+-+Inn.html\" target=\"_blank\">Kreiswasserwacht M\u00fchldorf<\/a><\/li>\n<li><a href=\"https:\/\/www.wasserwacht.de\/orga\/detail\/id\/648\/\" target=\"_blank\">Wasserwacht Haag<\/a><\/li>\n<li><a href=\"https:\/\/www.wasserwacht.de\/orga\/detail\/id\/649\/\" target=\"_blank\">Wasserwacht Kraiburg<\/a><\/li>\n<li><a href=\"https:\/\/www.wasserwacht.de\/orga\/short\/id\/650\/M%C3%BChldorf.html\" target=\"_blank\">Wasserwacht M\u00fchldorf<\/a><\/li>\n<li><a href=\"http:\/\/www.wasserwacht-nsv.de\/\" target=\"_blank\">Wasserwacht Neumarkt St. Veit<\/a><\/li>\n<li><a href=\"https:\/\/www.wasserwacht.de\/orga\/short\/id\/652\/Waldkraiburg.html\" target=\"_blank\">Wasserwacht Waldkraiburg<\/a><\/li>\n<\/ul>\n<p><strong>Links zum BRK im Landkreis Alt\u00f6tting<\/strong><\/p>\n<ul>\n<li><a href=\"http:\/\/www.kvaltoetting.brk.de\/startseite.html\" target=\"_blank\">BRK-Kreisverband Alt\u00f6tting<\/a><\/li>\n<\/ul>\n<p><strong>Weitere Links<\/strong><\/p>\n<ul>\n<li><a href=\"http:\/\/www.ils-traunstein.de\" target=\"_blank\">Integrierte Leitstelle Traunstein<\/a><\/li>\n<\/ul>\n","protected":false},"excerpt":{"rendered":"<p>Unser F\u00f6rderverein F\u00f6rderverein der Wasserwacht T\u00f6ging-Winh\u00f6ring e.V. Unsere Partner-Ortsgruppe Wasserwacht Schwarzenberg-Gr\u00fcnhain Links aus T\u00f6ging und Winh\u00f6ring Stadt T\u00f6ging a.Inn Gemeinde Winh\u00f6ring BRK-Helfer vor Ort T\u00f6ging a.Inn Freiwillige Feuerwehr T\u00f6ging a.Inn Freiwillige Feuerwehr Winh\u00f6ring Links zur Wasserwacht im Landkreis Alt\u00f6tting Kreiswasserwacht&#46;&#46;&#46;<\/p>\n","protected":false},"author":1,"featured_media":0,"parent":0,"menu_order":0,"comment_status":"closed","ping_status":"closed","template":"","meta":{"footnotes":""},"class_list":["post-126","page","type-page","status-publish","hentry"],"_links":{"self":[{"href":"https:\/\/www.wasserwacht-toeging.de\/index.php?rest_route=\/wp\/v2\/pages\/126","targetHints":{"allow":["GET"]}}],"collection":[{"href":"https:\/\/www.wasserwacht-toeging.de\/index.php?rest_route=\/wp\/v2\/pages"}],"about":[{"href":"https:\/\/www.wasserwacht-toeging.de\/index.php?rest_route=\/wp\/v2\/types\/page"}],"author":[{"embeddable":true,"href":"https:\/\/www.wasserwacht-toeging.de\/index.php?rest_route=\/wp\/v2\/users\/1"}],"replies":[{"embeddable":true,"href":"https:\/\/www.wasserwacht-toeging.de\/index.php?rest_route=%2Fwp%2Fv2%2Fcomments&post=126"}],"version-history":[{"count":5,"href":"https:\/\/www.wasserwacht-toeging.de\/index.php?rest_route=\/wp\/v2\/pages\/126\/revisions"}],"predecessor-version":[{"id":354,"href":"https:\/\/www.wasserwacht-toeging.de\/index.php?rest_route=\/wp\/v2\/pages\/126\/revisions\/354"}],"wp:attachment":[{"href":"https:\/\/www.wasserwacht-toeging.de\/index.php?rest_route=%2Fwp%2Fv2%2Fmedia&parent=126"}],"curies":[{"name":"wp","href":"https:\/\/api.w.org\/{rel}","templated":true}]}}