{"id":1433,"date":"2015-08-10T08:01:01","date_gmt":"2015-08-10T08:01:01","guid":{"rendered":"http:\/\/neu.wasserwacht-toeging.de\/?page_id=1433"},"modified":"2015-09-04T13:55:10","modified_gmt":"2015-09-04T13:55:10","slug":"einsatz-343-2015","status":"publish","type":"page","link":"https:\/\/www.wasserwacht-toeging.de\/?page_id=1433","title":{"rendered":"Einsatz 351 2015"},"content":{"rendered":"<div class=\"entry-content cf\">\n<p><strong>Datum:<\/strong> 08.08.2015<br \/>\n<strong>Einsatzbeginn:<\/strong> 13:07 Uhr<br \/>\n<strong>Einsatzart: <\/strong><span style=\"text-decoration: underline;\">Notfalleinsatz Freibad<\/span><br \/>\n<strong>Einsatzort:<\/strong> <span style=\"text-decoration: underline;\">Freibad Hubm\u00fchle<\/span> in T\u00f6ging<br \/>\n<strong>Einsatzstichwort:<\/strong> <span style=\"text-decoration: underline;\">Chirurgischer Notfall<br \/>\n<\/span><\/p>\n<hr \/>\n<p><strong>Einsatzkr\u00e4fte:<\/strong> 3<br \/>\n<strong>Eingesetzte Fahrzeuge:<\/strong> &#8212;<\/p>\n<p><strong>Weitere Einsatzkr\u00e4fte:<br \/>\n<\/strong>RTW M\u00fchldorf<\/p>\n<hr \/>\n<p><strong>Bericht:<\/strong><br \/>\nAm Sprungturm kam es zu einem Unfall beim Springen. Der Patient wurde am Unfallort erstversorgt und anschlie\u00dfend zur Wachstation transportiert. Dort erfolgte die \u00dcbergabe an den Rettungsdienst.<\/p>\n<\/div>\n","protected":false},"excerpt":{"rendered":"<p>Datum: 08.08.2015 Einsatzbeginn: 13:07 Uhr Einsatzart: Notfalleinsatz Freibad Einsatzort: Freibad Hubm\u00fchle in T\u00f6ging Einsatzstichwort: Chirurgischer Notfall Einsatzkr\u00e4fte: 3 Eingesetzte Fahrzeuge: &#8212; Weitere Einsatzkr\u00e4fte: RTW M\u00fchldorf Bericht: Am Sprungturm kam es zu einem Unfall beim Springen. Der Patient wurde am Unfallort&#46;&#46;&#46;<\/p>\n","protected":false},"author":1,"featured_media":0,"parent":0,"menu_order":0,"comment_status":"closed","ping_status":"closed","template":"","meta":{"footnotes":""},"class_list":["post-1433","page","type-page","status-publish","hentry"],"_links":{"self":[{"href":"https:\/\/www.wasserwacht-toeging.de\/index.php?rest_route=\/wp\/v2\/pages\/1433","targetHints":{"allow":["GET"]}}],"collection":[{"href":"https:\/\/www.wasserwacht-toeging.de\/index.php?rest_route=\/wp\/v2\/pages"}],"about":[{"href":"https:\/\/www.wasserwacht-toeging.de\/index.php?rest_route=\/wp\/v2\/types\/page"}],"author":[{"embeddable":true,"href":"https:\/\/www.wasserwacht-toeging.de\/index.php?rest_route=\/wp\/v2\/users\/1"}],"replies":[{"embeddable":true,"href":"https:\/\/www.wasserwacht-toeging.de\/index.php?rest_route=%2Fwp%2Fv2%2Fcomments&post=1433"}],"version-history":[{"count":2,"href":"https:\/\/www.wasserwacht-toeging.de\/index.php?rest_route=\/wp\/v2\/pages\/1433\/revisions"}],"predecessor-version":[{"id":1591,"href":"https:\/\/www.wasserwacht-toeging.de\/index.php?rest_route=\/wp\/v2\/pages\/1433\/revisions\/1591"}],"wp:attachment":[{"href":"https:\/\/www.wasserwacht-toeging.de\/index.php?rest_route=%2Fwp%2Fv2%2Fmedia&parent=1433"}],"curies":[{"name":"wp","href":"https:\/\/api.w.org\/{rel}","templated":true}]}}