{"id":150,"date":"2015-02-02T16:52:47","date_gmt":"2015-02-02T16:52:47","guid":{"rendered":"http:\/\/neu.wasserwacht-toeging.de\/?page_id=150"},"modified":"2015-02-06T14:38:20","modified_gmt":"2015-02-06T14:38:20","slug":"notruf","status":"publish","type":"page","link":"https:\/\/www.wasserwacht-toeging.de\/?page_id=150","title":{"rendered":"NOTRUF"},"content":{"rendered":"<p><strong>Menschen &#8211; Tiere &#8211; G\u00fcter in Wassergefahr?<\/strong><br \/>\n<strong>Z\u00f6gern Sie nicht! Bei einem Notfall im Wasser z\u00e4hlt jede Sekunde!<\/strong><\/p>\n<h1><strong>NOTRUF 112<\/strong><\/h1>\n<p><strong>Die Wasserrettung ist rund um die Uhr, 365 Tage im Jahr einsatzbereit.<\/strong><\/p>\n<p>&nbsp;<\/p>\n<p>Hier k\u00f6nnen Sie die Notfalltafeln der Integrierten Leitstelle Traunstein herunterladen:<\/p>\n<p><img loading=\"lazy\" decoding=\"async\" class=\"alignleft size-medium wp-image-247\" src=\"http:\/\/neu.wasserwacht-toeging.de\/wp-content\/uploads\/2015\/02\/Notfalltafel-206x300.jpg\" alt=\"Notfalltafel\" width=\"206\" height=\"300\" srcset=\"https:\/\/www.wasserwacht-toeging.de\/wp-content\/uploads\/2015\/02\/Notfalltafel-206x300.jpg 206w, https:\/\/www.wasserwacht-toeging.de\/wp-content\/uploads\/2015\/02\/Notfalltafel.jpg 367w\" sizes=\"auto, (max-width: 206px) 100vw, 206px\" \/><\/p>\n<p><a href=\"http:\/\/neu.wasserwacht-toeging.de\/wp-content\/uploads\/2015\/02\/Notfalltafel_deutsch.pdf\">Notfalltafel in deutscher Sprache<\/a><\/p>\n<p><a href=\"http:\/\/neu.wasserwacht-toeging.de\/wp-content\/uploads\/2015\/02\/Notfalltafel_t\u00fcrkisch.pdf\">Notfalltafel in t\u00fcrkischer Sprache<\/a><\/p>\n<p><a href=\"http:\/\/neu.wasserwacht-toeging.de\/wp-content\/uploads\/2015\/02\/Notfalltafel_russisch.pdf\">Notfalltafel in russischer Sprache<\/a><\/p>\n","protected":false},"excerpt":{"rendered":"<p>Menschen &#8211; Tiere &#8211; G\u00fcter in Wassergefahr? Z\u00f6gern Sie nicht! Bei einem Notfall im Wasser z\u00e4hlt jede Sekunde! NOTRUF 112 Die Wasserrettung ist rund um die Uhr, 365 Tage im Jahr einsatzbereit. &nbsp; Hier k\u00f6nnen Sie die Notfalltafeln der Integrierten&#46;&#46;&#46;<\/p>\n","protected":false},"author":1,"featured_media":0,"parent":0,"menu_order":0,"comment_status":"closed","ping_status":"closed","template":"","meta":{"footnotes":""},"class_list":["post-150","page","type-page","status-publish","hentry"],"_links":{"self":[{"href":"https:\/\/www.wasserwacht-toeging.de\/index.php?rest_route=\/wp\/v2\/pages\/150","targetHints":{"allow":["GET"]}}],"collection":[{"href":"https:\/\/www.wasserwacht-toeging.de\/index.php?rest_route=\/wp\/v2\/pages"}],"about":[{"href":"https:\/\/www.wasserwacht-toeging.de\/index.php?rest_route=\/wp\/v2\/types\/page"}],"author":[{"embeddable":true,"href":"https:\/\/www.wasserwacht-toeging.de\/index.php?rest_route=\/wp\/v2\/users\/1"}],"replies":[{"embeddable":true,"href":"https:\/\/www.wasserwacht-toeging.de\/index.php?rest_route=%2Fwp%2Fv2%2Fcomments&post=150"}],"version-history":[{"count":6,"href":"https:\/\/www.wasserwacht-toeging.de\/index.php?rest_route=\/wp\/v2\/pages\/150\/revisions"}],"predecessor-version":[{"id":253,"href":"https:\/\/www.wasserwacht-toeging.de\/index.php?rest_route=\/wp\/v2\/pages\/150\/revisions\/253"}],"wp:attachment":[{"href":"https:\/\/www.wasserwacht-toeging.de\/index.php?rest_route=%2Fwp%2Fv2%2Fmedia&parent=150"}],"curies":[{"name":"wp","href":"https:\/\/api.w.org\/{rel}","templated":true}]}}