{"id":1534,"date":"2015-08-30T09:29:30","date_gmt":"2015-08-30T09:29:30","guid":{"rendered":"http:\/\/neu.wasserwacht-toeging.de\/?page_id=1534"},"modified":"2015-09-04T13:54:29","modified_gmt":"2015-09-04T13:54:29","slug":"einsatz-353-2015","status":"publish","type":"page","link":"https:\/\/www.wasserwacht-toeging.de\/?page_id=1534","title":{"rendered":"Einsatz 355 2015"},"content":{"rendered":"<div class=\"entry-content cf\">\n<div class=\"entry-content cf\">\n<p><strong>Datum:<\/strong> 17.08.2015<br \/>\n<strong>Einsatzbeginn:<\/strong> 17:30 Uhr<br \/>\n<strong>Einsatzart: <\/strong>Taucheinsatz<br \/>\n<strong>Einsatzort:<\/strong> Freibad Hubm\u00fchle in T\u00f6ging<br \/>\n<strong>Einsatzstichwort:<\/strong> Arbeitseinsatz<\/p>\n<hr \/>\n<p><strong>Einsatzkr\u00e4fte:<\/strong> 6<br \/>\n<strong>Eingesetzte Fahrzeuge:<\/strong><br \/>\nGW-Wasserrettung 91\/2<br \/>\nGer\u00e4teanh\u00e4nger<\/p>\n<p><strong>Weitere Einsatzkr\u00e4fte: &#8212;<\/strong><\/p>\n<hr \/>\n<p><strong>Bericht:<\/strong><br \/>\nDer Schwimmmeister des Freibades Hubm\u00fchle in T\u00f6ging bat die Wasserwacht um Unterst\u00fctzung bei der Entfernung hartn\u00e4ckiger Algenverschmutzungen in den Sport- und Sprungbecken. Diese konnten auf konventionelle Weise nicht beseitigt werden.<br \/>\nZwei Rettungstaucher machten sich ausger\u00fcstet mit Schrubbern und einem Hochdruckreinigungsger\u00e4t<span id=\"more-1518\"><\/span> an die Arbeit unter Wasser. In einer zweist\u00fcndigen Aktion wurden die Beckenw\u00e4nde wieder auf Hochglanz gebracht.<\/p>\n<hr \/>\n<p><strong>Fotos:<\/strong><\/p>\n<p><a href=\"http:\/\/neu.wasserwacht-toeging.de\/wp-content\/uploads\/2015\/08\/150817_TauchenBad_01.jpg\"><img loading=\"lazy\" decoding=\"async\" class=\"alignleft size-medium wp-image-1520\" src=\"http:\/\/neu.wasserwacht-toeging.de\/wp-content\/uploads\/2015\/08\/150817_TauchenBad_01-300x200.jpg\" alt=\"150817_TauchenBad_01\" width=\"300\" height=\"200\" srcset=\"https:\/\/www.wasserwacht-toeging.de\/wp-content\/uploads\/2015\/08\/150817_TauchenBad_01-300x200.jpg 300w, https:\/\/www.wasserwacht-toeging.de\/wp-content\/uploads\/2015\/08\/150817_TauchenBad_01.jpg 1000w\" sizes=\"auto, (max-width: 300px) 100vw, 300px\" \/><\/a> <a href=\"http:\/\/neu.wasserwacht-toeging.de\/wp-content\/uploads\/2015\/08\/150817_TauchenBad_02.jpg\"><img loading=\"lazy\" decoding=\"async\" class=\"alignleft size-medium wp-image-1521\" src=\"http:\/\/neu.wasserwacht-toeging.de\/wp-content\/uploads\/2015\/08\/150817_TauchenBad_02-300x200.jpg\" alt=\"150817_TauchenBad_02\" width=\"300\" height=\"200\" srcset=\"https:\/\/www.wasserwacht-toeging.de\/wp-content\/uploads\/2015\/08\/150817_TauchenBad_02-300x200.jpg 300w, https:\/\/www.wasserwacht-toeging.de\/wp-content\/uploads\/2015\/08\/150817_TauchenBad_02.jpg 1000w\" sizes=\"auto, (max-width: 300px) 100vw, 300px\" \/><\/a> <a href=\"http:\/\/neu.wasserwacht-toeging.de\/wp-content\/uploads\/2015\/08\/150817_TauchenBad_07.jpg\"><img loading=\"lazy\" decoding=\"async\" class=\"alignleft size-medium wp-image-1525\" src=\"http:\/\/neu.wasserwacht-toeging.de\/wp-content\/uploads\/2015\/08\/150817_TauchenBad_07-300x200.jpg\" alt=\"150817_TauchenBad_07\" width=\"300\" height=\"200\" srcset=\"https:\/\/www.wasserwacht-toeging.de\/wp-content\/uploads\/2015\/08\/150817_TauchenBad_07-300x200.jpg 300w, https:\/\/www.wasserwacht-toeging.de\/wp-content\/uploads\/2015\/08\/150817_TauchenBad_07.jpg 1000w\" sizes=\"auto, (max-width: 300px) 100vw, 300px\" \/><\/a> <a href=\"http:\/\/neu.wasserwacht-toeging.de\/wp-content\/uploads\/2015\/08\/150817_TauchenBad_04.jpg\"><img loading=\"lazy\" decoding=\"async\" class=\"alignleft size-medium wp-image-1523\" src=\"http:\/\/neu.wasserwacht-toeging.de\/wp-content\/uploads\/2015\/08\/150817_TauchenBad_04-300x200.jpg\" alt=\"150817_TauchenBad_04\" width=\"300\" height=\"200\" srcset=\"https:\/\/www.wasserwacht-toeging.de\/wp-content\/uploads\/2015\/08\/150817_TauchenBad_04-300x200.jpg 300w, https:\/\/www.wasserwacht-toeging.de\/wp-content\/uploads\/2015\/08\/150817_TauchenBad_04.jpg 1000w\" sizes=\"auto, (max-width: 300px) 100vw, 300px\" \/><\/a> <a href=\"http:\/\/neu.wasserwacht-toeging.de\/wp-content\/uploads\/2015\/08\/150817_TauchenBad_03.jpg\"><img loading=\"lazy\" decoding=\"async\" class=\"alignleft size-medium wp-image-1522\" src=\"http:\/\/neu.wasserwacht-toeging.de\/wp-content\/uploads\/2015\/08\/150817_TauchenBad_03-300x200.jpg\" alt=\"150817_TauchenBad_03\" width=\"300\" height=\"200\" srcset=\"https:\/\/www.wasserwacht-toeging.de\/wp-content\/uploads\/2015\/08\/150817_TauchenBad_03-300x200.jpg 300w, https:\/\/www.wasserwacht-toeging.de\/wp-content\/uploads\/2015\/08\/150817_TauchenBad_03.jpg 1000w\" sizes=\"auto, (max-width: 300px) 100vw, 300px\" \/><\/a> <a href=\"http:\/\/neu.wasserwacht-toeging.de\/wp-content\/uploads\/2015\/08\/150817_TauchenBad_05.jpg\"><img loading=\"lazy\" decoding=\"async\" class=\"alignleft size-medium wp-image-1519\" src=\"http:\/\/neu.wasserwacht-toeging.de\/wp-content\/uploads\/2015\/08\/150817_TauchenBad_05-300x200.jpg\" alt=\"150817_TauchenBad_05\" width=\"300\" height=\"200\" srcset=\"https:\/\/www.wasserwacht-toeging.de\/wp-content\/uploads\/2015\/08\/150817_TauchenBad_05-300x200.jpg 300w, https:\/\/www.wasserwacht-toeging.de\/wp-content\/uploads\/2015\/08\/150817_TauchenBad_05.jpg 1000w\" sizes=\"auto, (max-width: 300px) 100vw, 300px\" \/><\/a> <a href=\"http:\/\/neu.wasserwacht-toeging.de\/wp-content\/uploads\/2015\/08\/150817_TauchenBad_06.jpg\"><img loading=\"lazy\" decoding=\"async\" class=\"alignleft size-medium wp-image-1524\" src=\"http:\/\/neu.wasserwacht-toeging.de\/wp-content\/uploads\/2015\/08\/150817_TauchenBad_06-300x200.jpg\" alt=\"150817_TauchenBad_06\" width=\"300\" height=\"200\" srcset=\"https:\/\/www.wasserwacht-toeging.de\/wp-content\/uploads\/2015\/08\/150817_TauchenBad_06-300x200.jpg 300w, https:\/\/www.wasserwacht-toeging.de\/wp-content\/uploads\/2015\/08\/150817_TauchenBad_06.jpg 1000w\" sizes=\"auto, (max-width: 300px) 100vw, 300px\" \/><\/a> <a href=\"http:\/\/neu.wasserwacht-toeging.de\/wp-content\/uploads\/2015\/08\/150817_TauchenBad_08.jpg\"><img loading=\"lazy\" decoding=\"async\" class=\"alignleft size-medium wp-image-1526\" src=\"http:\/\/neu.wasserwacht-toeging.de\/wp-content\/uploads\/2015\/08\/150817_TauchenBad_08-300x200.jpg\" alt=\"150817_TauchenBad_08\" width=\"300\" height=\"200\" srcset=\"https:\/\/www.wasserwacht-toeging.de\/wp-content\/uploads\/2015\/08\/150817_TauchenBad_08-300x200.jpg 300w, https:\/\/www.wasserwacht-toeging.de\/wp-content\/uploads\/2015\/08\/150817_TauchenBad_08.jpg 1000w\" sizes=\"auto, (max-width: 300px) 100vw, 300px\" \/><\/a><\/p>\n<\/div>\n<\/div>\n","protected":false},"excerpt":{"rendered":"<p>Datum: 17.08.2015 Einsatzbeginn: 17:30 Uhr Einsatzart: Taucheinsatz Einsatzort: Freibad Hubm\u00fchle in T\u00f6ging Einsatzstichwort: Arbeitseinsatz Einsatzkr\u00e4fte: 6 Eingesetzte Fahrzeuge: GW-Wasserrettung 91\/2 Ger\u00e4teanh\u00e4nger Weitere Einsatzkr\u00e4fte: &#8212; Bericht: Der Schwimmmeister des Freibades Hubm\u00fchle in T\u00f6ging bat die Wasserwacht um Unterst\u00fctzung bei der Entfernung&#46;&#46;&#46;<\/p>\n","protected":false},"author":1,"featured_media":0,"parent":0,"menu_order":0,"comment_status":"closed","ping_status":"closed","template":"","meta":{"footnotes":""},"class_list":["post-1534","page","type-page","status-publish","hentry"],"_links":{"self":[{"href":"https:\/\/www.wasserwacht-toeging.de\/index.php?rest_route=\/wp\/v2\/pages\/1534","targetHints":{"allow":["GET"]}}],"collection":[{"href":"https:\/\/www.wasserwacht-toeging.de\/index.php?rest_route=\/wp\/v2\/pages"}],"about":[{"href":"https:\/\/www.wasserwacht-toeging.de\/index.php?rest_route=\/wp\/v2\/types\/page"}],"author":[{"embeddable":true,"href":"https:\/\/www.wasserwacht-toeging.de\/index.php?rest_route=\/wp\/v2\/users\/1"}],"replies":[{"embeddable":true,"href":"https:\/\/www.wasserwacht-toeging.de\/index.php?rest_route=%2Fwp%2Fv2%2Fcomments&post=1534"}],"version-history":[{"count":2,"href":"https:\/\/www.wasserwacht-toeging.de\/index.php?rest_route=\/wp\/v2\/pages\/1534\/revisions"}],"predecessor-version":[{"id":1590,"href":"https:\/\/www.wasserwacht-toeging.de\/index.php?rest_route=\/wp\/v2\/pages\/1534\/revisions\/1590"}],"wp:attachment":[{"href":"https:\/\/www.wasserwacht-toeging.de\/index.php?rest_route=%2Fwp%2Fv2%2Fmedia&parent=1534"}],"curies":[{"name":"wp","href":"https:\/\/api.w.org\/{rel}","templated":true}]}}