{"id":1593,"date":"2015-09-04T14:00:59","date_gmt":"2015-09-04T14:00:59","guid":{"rendered":"http:\/\/neu.wasserwacht-toeging.de\/?page_id=1593"},"modified":"2015-09-04T14:00:59","modified_gmt":"2015-09-04T14:00:59","slug":"einsatz-349-2015","status":"publish","type":"page","link":"https:\/\/www.wasserwacht-toeging.de\/?page_id=1593","title":{"rendered":"Einsatz 349 2015"},"content":{"rendered":"<div class=\"entry-content cf\">\n<div class=\"entry-content cf\">\n<p><strong>Datum:<\/strong> 06.08.2015<br \/>\n<strong>Einsatzbeginn:<\/strong> 13:00 Uhr<br \/>\n<strong>Einsatzart: <\/strong>SEG-Einsatz<br \/>\n<strong>Einsatzort:<\/strong> Innkanal in T\u00f6ging<br \/>\n<strong>Einsatzstichwort:<\/strong> Tierrettung<\/p>\n<hr \/>\n<p><strong>Einsatzkr\u00e4fte:<\/strong> 4<br \/>\n<strong>Eingesetzte Fahrzeuge:<\/strong><br \/>\nKommandowagen 10\/1<\/p>\n<p><strong>Weitere Einsatzkr\u00e4fte:<br \/>\n<\/strong>Feuerwehr T\u00f6ging a.Inn<br \/>\nFeuerwehr Neu\u00f6tting<\/p>\n<hr \/>\n<p><strong>Bericht:<\/strong><br \/>\nEin war Reh st\u00fcrzte in den Innkanal und konnte sich zun\u00e4chst nicht mehr befreien. Ein Ausr\u00fccken der Wasserwacht war schlie\u00dflich nicht mehr notwendig, weil es dem Tier doch gelang, alleine das Gew\u00e4sser wieder zu verlassen.<\/p>\n<\/div>\n<\/div>\n","protected":false},"excerpt":{"rendered":"<p>Datum: 06.08.2015 Einsatzbeginn: 13:00 Uhr Einsatzart: SEG-Einsatz Einsatzort: Innkanal in T\u00f6ging Einsatzstichwort: Tierrettung Einsatzkr\u00e4fte: 4 Eingesetzte Fahrzeuge: Kommandowagen 10\/1 Weitere Einsatzkr\u00e4fte: Feuerwehr T\u00f6ging a.Inn Feuerwehr Neu\u00f6tting Bericht: Ein war Reh st\u00fcrzte in den Innkanal und konnte sich zun\u00e4chst nicht mehr&#46;&#46;&#46;<\/p>\n","protected":false},"author":1,"featured_media":0,"parent":0,"menu_order":0,"comment_status":"closed","ping_status":"closed","template":"","meta":{"footnotes":""},"class_list":["post-1593","page","type-page","status-publish","hentry"],"_links":{"self":[{"href":"https:\/\/www.wasserwacht-toeging.de\/index.php?rest_route=\/wp\/v2\/pages\/1593","targetHints":{"allow":["GET"]}}],"collection":[{"href":"https:\/\/www.wasserwacht-toeging.de\/index.php?rest_route=\/wp\/v2\/pages"}],"about":[{"href":"https:\/\/www.wasserwacht-toeging.de\/index.php?rest_route=\/wp\/v2\/types\/page"}],"author":[{"embeddable":true,"href":"https:\/\/www.wasserwacht-toeging.de\/index.php?rest_route=\/wp\/v2\/users\/1"}],"replies":[{"embeddable":true,"href":"https:\/\/www.wasserwacht-toeging.de\/index.php?rest_route=%2Fwp%2Fv2%2Fcomments&post=1593"}],"version-history":[{"count":1,"href":"https:\/\/www.wasserwacht-toeging.de\/index.php?rest_route=\/wp\/v2\/pages\/1593\/revisions"}],"predecessor-version":[{"id":1594,"href":"https:\/\/www.wasserwacht-toeging.de\/index.php?rest_route=\/wp\/v2\/pages\/1593\/revisions\/1594"}],"wp:attachment":[{"href":"https:\/\/www.wasserwacht-toeging.de\/index.php?rest_route=%2Fwp%2Fv2%2Fmedia&parent=1593"}],"curies":[{"name":"wp","href":"https:\/\/api.w.org\/{rel}","templated":true}]}}