{"id":1596,"date":"2015-09-04T14:06:44","date_gmt":"2015-09-04T14:06:44","guid":{"rendered":"http:\/\/neu.wasserwacht-toeging.de\/?page_id=1596"},"modified":"2015-09-04T14:07:11","modified_gmt":"2015-09-04T14:07:11","slug":"einsatz-352-2015","status":"publish","type":"page","link":"https:\/\/www.wasserwacht-toeging.de\/?page_id=1596","title":{"rendered":"Einsatz 352 2015"},"content":{"rendered":"<div class=\"entry-content cf\">\n<div class=\"entry-content cf\">\n<p><strong>Datum:<\/strong> 11.08.2015<br \/>\n<strong>Einsatzbeginn:<\/strong> 21:32 Uhr<br \/>\n<strong>Einsatzart: <\/strong>SEG-Einsatz<br \/>\n<strong>Einsatzort:<\/strong> Innkanal in T\u00f6ging<br \/>\n<strong>Einsatzstichwort:<\/strong> Suizidandrohung<\/p>\n<hr \/>\n<p><strong>Einsatzkr\u00e4fte:<\/strong> 11<br \/>\n<strong>Eingesetzte Fahrzeuge:<\/strong><br \/>\nKommandowagen 10\/1<br \/>\nGer\u00e4tewagen-Boot 91\/1<br \/>\nGer\u00e4tewagen-Wasserrettung 91\/2<br \/>\nMotorrettungsboot 99\/1<br \/>\nMotorrettungsboot 99\/2<\/p>\n<p><strong>Weitere Einsatzkr\u00e4fte:<br \/>\n<\/strong>KIT Alt\u00f6tting<\/p>\n<p>Feuerwehr T\u00f6ging a.Inn<\/p>\n<p>Polizei Alt\u00f6tting<\/p>\n<hr \/>\n<p><strong>Bericht:<\/strong><br \/>\nDie Wasserwacht wurde alarmiert, nachdem der begr\u00fcndete Verdacht entstanden war, eine Frau k\u00f6nnte sich in selbstm\u00f6rderischer Absicht in den Innkanal begeben haben.<br \/>\nDer Einsatz wurde nach kurzer Zeit abgebrochen. Die Frau war zuvor wohlbehalten von einer Polizeistreife im Stadtgebiet T\u00f6ging aufgegriffen worden.<\/p>\n<\/div>\n<\/div>\n","protected":false},"excerpt":{"rendered":"<p>Datum: 11.08.2015 Einsatzbeginn: 21:32 Uhr Einsatzart: SEG-Einsatz Einsatzort: Innkanal in T\u00f6ging Einsatzstichwort: Suizidandrohung Einsatzkr\u00e4fte: 11 Eingesetzte Fahrzeuge: Kommandowagen 10\/1 Ger\u00e4tewagen-Boot 91\/1 Ger\u00e4tewagen-Wasserrettung 91\/2 Motorrettungsboot 99\/1 Motorrettungsboot 99\/2 Weitere Einsatzkr\u00e4fte: KIT Alt\u00f6tting Feuerwehr T\u00f6ging a.Inn Polizei Alt\u00f6tting Bericht: Die Wasserwacht wurde&#46;&#46;&#46;<\/p>\n","protected":false},"author":1,"featured_media":0,"parent":0,"menu_order":0,"comment_status":"closed","ping_status":"closed","template":"","meta":{"footnotes":""},"class_list":["post-1596","page","type-page","status-publish","hentry"],"_links":{"self":[{"href":"https:\/\/www.wasserwacht-toeging.de\/index.php?rest_route=\/wp\/v2\/pages\/1596","targetHints":{"allow":["GET"]}}],"collection":[{"href":"https:\/\/www.wasserwacht-toeging.de\/index.php?rest_route=\/wp\/v2\/pages"}],"about":[{"href":"https:\/\/www.wasserwacht-toeging.de\/index.php?rest_route=\/wp\/v2\/types\/page"}],"author":[{"embeddable":true,"href":"https:\/\/www.wasserwacht-toeging.de\/index.php?rest_route=\/wp\/v2\/users\/1"}],"replies":[{"embeddable":true,"href":"https:\/\/www.wasserwacht-toeging.de\/index.php?rest_route=%2Fwp%2Fv2%2Fcomments&post=1596"}],"version-history":[{"count":2,"href":"https:\/\/www.wasserwacht-toeging.de\/index.php?rest_route=\/wp\/v2\/pages\/1596\/revisions"}],"predecessor-version":[{"id":1598,"href":"https:\/\/www.wasserwacht-toeging.de\/index.php?rest_route=\/wp\/v2\/pages\/1596\/revisions\/1598"}],"wp:attachment":[{"href":"https:\/\/www.wasserwacht-toeging.de\/index.php?rest_route=%2Fwp%2Fv2%2Fmedia&parent=1596"}],"curies":[{"name":"wp","href":"https:\/\/api.w.org\/{rel}","templated":true}]}}