{"id":1881,"date":"2016-01-31T08:37:06","date_gmt":"2016-01-31T08:37:06","guid":{"rendered":"http:\/\/neu.wasserwacht-toeging.de\/?page_id=1881"},"modified":"2016-10-30T07:50:18","modified_gmt":"2016-10-30T07:50:18","slug":"einsaetze-2016","status":"publish","type":"page","link":"https:\/\/www.wasserwacht-toeging.de\/?page_id=1881","title":{"rendered":"Eins\u00e4tze 2016"},"content":{"rendered":"<table>\n<tbody>\n<tr>\n<td colspan=\"7\"><strong>Oktober 2016<br \/>\n<\/strong><\/td>\n<\/tr>\n<tr>\n<td>353<\/td>\n<td>29.10.2016<\/td>\n<td style=\"background-color: #f70707;\"><span style=\"color: #ffffff;\"><strong>SEG-Einsatz<\/strong><\/span><\/td>\n<td>Inn<\/td>\n<td>M\u00fchldorf<\/td>\n<td>Verletzte Person<\/td>\n<td><\/td>\n<\/tr>\n<tr>\n<td>352<\/td>\n<td>28.10.2016<\/td>\n<td style=\"background-color: #f70707;\"><span style=\"color: #ffffff;\"><strong>SEG-Einsatz<\/strong><\/span><\/td>\n<td>Innkanal<\/td>\n<td>T\u00f6ging<\/td>\n<td>\u00d6lsperre entfernen<\/td>\n<td><\/td>\n<\/tr>\n<tr>\n<td>351<\/td>\n<td>22.10.2016<\/td>\n<td style=\"background-color: #f70707;\"><span style=\"color: #ffffff;\"><strong>SEG-Einsatz<\/strong><\/span><\/td>\n<td>Innkanal<\/td>\n<td>T\u00f6ging<\/td>\n<td>Wartung der \u00d6lsperre<\/td>\n<td><\/td>\n<\/tr>\n<tr>\n<td>350<\/td>\n<td>15.10.2016<\/td>\n<td style=\"background-color: #f70707;\"><span style=\"color: #ffffff;\"><strong>SEG-Einsatz<\/strong><\/span><\/td>\n<td>Innkanal<\/td>\n<td>T\u00f6ging<\/td>\n<td>\u00d6lsperre errichten<\/td>\n<td><\/td>\n<\/tr>\n<tr>\n<td>349<\/td>\n<td>14.10.2016<\/td>\n<td style=\"background-color: #f70707;\"><span style=\"color: #ffffff;\"><strong>SEG-Einsatz<\/strong><\/span><\/td>\n<td>Innkanal<\/td>\n<td>T\u00f6ging<\/td>\n<td>\u00d6l auf Gew\u00e4sser<\/td>\n<td><\/td>\n<\/tr>\n<tr>\n<td colspan=\"7\"><span style=\"color: #000000;\"><strong>September 2016<\/strong><\/span><\/td>\n<\/tr>\n<tr>\n<td>348<\/td>\n<td>24.09.2016<\/td>\n<td style=\"background-color: #f70707;\"><span style=\"color: #ffffff;\"><strong>SEG-Einsatz<\/strong><\/span><\/td>\n<td>Innkanal<\/td>\n<td>T\u00f6ging<\/td>\n<td>\u00d6lsperre entfernen<\/td>\n<td><\/td>\n<\/tr>\n<tr>\n<td>347<\/td>\n<td>23.09.2016<\/td>\n<td style=\"background-color: #f70707;\"><span style=\"color: #ffffff;\"><strong>SEG-Einsatz<\/strong><\/span><\/td>\n<td>Innkanal<\/td>\n<td>T\u00f6ging<\/td>\n<td>\u00d6l auf Gew\u00e4sser<\/td>\n<td><\/td>\n<\/tr>\n<tr>\n<td>327 &#8211; 346<\/td>\n<td>01.09.2016<br \/>\n&#8211;<br \/>\n15.09.2016<\/td>\n<td style=\"background-color: #ffffff;\"><span style=\"color: #000000;\">Erste Hilfe Monat September<\/span><\/td>\n<td>Freibad<\/td>\n<td>T\u00f6ging<\/td>\n<td>Erste Hilfe<\/td>\n<td><\/td>\n<\/tr>\n<tr>\n<td colspan=\"7\"><strong>August 2016<\/strong><\/td>\n<\/tr>\n<tr>\n<td>216<br \/>\n&#8211;<br \/>\n326<\/td>\n<td>01.08.2016<br \/>\n&#8211;<br \/>\n31.08.2016<\/td>\n<td style=\"background-color: #ffffff;\">Erste Hilfe Monat August<\/td>\n<td>Freibad<\/td>\n<td>T\u00f6ging<\/td>\n<td>Erste Hilfe<\/td>\n<td><\/td>\n<\/tr>\n<tr>\n<td>215<\/td>\n<td>31.08.2016<\/td>\n<td style=\"background-color: #ffffff;\">Erste Hilfe<\/td>\n<td>Innkanal<\/td>\n<td>T\u00f6ging<\/td>\n<td>Internistischer Notfall<\/td>\n<td><\/td>\n<\/tr>\n<tr>\n<td>214<\/td>\n<td>15.08.2016<\/td>\n<td style=\"background-color: #ffffff;\">Sanit\u00e4tsdienst<\/td>\n<td>H\u00e4finger Wiesn<\/td>\n<td>T\u00f6ging<\/td>\n<td>Volksfest &#8222;H\u00e4finger Wiesn&#8220;<\/td>\n<td><\/td>\n<\/tr>\n<tr>\n<td>213<\/td>\n<td>15.08.2016<\/td>\n<td style=\"background-color: #ffffff;\">Rettungsdienst Freibad<\/td>\n<td>Freibad<\/td>\n<td>T\u00f6ging<\/td>\n<td>Chirurgischer Notfall<\/td>\n<td><\/td>\n<\/tr>\n<tr>\n<td>212<\/td>\n<td>15.08.2016<\/td>\n<td style=\"background-color: #ffffff;\"><span style=\"color: #333333;\">Rettungsdienst Freibad<\/span><\/td>\n<td>Freibad<\/td>\n<td>T\u00f6ging<\/td>\n<td>Chirurgischer Notfall<\/td>\n<td><\/td>\n<\/tr>\n<tr>\n<td>207 &#8211; 211<\/td>\n<td>14.08.2016<\/td>\n<td style=\"background-color: #ffffff;\"><span style=\"color: #333333;\">Sanit\u00e4tsdienst<\/span><\/td>\n<td>H\u00e4finger Wiesn<\/td>\n<td>T\u00f6ging<\/td>\n<td>Volksfest &#8222;H\u00e4finger Wiesn&#8220;<\/td>\n<td><\/td>\n<\/tr>\n<tr>\n<td>206<\/td>\n<td>14.08.2016<\/td>\n<td style=\"background-color: #f70707;\"><span style=\"color: #ffffff;\"><strong>SEG-Einsatz<\/strong><\/span><\/td>\n<td>Innkanal<\/td>\n<td>T\u00f6ging<\/td>\n<td>Tierrettung<\/td>\n<td><\/td>\n<\/tr>\n<tr>\n<td>205<\/td>\n<td>13.08.2016<\/td>\n<td style=\"background-color: #ffffff;\">Sanit\u00e4tsdienst<\/td>\n<td>H\u00e4finger Wiesn<\/td>\n<td>T\u00f6ging<\/td>\n<td>Volksfest &#8222;H\u00e4finger Wiesn&#8220;<\/td>\n<td><\/td>\n<\/tr>\n<tr>\n<td>204<\/td>\n<td>13.08.2016<\/td>\n<td style=\"background-color: #ff0000;\"><span style=\"color: #ffffff;\"><strong>SEG-Einsatz<\/strong><\/span><\/td>\n<td>Innkanal<\/td>\n<td>Waldkraiburg bis T\u00f6ging<\/td>\n<td>Vermisstensuche \/ Totenbergung<\/td>\n<td><\/td>\n<\/tr>\n<tr>\n<td>203<\/td>\n<td>12.08.2016<\/td>\n<td style=\"background-color: #ffffff;\">Sanit\u00e4tsdienst<\/td>\n<td>H\u00e4finger Wiesn<\/td>\n<td>T\u00f6ging<\/td>\n<td>Volksfest &#8222;H\u00e4finger Wiesn&#8220;<\/td>\n<td><\/td>\n<\/tr>\n<tr>\n<td colspan=\"7\"><strong>Ju<\/strong><strong>li 2016<\/strong><span style=\"color: #000000;\"><strong><br \/>\n<\/strong><\/span><\/td>\n<\/tr>\n<tr>\n<td>140 &#8211; 202<\/td>\n<td>01.07.2016 &#8211; 31.07.2016<\/td>\n<td style=\"background-color: #ffffff;\"><span style=\"color: #333333;\">Erste Hilfe Monat Juli<\/span><\/td>\n<td>Freibad<\/td>\n<td>T\u00f6ging<\/td>\n<td>Erste Hilfe<\/td>\n<td><\/td>\n<\/tr>\n<tr>\n<td>139<\/td>\n<td>21.07.2016<\/td>\n<td style=\"background-color: #ffffff;\"><span style=\"color: #333333;\">Taucheinsatz<\/span><\/td>\n<td>Freibad<\/td>\n<td>T\u00f6ging<\/td>\n<td>Taucheinsatz Reparatur<\/td>\n<td><\/td>\n<\/tr>\n<tr>\n<td>137 &#8211; 138<\/td>\n<td>18.07.2016<\/td>\n<td style=\"background-color: #ffffff;\"><span style=\"color: #333333;\">Sicherheits-<br \/>\nabstellung<\/span><\/td>\n<td>Badesee<\/td>\n<td>Perach<\/td>\n<td>Erste Hilfe-Leistungen<\/td>\n<td><\/td>\n<\/tr>\n<tr>\n<td>136<\/td>\n<td>04.07.2016<\/td>\n<td style=\"background-color: #ffffff;\"><span style=\"color: #333333;\">Taucheinsatz<\/span><\/td>\n<td>Freibad<\/td>\n<td>T\u00f6ging<\/td>\n<td>Taucheinsatz Reparatur<\/td>\n<td><\/td>\n<\/tr>\n<tr>\n<td>130 &#8211; 135<\/td>\n<td>02.07.2016<\/td>\n<td style=\"background-color: #ffffff;\"><span style=\"color: #333333;\">Sanit\u00e4tsdienst<\/span><\/td>\n<td>Mehrzweckhalle und Regenbogen-schule<\/td>\n<td>T\u00f6ging<\/td>\n<td>Sportfest<\/td>\n<td><\/td>\n<\/tr>\n<tr>\n<td colspan=\"7\"><strong><span style=\"color: #333333;\">Juni 2016<\/span><\/strong><\/td>\n<\/tr>\n<tr>\n<td>052 &#8211; 129<\/td>\n<td>01.06.2016 &#8211; 30.06.2016<\/td>\n<td style=\"background-color: #ffffff;\"><span style=\"color: #333333;\">Erste Hilfe Monat Juni<\/span><\/td>\n<td>Freibad<\/td>\n<td>T\u00f6ging<\/td>\n<td>Erste Hilfe<\/td>\n<td><\/td>\n<\/tr>\n<tr>\n<td>051<\/td>\n<td>24.06.2016<\/td>\n<td style=\"background-color: #ffffff;\"><span style=\"color: #333333;\">Rettungsdienst Freibad<\/span><\/td>\n<td>Freibad<\/td>\n<td>T\u00f6ging<\/td>\n<td>Internistischer Notfall<\/td>\n<td><\/td>\n<\/tr>\n<tr>\n<td>050<\/td>\n<td>18.06.2016<\/td>\n<td style=\"background-color: #f70707;\"><strong><span style=\"color: #ffffff;\">SEG-Einsatz<\/span><\/strong><\/td>\n<td>Inn<\/td>\n<td>Winh\u00f6ring bis M\u00fchldorf<\/td>\n<td>Person im Wasser<\/td>\n<td><a href=\"http:\/\/neu.wasserwacht-toeging.de\/?page_id=2251\">Bericht<\/a><\/td>\n<\/tr>\n<tr>\n<td>047 &#8211; 049<\/td>\n<td>18.06.2016<\/td>\n<td style=\"background-color: #ffffff;\"><span style=\"color: #333333;\">Sanit\u00e4tsdienst<\/span><\/td>\n<td>Rathausplatz \/ Hauptstra\u00dfe<\/td>\n<td>T\u00f6ging<\/td>\n<td>Stadtfest<\/td>\n<td><a href=\"http:\/\/neu.wasserwacht-toeging.de\/?page_id=2248\">Bericht<\/a><\/td>\n<\/tr>\n<tr>\n<td>046<\/td>\n<td>11.06.2016<\/td>\n<td style=\"background-color: #ffffff;\"><span style=\"color: #333333;\">Katastrophen- hilfe<\/span><\/td>\n<td>Stadtgebiet<\/td>\n<td>T\u00f6ging<\/td>\n<td>Hilfsaktion f\u00fcr Hochwasseropfer Simbach<\/td>\n<td><\/td>\n<\/tr>\n<tr>\n<td>045<\/td>\n<td>05.06.2016<\/td>\n<td style=\"background-color: #f70707;\"><span style=\"color: #ffffff;\"><strong>SEG-Einsatz<\/strong><\/span><\/td>\n<td>Innkanal<\/td>\n<td>M\u00fchldorf<\/td>\n<td>Person im Wasser<\/td>\n<td><a href=\"http:\/\/neu.wasserwacht-toeging.de\/?page_id=2184\">Bericht<\/a><\/td>\n<\/tr>\n<tr>\n<td>044<\/td>\n<td>01.06.2016<\/td>\n<td style=\"background-color: #f70707;\"><span style=\"color: #ffffff;\"><strong>SEG-Einsatz<\/strong><\/span><\/td>\n<td>Stadtgebiet<\/td>\n<td>Simbach<\/td>\n<td>Evakuierung<br \/>\nca. 100 Personen<\/td>\n<td rowspan=\"8\">\u00a0\u00a0\u00a0\u00a0 <a href=\"http:\/\/neu.wasserwacht-toeging.de\/?page_id=2245\">Bericht<\/a><\/td>\n<\/tr>\n<tr>\n<td>043<\/td>\n<td>01.06.2016<\/td>\n<td style=\"background-color: #f70707;\"><span style=\"color: #ffffff;\"><strong>SEG-Einsatz<\/strong><\/span><\/td>\n<td>Stadtgebiet<\/td>\n<td>Simbach<\/td>\n<td>Evakuierung<br \/>\nca. 100 Personen<\/td>\n<\/tr>\n<tr>\n<td>042<\/td>\n<td>01.06.2016<\/td>\n<td style=\"background-color: #f70707;\"><span style=\"color: #ffffff;\"><strong>SEG-Einsatz<\/strong><\/span><\/td>\n<td>Wasserwerk<\/td>\n<td>Simbach<\/td>\n<td>Sicherung Trink-wasserversorgung<\/td>\n<\/tr>\n<tr>\n<td>041<\/td>\n<td>01.06.2016<\/td>\n<td style=\"background-color: #f70707;\"><span style=\"color: #ffffff;\"><strong>SEG-Einsatz<\/strong><\/span><\/td>\n<td>Bundesstra\u00dfe 12<\/td>\n<td>Simbach<\/td>\n<td>eingeschlossene Personen<\/td>\n<\/tr>\n<tr>\n<td>040<\/td>\n<td>01.06.2016<\/td>\n<td style=\"background-color: #f70707;\"><span style=\"color: #ffffff;\"><strong>SEG-Einsatz<\/strong><\/span><\/td>\n<td>Stadtgebiet<\/td>\n<td>Simbach<\/td>\n<td>Vermisstensuche<\/td>\n<\/tr>\n<tr>\n<td>039<\/td>\n<td>01.06.2016<\/td>\n<td style=\"background-color: #f70707;\"><span style=\"color: #ffffff;\"><strong>SEG-Einsatz<\/strong><\/span><\/td>\n<td>Stadtgebiet<\/td>\n<td>Simbach<\/td>\n<td>3 Totenbergungen<\/td>\n<\/tr>\n<tr>\n<td>038<\/td>\n<td>01.06.2016<\/td>\n<td style=\"background-color: #f70707;\"><span style=\"color: #ffffff;\"><strong>SEG-Einsatz<\/strong><\/span><\/td>\n<td>Stadtgebiet<\/td>\n<td>Simbach<\/td>\n<td>Vermisstensuche<\/td>\n<\/tr>\n<tr>\n<td>037<\/td>\n<td>01.06.2016<\/td>\n<td style=\"background-color: #f70707;\"><span style=\"color: #ffffff;\"><strong>SEG-Einsatz<\/strong><\/span><\/td>\n<td>Stadtgebiet<\/td>\n<td>Simbach<\/td>\n<td>Evakuierung<br \/>\n2 Personen<\/td>\n<\/tr>\n<tr>\n<td colspan=\"7\"><strong>Mai 2016<\/strong><\/td>\n<\/tr>\n<tr>\n<td>016 &#8211; 036<\/td>\n<td>01.05.2016 &#8211; 31.05.2016<\/td>\n<td style=\"background-color: #ffffff;\"><span style=\"color: #333333;\">Erste Hilfe Monat Mai<\/span><\/td>\n<td>Freibad<\/td>\n<td>T\u00f6ging<\/td>\n<td>Erste Hilfe<\/td>\n<td><\/td>\n<\/tr>\n<tr>\n<td>015<\/td>\n<td>29.05.2016<\/td>\n<td style=\"background-color: #f70707;\"><span style=\"color: #ffffff;\"><strong>SEG-Einsatz<\/strong><\/span><\/td>\n<td>Innkanal<\/td>\n<td>T\u00f6ging<\/td>\n<td>Tierrettung<\/td>\n<td><a href=\"http:\/\/neu.wasserwacht-toeging.de\/?page_id=2165\">Bericht<\/a><\/td>\n<\/tr>\n<tr>\n<td>014<\/td>\n<td>26.05.2016<\/td>\n<td style=\"background-color: #ffffff;\"><span style=\"color: #000000;\"><span style=\"color: #333333;\">Rettungsdienst Freibad<\/span><br \/>\n<\/span><\/td>\n<td>Freibad<\/td>\n<td>T\u00f6ging<\/td>\n<td>Chirurgischer Notfall<\/td>\n<td><a href=\"http:\/\/neu.wasserwacht-toeging.de\/?page_id=2153\">Bericht<\/a><\/td>\n<\/tr>\n<tr>\n<td>013<\/td>\n<td>21.05.2016<\/td>\n<td style=\"background-color: #f70707;\"><span style=\"color: #ffffff;\"><strong>SEG-Einsatz<\/strong><\/span><\/td>\n<td>Freibad<\/td>\n<td>T\u00f6ging<\/td>\n<td>Taucheinsatz<\/td>\n<td><a href=\"http:\/\/neu.wasserwacht-toeging.de\/?page_id=2145\">Bericht<\/a><\/td>\n<\/tr>\n<tr>\n<td>012<\/td>\n<td>13.05.2016<\/td>\n<td style=\"background-color: #ffffff;\"><span style=\"color: #333333;\">sozialer Dienst<\/span><\/td>\n<td>Turnhalle<\/td>\n<td>Winh\u00f6ring<\/td>\n<td>Betreuung Seniorennachmittag<\/td>\n<td><a href=\"http:\/\/neu.wasserwacht-toeging.de\/?page_id=2141\">Bericht<\/a><\/td>\n<\/tr>\n<tr>\n<td colspan=\"7\"><strong>April 2016<\/strong><\/td>\n<\/tr>\n<tr>\n<td>011<\/td>\n<td>24.04.2016<\/td>\n<td style=\"background-color: #f70707;\"><strong><span style=\"color: #ffffff;\">SEG-Einsatz<\/span><\/strong><\/td>\n<td>Isen<\/td>\n<td>Winh\u00f6ring-Kronberg<\/td>\n<td>Tierrettung<\/td>\n<td><a href=\"http:\/\/neu.wasserwacht-toeging.de\/?page_id=2137\">Bericht<\/a><\/td>\n<\/tr>\n<tr>\n<td>010<\/td>\n<td>15.04.2016<\/td>\n<td style=\"background-color: #f70707;\"><strong><span style=\"color: #ffffff;\">SEG-Einsatz<\/span><\/strong><\/td>\n<td>Alz<\/td>\n<td>Hohenwart<\/td>\n<td>Vermisstensuche<\/td>\n<td><a href=\"http:\/\/neu.wasserwacht-toeging.de\/?page_id=2099\">Bericht<\/a><\/td>\n<\/tr>\n<tr>\n<td colspan=\"7\"><strong>M\u00e4rz 2016<\/strong><\/td>\n<\/tr>\n<tr>\n<td>009<\/td>\n<td>21.03.2016<\/td>\n<td style=\"background-color: #f70707;\"><strong><span style=\"color: #ffffff;\">SEG-Einsatz<\/span><\/strong><\/td>\n<td>Innkanal<\/td>\n<td>T\u00f6ging<\/td>\n<td>Tierrettung<\/td>\n<td><a href=\"http:\/\/neu.wasserwacht-toeging.de\/?page_id=2023\">Bericht<\/a><\/td>\n<\/tr>\n<tr>\n<td>008<\/td>\n<td>12.03.2016<\/td>\n<td style=\"background-color: #f70707;\"><strong><span style=\"color: #ffffff;\">SEG-Einsatz<\/span><\/strong><\/td>\n<td>W\u00f6hrsee und Salzach<\/td>\n<td>Burghausen<\/td>\n<td>Vermisstensuche<\/td>\n<td><a href=\"http:\/\/neu.wasserwacht-toeging.de\/?page_id=2020\">Bericht<\/a><\/td>\n<\/tr>\n<tr>\n<td colspan=\"7\"><strong>Februar 2016<\/strong><\/td>\n<\/tr>\n<tr>\n<td>007<\/td>\n<td>07.02.2016<\/td>\n<td>Sanit\u00e4tsdienst<\/td>\n<td>Mehrzweckhalle<\/td>\n<td>T\u00f6ging<\/td>\n<td>Kinderfasching<\/td>\n<td><a href=\"http:\/\/neu.wasserwacht-toeging.de\/?page_id=1979\">Bericht<\/a><\/td>\n<\/tr>\n<tr>\n<td colspan=\"7\"><strong>Januar 2016<\/strong><\/td>\n<\/tr>\n<tr>\n<td>001<br \/>\n&#8211;<br \/>\n006<\/td>\n<td>30.01.2016<\/td>\n<td>Sanit\u00e4tsdienst<\/td>\n<td>Mehrzweckhalle<\/td>\n<td>T\u00f6ging<\/td>\n<td>Showtanz-Festival<\/td>\n<td><a href=\"http:\/\/neu.wasserwacht-toeging.de\/?page_id=1887\">Bericht<\/a><\/td>\n<\/tr>\n<\/tbody>\n<\/table>\n<p>&nbsp;<\/p>\n","protected":false},"excerpt":{"rendered":"<p>Oktober 2016 353 29.10.2016 SEG-Einsatz Inn M\u00fchldorf Verletzte Person 352 28.10.2016 SEG-Einsatz Innkanal T\u00f6ging \u00d6lsperre entfernen 351 22.10.2016 SEG-Einsatz Innkanal T\u00f6ging Wartung der \u00d6lsperre 350 15.10.2016 SEG-Einsatz Innkanal T\u00f6ging \u00d6lsperre errichten 349 14.10.2016 SEG-Einsatz Innkanal T\u00f6ging \u00d6l auf Gew\u00e4sser September&#46;&#46;&#46;<\/p>\n","protected":false},"author":1,"featured_media":0,"parent":0,"menu_order":0,"comment_status":"closed","ping_status":"closed","template":"","meta":{"footnotes":""},"class_list":["post-1881","page","type-page","status-publish","hentry"],"_links":{"self":[{"href":"https:\/\/www.wasserwacht-toeging.de\/index.php?rest_route=\/wp\/v2\/pages\/1881","targetHints":{"allow":["GET"]}}],"collection":[{"href":"https:\/\/www.wasserwacht-toeging.de\/index.php?rest_route=\/wp\/v2\/pages"}],"about":[{"href":"https:\/\/www.wasserwacht-toeging.de\/index.php?rest_route=\/wp\/v2\/types\/page"}],"author":[{"embeddable":true,"href":"https:\/\/www.wasserwacht-toeging.de\/index.php?rest_route=\/wp\/v2\/users\/1"}],"replies":[{"embeddable":true,"href":"https:\/\/www.wasserwacht-toeging.de\/index.php?rest_route=%2Fwp%2Fv2%2Fcomments&post=1881"}],"version-history":[{"count":51,"href":"https:\/\/www.wasserwacht-toeging.de\/index.php?rest_route=\/wp\/v2\/pages\/1881\/revisions"}],"predecessor-version":[{"id":1884,"href":"https:\/\/www.wasserwacht-toeging.de\/index.php?rest_route=\/wp\/v2\/pages\/1881\/revisions\/1884"}],"wp:attachment":[{"href":"https:\/\/www.wasserwacht-toeging.de\/index.php?rest_route=%2Fwp%2Fv2%2Fmedia&parent=1881"}],"curies":[{"name":"wp","href":"https:\/\/api.w.org\/{rel}","templated":true}]}}