{"id":1979,"date":"2016-02-07T20:08:53","date_gmt":"2016-02-07T20:08:53","guid":{"rendered":"http:\/\/neu.wasserwacht-toeging.de\/?page_id=1979"},"modified":"2016-02-07T20:11:25","modified_gmt":"2016-02-07T20:11:25","slug":"einsatz-007-2016","status":"publish","type":"page","link":"https:\/\/www.wasserwacht-toeging.de\/?page_id=1979","title":{"rendered":"Einsatz 007 2016"},"content":{"rendered":"<p><strong>Datum:<\/strong> 07.02.2016<br \/>\n<strong>Einsatzbeginn:<\/strong> 14:00 Uhr<br \/>\n<strong>Einsatzart: <\/strong>Sanit\u00e4tsdienst<br \/>\n<strong>Einsatzort:<\/strong> Mehrzweckhalle T\u00f6ging<br \/>\n<strong>Einsatzstichwort:<\/strong> Kinderfasching<\/p>\n<hr \/>\n<p><strong>Einsatzkr\u00e4fte:<\/strong> 4<br \/>\n<strong>Eingesetzte Fahrzeuge:<\/strong><br \/>\nGer\u00e4tewagen-Boot 91\/1<br \/>\n<strong>Weitere Einsatzkr\u00e4fte: \u2013<\/strong><\/p>\n<hr \/>\n<p><strong>Bericht:<\/strong><br \/>\nDie Wasserwacht sicherte mit vier Einsatzkr\u00e4ften den Kinderfasching des Siedlerbundes ab. Dabei wurde einmal Erste Hilfe geleistet.<\/p>\n<hr \/>\n<p><strong>Fotos:<\/strong><\/p>\n<p><a href=\"http:\/\/neu.wasserwacht-toeging.de\/wp-content\/uploads\/2016\/02\/160207_Kinderfasching_01.jpg\"><img loading=\"lazy\" decoding=\"async\" class=\"alignleft wp-image-1962 size-thumbnail\" src=\"http:\/\/neu.wasserwacht-toeging.de\/wp-content\/uploads\/2016\/02\/160207_Kinderfasching_01-150x150.jpg\" alt=\"160207_Kinderfasching_01\" width=\"150\" height=\"150\" \/><\/a> <a href=\"http:\/\/neu.wasserwacht-toeging.de\/wp-content\/uploads\/2016\/02\/160207_Kinderfasching_04.jpg\"><img loading=\"lazy\" decoding=\"async\" class=\"alignleft wp-image-1965 size-thumbnail\" src=\"http:\/\/neu.wasserwacht-toeging.de\/wp-content\/uploads\/2016\/02\/160207_Kinderfasching_04-150x150.jpg\" alt=\"160207_Kinderfasching_04\" width=\"150\" height=\"150\" \/><\/a> <a href=\"http:\/\/neu.wasserwacht-toeging.de\/wp-content\/uploads\/2016\/02\/160207_Kinderfasching_03.jpg\"><img loading=\"lazy\" decoding=\"async\" class=\"alignleft wp-image-1964 size-thumbnail\" src=\"http:\/\/neu.wasserwacht-toeging.de\/wp-content\/uploads\/2016\/02\/160207_Kinderfasching_03-150x150.jpg\" alt=\"160207_Kinderfasching_03\" width=\"150\" height=\"150\" \/><\/a> <a href=\"http:\/\/neu.wasserwacht-toeging.de\/wp-content\/uploads\/2016\/02\/160207_Kinderfasching_02.jpg\"><img loading=\"lazy\" decoding=\"async\" class=\"alignleft wp-image-1963 size-thumbnail\" src=\"http:\/\/neu.wasserwacht-toeging.de\/wp-content\/uploads\/2016\/02\/160207_Kinderfasching_02-150x150.jpg\" alt=\"160207_Kinderfasching_02\" width=\"150\" height=\"150\" \/><\/a><\/p>\n","protected":false},"excerpt":{"rendered":"<p>Datum: 07.02.2016 Einsatzbeginn: 14:00 Uhr Einsatzart: Sanit\u00e4tsdienst Einsatzort: Mehrzweckhalle T\u00f6ging Einsatzstichwort: Kinderfasching Einsatzkr\u00e4fte: 4 Eingesetzte Fahrzeuge: Ger\u00e4tewagen-Boot 91\/1 Weitere Einsatzkr\u00e4fte: \u2013 Bericht: Die Wasserwacht sicherte mit vier Einsatzkr\u00e4ften den Kinderfasching des Siedlerbundes ab. Dabei wurde einmal Erste Hilfe geleistet. Fotos:<\/p>\n","protected":false},"author":1,"featured_media":0,"parent":0,"menu_order":0,"comment_status":"closed","ping_status":"closed","template":"","meta":{"footnotes":""},"class_list":["post-1979","page","type-page","status-publish","hentry"],"_links":{"self":[{"href":"https:\/\/www.wasserwacht-toeging.de\/index.php?rest_route=\/wp\/v2\/pages\/1979","targetHints":{"allow":["GET"]}}],"collection":[{"href":"https:\/\/www.wasserwacht-toeging.de\/index.php?rest_route=\/wp\/v2\/pages"}],"about":[{"href":"https:\/\/www.wasserwacht-toeging.de\/index.php?rest_route=\/wp\/v2\/types\/page"}],"author":[{"embeddable":true,"href":"https:\/\/www.wasserwacht-toeging.de\/index.php?rest_route=\/wp\/v2\/users\/1"}],"replies":[{"embeddable":true,"href":"https:\/\/www.wasserwacht-toeging.de\/index.php?rest_route=%2Fwp%2Fv2%2Fcomments&post=1979"}],"version-history":[{"count":2,"href":"https:\/\/www.wasserwacht-toeging.de\/index.php?rest_route=\/wp\/v2\/pages\/1979\/revisions"}],"predecessor-version":[{"id":1982,"href":"https:\/\/www.wasserwacht-toeging.de\/index.php?rest_route=\/wp\/v2\/pages\/1979\/revisions\/1982"}],"wp:attachment":[{"href":"https:\/\/www.wasserwacht-toeging.de\/index.php?rest_route=%2Fwp%2Fv2%2Fmedia&parent=1979"}],"curies":[{"name":"wp","href":"https:\/\/api.w.org\/{rel}","templated":true}]}}