{"id":2145,"date":"2016-05-24T09:54:23","date_gmt":"2016-05-24T09:54:23","guid":{"rendered":"http:\/\/neu.wasserwacht-toeging.de\/?page_id=2145"},"modified":"2016-05-24T09:54:23","modified_gmt":"2016-05-24T09:54:23","slug":"einsatz-013-2016","status":"publish","type":"page","link":"https:\/\/www.wasserwacht-toeging.de\/?page_id=2145","title":{"rendered":"Einsatz 013 2016"},"content":{"rendered":"<p><strong>Datum:<\/strong> 21.05.2016<br \/>\n<strong>Einsatzbeginn:<\/strong> 12:30 Uhr<br \/>\n<strong>Einsatzart: <\/strong>SEG-Einsatz<br \/>\n<strong>Einsatzort:<\/strong> Freibad Hubm\u00fchle T\u00f6ging<br \/>\n<strong>Einsatzstichwort:<\/strong> Taucheinsatz<\/p>\n<hr \/>\n<p><strong>Einsatzkr\u00e4fte:<\/strong> 4<br \/>\n<strong>Eingesetzte Fahrzeuge:<\/strong><br \/>\nGW Wasserrettung 91\/1<br \/>\n<strong>Weitere Einsatzkr\u00e4fte:<br \/>\n<\/strong>Wasserwacht Burgkirchen-Emmerting<\/p>\n<hr \/>\n<p><strong>Bericht:<\/strong><br \/>\nUngew\u00f6hnlicher Einsatzort f\u00fcr die Wasserwacht-Taucher: Mit Unterst\u00fctzung durch zwei Kollegen der Wasserwacht Burgkirchen-Emmerting gelang eine rasche Reparatur in einem unterirdischen Schwallwasserbecken im T\u00f6ginger Freibad Hubm\u00fchle. Zuvor hatte der Schwimmmeister die Wasserwacht um Hilfe gebeten, weil ein R\u00fcckschlagventil nicht mehr \u00f6ffnete. Einem der drei anwesenden <span id=\"more-2129\"><\/span>Rettungstaucher gelang es nach kurzer Zeit den Schaden zu beheben, so dass dem weiteren Badespa\u00df nichts mehr im Wege stand.<\/p>\n","protected":false},"excerpt":{"rendered":"<p>Datum: 21.05.2016 Einsatzbeginn: 12:30 Uhr Einsatzart: SEG-Einsatz Einsatzort: Freibad Hubm\u00fchle T\u00f6ging Einsatzstichwort: Taucheinsatz Einsatzkr\u00e4fte: 4 Eingesetzte Fahrzeuge: GW Wasserrettung 91\/1 Weitere Einsatzkr\u00e4fte: Wasserwacht Burgkirchen-Emmerting Bericht: Ungew\u00f6hnlicher Einsatzort f\u00fcr die Wasserwacht-Taucher: Mit Unterst\u00fctzung durch zwei Kollegen der Wasserwacht Burgkirchen-Emmerting gelang eine&#46;&#46;&#46;<\/p>\n","protected":false},"author":1,"featured_media":0,"parent":0,"menu_order":0,"comment_status":"closed","ping_status":"closed","template":"","meta":{"footnotes":""},"class_list":["post-2145","page","type-page","status-publish","hentry"],"_links":{"self":[{"href":"https:\/\/www.wasserwacht-toeging.de\/index.php?rest_route=\/wp\/v2\/pages\/2145","targetHints":{"allow":["GET"]}}],"collection":[{"href":"https:\/\/www.wasserwacht-toeging.de\/index.php?rest_route=\/wp\/v2\/pages"}],"about":[{"href":"https:\/\/www.wasserwacht-toeging.de\/index.php?rest_route=\/wp\/v2\/types\/page"}],"author":[{"embeddable":true,"href":"https:\/\/www.wasserwacht-toeging.de\/index.php?rest_route=\/wp\/v2\/users\/1"}],"replies":[{"embeddable":true,"href":"https:\/\/www.wasserwacht-toeging.de\/index.php?rest_route=%2Fwp%2Fv2%2Fcomments&post=2145"}],"version-history":[{"count":1,"href":"https:\/\/www.wasserwacht-toeging.de\/index.php?rest_route=\/wp\/v2\/pages\/2145\/revisions"}],"predecessor-version":[{"id":2146,"href":"https:\/\/www.wasserwacht-toeging.de\/index.php?rest_route=\/wp\/v2\/pages\/2145\/revisions\/2146"}],"wp:attachment":[{"href":"https:\/\/www.wasserwacht-toeging.de\/index.php?rest_route=%2Fwp%2Fv2%2Fmedia&parent=2145"}],"curies":[{"name":"wp","href":"https:\/\/api.w.org\/{rel}","templated":true}]}}