{"id":2184,"date":"2016-06-05T13:25:58","date_gmt":"2016-06-05T13:25:58","guid":{"rendered":"http:\/\/neu.wasserwacht-toeging.de\/?page_id=2184"},"modified":"2016-06-21T18:33:51","modified_gmt":"2016-06-21T18:33:51","slug":"einsatz-024-2016","status":"publish","type":"page","link":"https:\/\/www.wasserwacht-toeging.de\/?page_id=2184","title":{"rendered":"Einsatz 045 2016"},"content":{"rendered":"<p><strong>Datum:<\/strong> 05.06.2016<br \/>\n<strong>Einsatzbeginn:<\/strong> 03:04 Uhr<br \/>\n<strong>Einsatzart: <\/strong>SEG-Einsatz<br \/>\n<strong>Einsatzort:<\/strong> Innkanal bei M\u00fchldorf-Leitenfeld<br \/>\n<strong>Einsatzstichwort:<\/strong> Person im Wasser<\/p>\n<hr \/>\n<p><strong>Einsatzkr\u00e4fte:<\/strong> 12<br \/>\n<strong>Eingesetzte Fahrzeuge:<\/strong><br \/>\nKommandowagen 90\/1<br \/>\n<strong>Weitere Einsatzkr\u00e4fte:<br \/>\n<\/strong>Einsatzleiter Wasserrettung Landkreis M\u00fchldorf<br \/>\nWasserwacht M\u00fchldorf<br \/>\nDLRG M\u00fchldorf<\/p>\n<p>Einsatzleiter Rettungsdienst M\u00fchldorf Ost<br \/>\nNEF M\u00fchldorf<br \/>\nRTW M\u00fchldorf<\/p>\n<p>Feuerwehr T\u00f6ging<br \/>\ndiv. Feuerwehren Landkreis M\u00fchldorf<br \/>\nPolizeiinspektion M\u00fchldorf<\/p>\n<hr \/>\n<p><strong>Bericht:<\/strong><br \/>\nAnwohner meldeten nach Hilferufen eine Person im Innkanal. Noch vor Ausr\u00fccken konnte sich die Person selbst ans Ufer retten. Ein Einsatz der Wasserrettung war nicht mehr notwendig.<\/p>\n","protected":false},"excerpt":{"rendered":"<p>Datum: 05.06.2016 Einsatzbeginn: 03:04 Uhr Einsatzart: SEG-Einsatz Einsatzort: Innkanal bei M\u00fchldorf-Leitenfeld Einsatzstichwort: Person im Wasser Einsatzkr\u00e4fte: 12 Eingesetzte Fahrzeuge: Kommandowagen 90\/1 Weitere Einsatzkr\u00e4fte: Einsatzleiter Wasserrettung Landkreis M\u00fchldorf Wasserwacht M\u00fchldorf DLRG M\u00fchldorf Einsatzleiter Rettungsdienst M\u00fchldorf Ost NEF M\u00fchldorf RTW M\u00fchldorf Feuerwehr&#46;&#46;&#46;<\/p>\n","protected":false},"author":1,"featured_media":0,"parent":0,"menu_order":0,"comment_status":"closed","ping_status":"closed","template":"","meta":{"footnotes":""},"class_list":["post-2184","page","type-page","status-publish","hentry"],"_links":{"self":[{"href":"https:\/\/www.wasserwacht-toeging.de\/index.php?rest_route=\/wp\/v2\/pages\/2184","targetHints":{"allow":["GET"]}}],"collection":[{"href":"https:\/\/www.wasserwacht-toeging.de\/index.php?rest_route=\/wp\/v2\/pages"}],"about":[{"href":"https:\/\/www.wasserwacht-toeging.de\/index.php?rest_route=\/wp\/v2\/types\/page"}],"author":[{"embeddable":true,"href":"https:\/\/www.wasserwacht-toeging.de\/index.php?rest_route=\/wp\/v2\/users\/1"}],"replies":[{"embeddable":true,"href":"https:\/\/www.wasserwacht-toeging.de\/index.php?rest_route=%2Fwp%2Fv2%2Fcomments&post=2184"}],"version-history":[{"count":3,"href":"https:\/\/www.wasserwacht-toeging.de\/index.php?rest_route=\/wp\/v2\/pages\/2184\/revisions"}],"predecessor-version":[{"id":2243,"href":"https:\/\/www.wasserwacht-toeging.de\/index.php?rest_route=\/wp\/v2\/pages\/2184\/revisions\/2243"}],"wp:attachment":[{"href":"https:\/\/www.wasserwacht-toeging.de\/index.php?rest_route=%2Fwp%2Fv2%2Fmedia&parent=2184"}],"curies":[{"name":"wp","href":"https:\/\/api.w.org\/{rel}","templated":true}]}}