{"id":24,"date":"2015-02-01T13:04:44","date_gmt":"2015-02-01T13:04:44","guid":{"rendered":"http:\/\/neu.wasserwacht-toeging.de\/?page_id=24"},"modified":"2020-08-02T17:16:25","modified_gmt":"2020-08-02T15:16:25","slug":"wachstationen","status":"publish","type":"page","link":"https:\/\/www.wasserwacht-toeging.de\/?page_id=24","title":{"rendered":"Wachstationen"},"content":{"rendered":"\n<figure class=\"wp-block-table\"><table><tbody><tr><td><strong>Wasserrettungswache T\u00f6ging<br><\/strong><em>Gr\u00fcnewaldstra\u00dfe 5,<\/em><br><em>84513 T\u00f6ging a.Inn<br><\/em>* Einsatzzentrale der SEG T\u00f6ging<br>* B\u00fcro der Ortsgruppenleitung<br>* Ausbildungsstandort<\/td><td><strong>Wasserrettungswache Freibad T\u00f6ging<br><\/strong><em>Hubm\u00fchle 3,<\/em><br><em>84513 T\u00f6ging a.Inn<br><\/em>* Wachstation der Wasserwacht im <br>   Freibad &#8222;Hubm\u00fchle&#8220;<\/td><\/tr><tr><td>Im Jahr 1991 wurde das &#8222;Rettungszentrum T\u00f6ging&#8220;, ein 6,5 Millionen DM teurer Geb\u00e4udekomplex zwischen der Gr\u00fcnewald- und der Ludwig-der-Bayer-Stra\u00dfe eingeweiht.Die Stadt T\u00f6ging errichtete ein integriertes Zentrum f\u00fcr die Feuerwehr, die Wasserwacht und die BRK-Bereitschaft. Inzwischen haben auch die &#8222;Helfer vor Ort&#8220;-Gruppe des BRK und das Jugendrotkreuz hier ihr Zuhause. Die Wasserwacht nutzt die Wasserrettungswache T\u00f6ging als Standort der Schnelleinsatzgruppe (SEG), als B\u00fcro der Ortsgruppenleitung und als Schulungszentrum f\u00fcr die Jugendgruppe und die aktive Mannschaft.<\/td><td>Das T\u00f6ginger Freibad &#8222;Hubm\u00fchle&#8220; besteht seit den 1920er Jahren und wurde urspr\u00fcnglich durch die Innwerk AG, die sich in T\u00f6ging mit einem gro\u00dfen Wasserkraftwerk niedergelassen hatte, errichtet. Sp\u00e4ter \u00fcbernahm die Gemeinde und sp\u00e4tere Stadt T\u00f6ging die Einrichtung. Die Wasserwacht unterst\u00fctzt die Schwimmeister und angestellten Rettungsschwimmer bei der Beckenaufsicht und f\u00fchrt die Erste Hilfe auf dem Freibadgel\u00e4nde durch. Im Jahr werden zwischen 200 und 400 Personen mit Verletzungen und Erkrankungen aller Art durch die Einsatzkr\u00e4fte der Wasserwacht versorgt.<\/td><\/tr><tr><td><img loading=\"lazy\" decoding=\"async\" width=\"300\" height=\"200\" class=\"wp-image-2925\" style=\"width: 300px;\" src=\"http:\/\/neu.wasserwacht-toeging.de\/wp-content\/uploads\/2015\/02\/Wache.jpg\" alt=\"\" srcset=\"https:\/\/www.wasserwacht-toeging.de\/wp-content\/uploads\/2015\/02\/Wache.jpg 1000w, https:\/\/www.wasserwacht-toeging.de\/wp-content\/uploads\/2015\/02\/Wache-300x200.jpg 300w, https:\/\/www.wasserwacht-toeging.de\/wp-content\/uploads\/2015\/02\/Wache-768x512.jpg 768w\" sizes=\"auto, (max-width: 300px) 100vw, 300px\" \/><\/td><td><img loading=\"lazy\" decoding=\"async\" width=\"300\" height=\"200\" class=\"wp-image-4021\" style=\"width: 300px;\" src=\"http:\/\/neu.wasserwacht-toeging.de\/wp-content\/uploads\/2020\/08\/Freibad-300x200-3.jpg\" alt=\"\"><\/td><\/tr><tr><td><strong>Der Wasserwacht stehen folgende R\u00e4ume zur Verf\u00fcgung:<\/strong><\/td><td><strong>Der Wasserwacht steht im Freibad ein Wach- und Sanit\u00e4tsraum zur Verf\u00fcgung:<\/strong><\/td><\/tr><tr><td><em>Einsatzzentrale der SEG<\/em><br><img loading=\"lazy\" decoding=\"async\" width=\"300\" height=\"200\" class=\"wp-image-558\" style=\"width: 300px;\" src=\"http:\/\/neu.wasserwacht-toeging.de\/wp-content\/uploads\/2015\/02\/Bildfolgt.jpg\" alt=\"\"><\/td><td><em>Wach- und Sanit\u00e4tsraum<\/em><br><img loading=\"lazy\" decoding=\"async\" width=\"300\" height=\"200\" class=\"wp-image-2257\" style=\"width: 300px;\" src=\"http:\/\/neu.wasserwacht-toeging.de\/wp-content\/uploads\/2015\/02\/Wachraum1.jpg\" alt=\"\"><\/td><\/tr><tr><td><em>B\u00fcro der Ortsgruppenleitung<\/em><br><img loading=\"lazy\" decoding=\"async\" width=\"300\" height=\"200\" class=\"wp-image-558\" style=\"width: 300px;\" src=\"http:\/\/neu.wasserwacht-toeging.de\/wp-content\/uploads\/2015\/02\/Bildfolgt.jpg\" alt=\"\"><\/td><td><em>Wach- und Sanit\u00e4tsraum<\/em><br><img loading=\"lazy\" decoding=\"async\" width=\"300\" height=\"200\" class=\"wp-image-2256\" style=\"width: 300px;\" src=\"http:\/\/neu.wasserwacht-toeging.de\/wp-content\/uploads\/2015\/02\/Wachraum2.jpg\" alt=\"\"><\/td><\/tr><tr><td><em>Aufenthaltsraum<\/em><br><img loading=\"lazy\" decoding=\"async\" width=\"300\" height=\"200\" class=\"wp-image-3576\" style=\"width: 300px;\" src=\"http:\/\/neu.wasserwacht-toeging.de\/wp-content\/uploads\/2019\/04\/Aufenthaltsraum1.jpg\" alt=\"\"><\/td><td><em>Terrasse vor der Wachstation<\/em><br><img loading=\"lazy\" decoding=\"async\" width=\"300\" height=\"200\" class=\"wp-image-558\" style=\"width: 300px;\" src=\"http:\/\/neu.wasserwacht-toeging.de\/wp-content\/uploads\/2015\/02\/Bildfolgt.jpg\" alt=\"\"><\/td><\/tr><tr><td><em>Aufenthaltsraum<\/em><br><img loading=\"lazy\" decoding=\"async\" width=\"300\" height=\"200\" class=\"wp-image-3577\" style=\"width: 300px;\" src=\"http:\/\/neu.wasserwacht-toeging.de\/wp-content\/uploads\/2019\/04\/Aufenthaltsraum2.jpg\" alt=\"\"><\/td><td><em>Aufsichtspavillon<\/em><br><img loading=\"lazy\" decoding=\"async\" width=\"300\" height=\"200\" class=\"wp-image-1669\" style=\"width: 300px;\" src=\"http:\/\/neu.wasserwacht-toeging.de\/wp-content\/uploads\/2015\/10\/151018_Freibadbilanz_01.jpg\" alt=\"\" srcset=\"https:\/\/www.wasserwacht-toeging.de\/wp-content\/uploads\/2015\/10\/151018_Freibadbilanz_01.jpg 1000w, https:\/\/www.wasserwacht-toeging.de\/wp-content\/uploads\/2015\/10\/151018_Freibadbilanz_01-300x200.jpg 300w\" sizes=\"auto, (max-width: 300px) 100vw, 300px\" \/><\/td><\/tr><tr><td><em>Aufenthaltsraum<\/em><br><img loading=\"lazy\" decoding=\"async\" width=\"300\" height=\"200\" class=\"wp-image-3578\" style=\"width: 300px;\" src=\"http:\/\/neu.wasserwacht-toeging.de\/wp-content\/uploads\/2019\/04\/Aufenthaltsraum3.jpg\" alt=\"\"><\/td><td><em>Mehrzweckbecken<\/em><br><img loading=\"lazy\" decoding=\"async\" width=\"300\" height=\"200\" class=\"wp-image-549\" style=\"width: 300px;\" src=\"http:\/\/neu.wasserwacht-toeging.de\/wp-content\/uploads\/2015\/02\/IMG_3581.jpg\" alt=\"\" srcset=\"https:\/\/www.wasserwacht-toeging.de\/wp-content\/uploads\/2015\/02\/IMG_3581.jpg 5184w, https:\/\/www.wasserwacht-toeging.de\/wp-content\/uploads\/2015\/02\/IMG_3581-300x200.jpg 300w, https:\/\/www.wasserwacht-toeging.de\/wp-content\/uploads\/2015\/02\/IMG_3581-1024x683.jpg 1024w\" sizes=\"auto, (max-width: 300px) 100vw, 300px\" \/><\/td><\/tr><tr><td><em>Ruheraum<\/em><br><img loading=\"lazy\" decoding=\"async\" width=\"300\" height=\"200\" class=\"wp-image-558\" style=\"width: 300px;\" src=\"http:\/\/neu.wasserwacht-toeging.de\/wp-content\/uploads\/2015\/02\/Bildfolgt.jpg\" alt=\"\"><\/td><td><\/td><\/tr><tr><td><em>Fahrzeughalle<\/em><br><img loading=\"lazy\" decoding=\"async\" width=\"300\" height=\"200\" class=\"wp-image-558\" style=\"width: 300px;\" src=\"http:\/\/neu.wasserwacht-toeging.de\/wp-content\/uploads\/2015\/02\/Bildfolgt.jpg\" alt=\"\"><\/td><td><\/td><\/tr><tr><td><em>Lager<\/em><br><img loading=\"lazy\" decoding=\"async\" width=\"300\" height=\"200\" class=\"wp-image-558\" style=\"width: 300px;\" src=\"http:\/\/neu.wasserwacht-toeging.de\/wp-content\/uploads\/2015\/02\/Bildfolgt.jpg\" alt=\"\"><\/td><td><\/td><\/tr><tr><td><em>Werkstatt<\/em><br><img loading=\"lazy\" decoding=\"async\" width=\"300\" height=\"200\" class=\"wp-image-558\" style=\"width: 300px;\" src=\"http:\/\/neu.wasserwacht-toeging.de\/wp-content\/uploads\/2015\/02\/Bildfolgt.jpg\" alt=\"\"><\/td><td><\/td><\/tr><tr><td><em>Sanit\u00e4rr\u00e4ume<\/em><br><img loading=\"lazy\" decoding=\"async\" width=\"300\" height=\"200\" class=\"wp-image-558\" style=\"width: 300px;\" src=\"http:\/\/neu.wasserwacht-toeging.de\/wp-content\/uploads\/2015\/02\/Bildfolgt.jpg\" alt=\"\"><\/td><td><\/td><\/tr><tr><td><em>Lehrsaal<\/em><br><img loading=\"lazy\" decoding=\"async\" width=\"300\" height=\"200\" class=\"wp-image-558\" style=\"width: 300px;\" src=\"http:\/\/neu.wasserwacht-toeging.de\/wp-content\/uploads\/2015\/02\/Bildfolgt.jpg\" alt=\"\"><\/td><td><\/td><\/tr><tr><td><em>Waschhalle (bei der Feuerwehr)<\/em><br><img loading=\"lazy\" decoding=\"async\" width=\"300\" height=\"200\" class=\"wp-image-612\" style=\"width: 300px;\" src=\"http:\/\/neu.wasserwacht-toeging.de\/wp-content\/uploads\/2015\/02\/waschhalle.jpg\" alt=\"\" srcset=\"https:\/\/www.wasserwacht-toeging.de\/wp-content\/uploads\/2015\/02\/waschhalle.jpg 5184w, https:\/\/www.wasserwacht-toeging.de\/wp-content\/uploads\/2015\/02\/waschhalle-300x200.jpg 300w, https:\/\/www.wasserwacht-toeging.de\/wp-content\/uploads\/2015\/02\/waschhalle-1024x683.jpg 1024w\" sizes=\"auto, (max-width: 300px) 100vw, 300px\" \/><\/td><td><\/td><\/tr><\/tbody><\/table><\/figure>\n","protected":false},"excerpt":{"rendered":"<p>Wasserrettungswache T\u00f6gingGr\u00fcnewaldstra\u00dfe 5,84513 T\u00f6ging a.Inn* Einsatzzentrale der SEG T\u00f6ging* B\u00fcro der Ortsgruppenleitung* Ausbildungsstandort Wasserrettungswache Freibad T\u00f6gingHubm\u00fchle 3,84513 T\u00f6ging a.Inn* Wachstation der Wasserwacht im Freibad &#8222;Hubm\u00fchle&#8220; Im Jahr 1991 wurde das &#8222;Rettungszentrum T\u00f6ging&#8220;, ein 6,5 Millionen DM teurer Geb\u00e4udekomplex zwischen der&#46;&#46;&#46;<\/p>\n","protected":false},"author":1,"featured_media":0,"parent":0,"menu_order":0,"comment_status":"open","ping_status":"open","template":"","meta":{"footnotes":""},"class_list":["post-24","page","type-page","status-publish","hentry"],"_links":{"self":[{"href":"https:\/\/www.wasserwacht-toeging.de\/index.php?rest_route=\/wp\/v2\/pages\/24","targetHints":{"allow":["GET"]}}],"collection":[{"href":"https:\/\/www.wasserwacht-toeging.de\/index.php?rest_route=\/wp\/v2\/pages"}],"about":[{"href":"https:\/\/www.wasserwacht-toeging.de\/index.php?rest_route=\/wp\/v2\/types\/page"}],"author":[{"embeddable":true,"href":"https:\/\/www.wasserwacht-toeging.de\/index.php?rest_route=\/wp\/v2\/users\/1"}],"replies":[{"embeddable":true,"href":"https:\/\/www.wasserwacht-toeging.de\/index.php?rest_route=%2Fwp%2Fv2%2Fcomments&post=24"}],"version-history":[{"count":18,"href":"https:\/\/www.wasserwacht-toeging.de\/index.php?rest_route=\/wp\/v2\/pages\/24\/revisions"}],"predecessor-version":[{"id":4025,"href":"https:\/\/www.wasserwacht-toeging.de\/index.php?rest_route=\/wp\/v2\/pages\/24\/revisions\/4025"}],"wp:attachment":[{"href":"https:\/\/www.wasserwacht-toeging.de\/index.php?rest_route=%2Fwp%2Fv2%2Fmedia&parent=24"}],"curies":[{"name":"wp","href":"https:\/\/api.w.org\/{rel}","templated":true}]}}