{"id":26,"date":"2015-02-01T13:04:58","date_gmt":"2015-02-01T13:04:58","guid":{"rendered":"http:\/\/neu.wasserwacht-toeging.de\/?page_id=26"},"modified":"2025-06-22T14:44:05","modified_gmt":"2025-06-22T12:44:05","slug":"jugendgruppe","status":"publish","type":"page","link":"https:\/\/www.wasserwacht-toeging.de\/?page_id=26","title":{"rendered":"Jugendgruppe"},"content":{"rendered":"\n<p>Unsere Jugendgruppe ist eine Gemeinschaft von derzeit etwa 30 aktiven Kindern und Jugendlichen im Alter zwischen 6 und 15 Jahren. Neben Spiel und Spa\u00df steht die Vorbereitung auf den sp\u00e4teren Dienst in der Wasserwacht im Vordergrund der w\u00f6chentlichen Treffen.<\/p>\n\n\n\n<p>Die Jugendgruppe gliedert sich in drei Gruppen:<\/p>\n\n\n\n<p><strong>Gruppe 1<\/strong> (Kinder zwischen 6 und etwa 10 Jahren)<br><em>Ansprechpartnerin: Julia Blaschke<\/em><\/p>\n\n\n\n<p><strong>Gruppe 2 <\/strong>(Kinder zwischen etwa 9 und etwa 12 Jahren)<br><em>Ansprechpartner: Jonas Ebner<\/em><\/p>\n\n\n\n<p><strong>Gruppe 3<\/strong> (Kinder zwischen etwa 12 und 15 Jahren)<br><em>Ansprechpartner: Tobias Wiedenmannott<\/em><\/p>\n\n\n\n<p>Die <strong>Gruppenstunden der Jugendgruppe<\/strong> finden <strong>jeden Freitag von 17.00 Uhr bis 18.30 Uhr<\/strong> in der Rettungswache der Wasserwacht (Gr\u00fcnewaldstra\u00dfe 5 in T\u00f6ging) statt. In den Ferien entfallen die Gruppenabende.<br><br>In den Sommermonaten findet das Schwimmtraining jeden Montag um 18.30 Uhr im Freibad &#8222;Hubm\u00fchle&#8220; sowie ebenfalls im Rahmen der w\u00f6chentlichen Gruppenabende am Freitag statt.<\/p>\n\n\n\n<p>Die genaue Terminplanung erhalten unsere Jungmitglieder von den Gruppenleiterinnen und Gruppenleitern.<\/p>\n\n\n\n<p>Alle Mitarbeiter unserer Jugendleitung verf\u00fcgen \u00fcber das vorgeschriebene erweiterte F\u00fchrungszeugnis.<\/p>\n\n\n\n<figure class=\"wp-block-table\"><table><tbody><tr><td class=\"has-text-align-center\" data-align=\"center\"><\/td><td><strong>Julia Blaschke<\/strong><br>Jugendleiterin<br>Gruppenleiterin Gruppe 1<\/td><td><a href=\"mailto:julia.blaschke@wasserwacht-toeging.de\">E-Mail<\/a><\/td><\/tr><tr><td class=\"has-text-align-center\" data-align=\"center\"><img loading=\"lazy\" decoding=\"async\" width=\"100\" height=\"150\" class=\"wp-image-4798\" style=\"width: 100px;\" src=\"https:\/\/www.wasserwacht-toeging.de\/wp-content\/uploads\/2022\/01\/Werner_Yamila-scaled.jpg\" alt=\"\" srcset=\"https:\/\/www.wasserwacht-toeging.de\/wp-content\/uploads\/2022\/01\/Werner_Yamila-scaled.jpg 1706w, https:\/\/www.wasserwacht-toeging.de\/wp-content\/uploads\/2022\/01\/Werner_Yamila-200x300.jpg 200w, https:\/\/www.wasserwacht-toeging.de\/wp-content\/uploads\/2022\/01\/Werner_Yamila-683x1024.jpg 683w, https:\/\/www.wasserwacht-toeging.de\/wp-content\/uploads\/2022\/01\/Werner_Yamila-768x1152.jpg 768w, https:\/\/www.wasserwacht-toeging.de\/wp-content\/uploads\/2022\/01\/Werner_Yamila-1024x1536.jpg 1024w, https:\/\/www.wasserwacht-toeging.de\/wp-content\/uploads\/2022\/01\/Werner_Yamila-1365x2048.jpg 1365w\" sizes=\"auto, (max-width: 100px) 100vw, 100px\" \/><\/td><td><strong>Yamila Werner<\/strong><br>Stellvertretende Jugendleiterin<br>Gruppenleiterin Gruppe 3<\/td><td><a href=\"mailto:yamila.werner@wasserwacht-toeging.de\">E-Mail<\/a><\/td><\/tr><tr><td class=\"has-text-align-center\" data-align=\"center\"><\/td><td><strong>Benedikt Ebner<\/strong><br>Gruppenleiter Gruppe 1<\/td><td><a href=\"mailto:benedikt.ebner@wasserwacht-toeging.de\">E-Mail<\/a><\/td><\/tr><tr><td class=\"has-text-align-center\" data-align=\"center\"><\/td><td><strong>Jonas Ebner<\/strong><br>Gruppenleiter Gruppe 2<\/td><td><a href=\"mailto:jonas.ebner@wasserwacht-toeging.de\">E-Mail<\/a><\/td><\/tr><tr><td class=\"has-text-align-center\" data-align=\"center\"><img loading=\"lazy\" decoding=\"async\" width=\"100\" height=\"150\" class=\"wp-image-4796\" style=\"width: 100px;\" src=\"https:\/\/www.wasserwacht-toeging.de\/wp-content\/uploads\/2022\/01\/Wendt_Amita-scaled.jpg\" alt=\"\" srcset=\"https:\/\/www.wasserwacht-toeging.de\/wp-content\/uploads\/2022\/01\/Wendt_Amita-scaled.jpg 1707w, https:\/\/www.wasserwacht-toeging.de\/wp-content\/uploads\/2022\/01\/Wendt_Amita-200x300.jpg 200w, https:\/\/www.wasserwacht-toeging.de\/wp-content\/uploads\/2022\/01\/Wendt_Amita-683x1024.jpg 683w, https:\/\/www.wasserwacht-toeging.de\/wp-content\/uploads\/2022\/01\/Wendt_Amita-768x1152.jpg 768w, https:\/\/www.wasserwacht-toeging.de\/wp-content\/uploads\/2022\/01\/Wendt_Amita-1024x1536.jpg 1024w, https:\/\/www.wasserwacht-toeging.de\/wp-content\/uploads\/2022\/01\/Wendt_Amita-1366x2048.jpg 1366w\" sizes=\"auto, (max-width: 100px) 100vw, 100px\" \/><\/td><td><strong>Anita Wendt-Wallner<\/strong><br>Gruppenleiterin Gruppe 2<\/td><td><a href=\"mailto:anita.wendt@wasserwacht-toeging.de\">E-Mail<\/a><\/td><\/tr><tr><td class=\"has-text-align-center\" data-align=\"center\"><\/td><td><strong>Tobias Wiedenmannott<\/strong><br>Gruppenleiter Gruppe 3<\/td><td><a href=\"mailto:tobias.wiedenmannott@wasserwacht-toeging.de\">E-Mail<\/a><\/td><\/tr><tr><td class=\"has-text-align-center\" data-align=\"center\"><img loading=\"lazy\" decoding=\"async\" width=\"100\" height=\"150\" class=\"wp-image-4794\" style=\"width: 100px;\" src=\"https:\/\/www.wasserwacht-toeging.de\/wp-content\/uploads\/2022\/01\/Bonengel_Tobias-scaled.jpg\" alt=\"\" srcset=\"https:\/\/www.wasserwacht-toeging.de\/wp-content\/uploads\/2022\/01\/Bonengel_Tobias-scaled.jpg 1707w, https:\/\/www.wasserwacht-toeging.de\/wp-content\/uploads\/2022\/01\/Bonengel_Tobias-200x300.jpg 200w, https:\/\/www.wasserwacht-toeging.de\/wp-content\/uploads\/2022\/01\/Bonengel_Tobias-683x1024.jpg 683w, https:\/\/www.wasserwacht-toeging.de\/wp-content\/uploads\/2022\/01\/Bonengel_Tobias-768x1152.jpg 768w, https:\/\/www.wasserwacht-toeging.de\/wp-content\/uploads\/2022\/01\/Bonengel_Tobias-1024x1536.jpg 1024w, https:\/\/www.wasserwacht-toeging.de\/wp-content\/uploads\/2022\/01\/Bonengel_Tobias-1365x2048.jpg 1365w\" sizes=\"auto, (max-width: 100px) 100vw, 100px\" \/><\/td><td><strong>Tobias Bonengel<\/strong><br>Gruppenleiter Gruppe 3<\/td><td><a href=\"mailto:tobias.bonengel@wasserwacht-toeging.de\">E-Mail<\/a><\/td><\/tr><\/tbody><\/table><\/figure>\n","protected":false},"excerpt":{"rendered":"<p>Unsere Jugendgruppe ist eine Gemeinschaft von derzeit etwa 30 aktiven Kindern und Jugendlichen im Alter zwischen 6 und 15 Jahren. Neben Spiel und Spa\u00df steht die Vorbereitung auf den sp\u00e4teren Dienst in der Wasserwacht im Vordergrund der w\u00f6chentlichen Treffen. Die&#46;&#46;&#46;<\/p>\n","protected":false},"author":1,"featured_media":0,"parent":0,"menu_order":0,"comment_status":"open","ping_status":"open","template":"","meta":{"footnotes":""},"class_list":["post-26","page","type-page","status-publish","hentry"],"_links":{"self":[{"href":"https:\/\/www.wasserwacht-toeging.de\/index.php?rest_route=\/wp\/v2\/pages\/26","targetHints":{"allow":["GET"]}}],"collection":[{"href":"https:\/\/www.wasserwacht-toeging.de\/index.php?rest_route=\/wp\/v2\/pages"}],"about":[{"href":"https:\/\/www.wasserwacht-toeging.de\/index.php?rest_route=\/wp\/v2\/types\/page"}],"author":[{"embeddable":true,"href":"https:\/\/www.wasserwacht-toeging.de\/index.php?rest_route=\/wp\/v2\/users\/1"}],"replies":[{"embeddable":true,"href":"https:\/\/www.wasserwacht-toeging.de\/index.php?rest_route=%2Fwp%2Fv2%2Fcomments&post=26"}],"version-history":[{"count":70,"href":"https:\/\/www.wasserwacht-toeging.de\/index.php?rest_route=\/wp\/v2\/pages\/26\/revisions"}],"predecessor-version":[{"id":6463,"href":"https:\/\/www.wasserwacht-toeging.de\/index.php?rest_route=\/wp\/v2\/pages\/26\/revisions\/6463"}],"wp:attachment":[{"href":"https:\/\/www.wasserwacht-toeging.de\/index.php?rest_route=%2Fwp%2Fv2%2Fmedia&parent=26"}],"curies":[{"name":"wp","href":"https:\/\/api.w.org\/{rel}","templated":true}]}}