{"id":261,"date":"2015-02-08T12:53:28","date_gmt":"2015-02-08T12:53:28","guid":{"rendered":"http:\/\/neu.wasserwacht-toeging.de\/?page_id=261"},"modified":"2015-02-15T20:07:09","modified_gmt":"2015-02-15T20:07:09","slug":"einsaetze-002-008-2015","status":"publish","type":"page","link":"https:\/\/www.wasserwacht-toeging.de\/?page_id=261","title":{"rendered":"Eins\u00e4tze 002-008 2015"},"content":{"rendered":"<p><strong>Datum:<\/strong> 07.02.2015<br \/>\n<strong>Einsatzbeginn:<\/strong> 12:00 Uhr<br \/>\n<strong>Einsatzart: <\/strong><span style=\"text-decoration: underline;\">Sanit\u00e4tsdienst<\/span><br \/>\n<strong>Einsatzort:<\/strong> <span style=\"text-decoration: underline;\">Mehrzweckhalle T\u00f6ging<\/span><br \/>\n<strong>Einsatzstichwort:<\/strong> <span style=\"text-decoration: underline;\">Tanzveranstaltung<\/span><\/p>\n<hr \/>\n<p><strong>Einsatzkr\u00e4fte:<\/strong> 3<br \/>\n<strong>Eingesetzte Fahrzeuge:<\/strong><br \/>\nMannschaftswagen 91\/1<\/p>\n<hr \/>\n<p><strong>Weitere Einsatzkr\u00e4fte:<br \/>\n<\/strong>&#8212;<\/p>\n<hr \/>\n<p><strong>Bericht:<\/strong><br \/>\nAbsicherung einer Showtanzveranstaltung. Es wurden sieben Erste Hilfe-Leistungen durchgef\u00fchrt.<\/p>\n<p>&nbsp;<\/p>\n<p>&nbsp;<\/p>\n","protected":false},"excerpt":{"rendered":"<p>Datum: 07.02.2015 Einsatzbeginn: 12:00 Uhr Einsatzart: Sanit\u00e4tsdienst Einsatzort: Mehrzweckhalle T\u00f6ging Einsatzstichwort: Tanzveranstaltung Einsatzkr\u00e4fte: 3 Eingesetzte Fahrzeuge: Mannschaftswagen 91\/1 Weitere Einsatzkr\u00e4fte: &#8212; Bericht: Absicherung einer Showtanzveranstaltung. Es wurden sieben Erste Hilfe-Leistungen durchgef\u00fchrt. &nbsp; &nbsp;<\/p>\n","protected":false},"author":1,"featured_media":0,"parent":0,"menu_order":0,"comment_status":"closed","ping_status":"closed","template":"","meta":{"footnotes":""},"class_list":["post-261","page","type-page","status-publish","hentry"],"_links":{"self":[{"href":"https:\/\/www.wasserwacht-toeging.de\/index.php?rest_route=\/wp\/v2\/pages\/261","targetHints":{"allow":["GET"]}}],"collection":[{"href":"https:\/\/www.wasserwacht-toeging.de\/index.php?rest_route=\/wp\/v2\/pages"}],"about":[{"href":"https:\/\/www.wasserwacht-toeging.de\/index.php?rest_route=\/wp\/v2\/types\/page"}],"author":[{"embeddable":true,"href":"https:\/\/www.wasserwacht-toeging.de\/index.php?rest_route=\/wp\/v2\/users\/1"}],"replies":[{"embeddable":true,"href":"https:\/\/www.wasserwacht-toeging.de\/index.php?rest_route=%2Fwp%2Fv2%2Fcomments&post=261"}],"version-history":[{"count":2,"href":"https:\/\/www.wasserwacht-toeging.de\/index.php?rest_route=\/wp\/v2\/pages\/261\/revisions"}],"predecessor-version":[{"id":471,"href":"https:\/\/www.wasserwacht-toeging.de\/index.php?rest_route=\/wp\/v2\/pages\/261\/revisions\/471"}],"wp:attachment":[{"href":"https:\/\/www.wasserwacht-toeging.de\/index.php?rest_route=%2Fwp%2Fv2%2Fmedia&parent=261"}],"curies":[{"name":"wp","href":"https:\/\/api.w.org\/{rel}","templated":true}]}}