{"id":2623,"date":"2017-04-14T08:33:43","date_gmt":"2017-04-14T08:33:43","guid":{"rendered":"http:\/\/neu.wasserwacht-toeging.de\/?page_id=2623"},"modified":"2017-04-14T08:35:59","modified_gmt":"2017-04-14T08:35:59","slug":"einsatz-009-2017","status":"publish","type":"page","link":"https:\/\/www.wasserwacht-toeging.de\/?page_id=2623","title":{"rendered":"Einsatz 009 2017"},"content":{"rendered":"<p><strong>Datum:<\/strong> 19.03.2017<br \/>\n<strong>Einsatzbeginn:<\/strong> 11:33 Uhr<br \/>\n<strong>Einsatzart: <\/strong>SEG-Einsatz<br \/>\n<strong>Einsatzort:<\/strong> Innkanal Stadtgebiet T\u00f6ging<br \/>\n<strong>Einsatzstichwort:<\/strong> Tierbergung<\/p>\n<hr \/>\n<p><strong>Einsatzkr\u00e4fte:<\/strong> 11<br \/>\n<strong>Eingesetzte Fahrzeuge:<\/strong><br \/>\nKommandowagen 90\/1<br \/>\nGW Wasserrettung 91\/1<br \/>\nGW Boot 91\/2<br \/>\nMotorrettungsboot 99\/2<br \/>\nMotorrettungsboot 99\/1<br \/>\n<strong>Weitere Einsatzkr\u00e4fte:<br \/>\n<\/strong>Feuerwehr M\u00fchldorf a.Inn<br \/>\nJ\u00e4ger<\/p>\n<hr \/>\n<p><strong>Bericht:<\/strong><br \/>\nDie SEG T\u00f6ging wurde alarmiert, um ein totes Reh aus dem Innkanal zu bergen. Das Tier hatte sich in Ufern\u00e4he an einem Baum verfangen. Zeugen hatten zuvor die Polizei verst\u00e4ndigt. Das tote Tier wurde mit dem Boot geborgen und an den Jagdp\u00e4chter \u00fcbergeben.<\/p>\n<hr \/>\n<p><strong>Fotos:<\/strong><\/p>\n<p><a href=\"http:\/\/neu.wasserwacht-toeging.de\/wp-content\/uploads\/2017\/03\/170319_Reh_01.jpg\"><img loading=\"lazy\" decoding=\"async\" class=\"alignleft size-medium wp-image-2598\" src=\"http:\/\/neu.wasserwacht-toeging.de\/wp-content\/uploads\/2017\/03\/170319_Reh_01-300x200.jpg\" alt=\"\" width=\"300\" height=\"200\" srcset=\"https:\/\/www.wasserwacht-toeging.de\/wp-content\/uploads\/2017\/03\/170319_Reh_01-300x200.jpg 300w, https:\/\/www.wasserwacht-toeging.de\/wp-content\/uploads\/2017\/03\/170319_Reh_01-768x512.jpg 768w, https:\/\/www.wasserwacht-toeging.de\/wp-content\/uploads\/2017\/03\/170319_Reh_01.jpg 1000w\" sizes=\"auto, (max-width: 300px) 100vw, 300px\" \/><\/a><\/p>\n","protected":false},"excerpt":{"rendered":"<p>Datum: 19.03.2017 Einsatzbeginn: 11:33 Uhr Einsatzart: SEG-Einsatz Einsatzort: Innkanal Stadtgebiet T\u00f6ging Einsatzstichwort: Tierbergung Einsatzkr\u00e4fte: 11 Eingesetzte Fahrzeuge: Kommandowagen 90\/1 GW Wasserrettung 91\/1 GW Boot 91\/2 Motorrettungsboot 99\/2 Motorrettungsboot 99\/1 Weitere Einsatzkr\u00e4fte: Feuerwehr M\u00fchldorf a.Inn J\u00e4ger Bericht: Die SEG T\u00f6ging wurde&#46;&#46;&#46;<\/p>\n","protected":false},"author":1,"featured_media":0,"parent":0,"menu_order":0,"comment_status":"closed","ping_status":"closed","template":"","meta":{"footnotes":""},"class_list":["post-2623","page","type-page","status-publish","hentry"],"_links":{"self":[{"href":"https:\/\/www.wasserwacht-toeging.de\/index.php?rest_route=\/wp\/v2\/pages\/2623","targetHints":{"allow":["GET"]}}],"collection":[{"href":"https:\/\/www.wasserwacht-toeging.de\/index.php?rest_route=\/wp\/v2\/pages"}],"about":[{"href":"https:\/\/www.wasserwacht-toeging.de\/index.php?rest_route=\/wp\/v2\/types\/page"}],"author":[{"embeddable":true,"href":"https:\/\/www.wasserwacht-toeging.de\/index.php?rest_route=\/wp\/v2\/users\/1"}],"replies":[{"embeddable":true,"href":"https:\/\/www.wasserwacht-toeging.de\/index.php?rest_route=%2Fwp%2Fv2%2Fcomments&post=2623"}],"version-history":[{"count":2,"href":"https:\/\/www.wasserwacht-toeging.de\/index.php?rest_route=\/wp\/v2\/pages\/2623\/revisions"}],"predecessor-version":[{"id":2626,"href":"https:\/\/www.wasserwacht-toeging.de\/index.php?rest_route=\/wp\/v2\/pages\/2623\/revisions\/2626"}],"wp:attachment":[{"href":"https:\/\/www.wasserwacht-toeging.de\/index.php?rest_route=%2Fwp%2Fv2%2Fmedia&parent=2623"}],"curies":[{"name":"wp","href":"https:\/\/api.w.org\/{rel}","templated":true}]}}