{"id":2649,"date":"2017-04-22T16:07:45","date_gmt":"2017-04-22T16:07:45","guid":{"rendered":"http:\/\/neu.wasserwacht-toeging.de\/?page_id=2649"},"modified":"2017-04-22T16:07:45","modified_gmt":"2017-04-22T16:07:45","slug":"einsatz-011-2017","status":"publish","type":"page","link":"https:\/\/www.wasserwacht-toeging.de\/?page_id=2649","title":{"rendered":"Einsatz 011 2017"},"content":{"rendered":"<p><strong>Datum:<\/strong> 22.04.2017<br \/>\n<strong>Einsatzbeginn:<\/strong> 12:55 Uhr<br \/>\n<strong>Einsatzart: <\/strong>SEG-Einsatz<br \/>\n<strong>Einsatzort:<\/strong> Innkanal Stadtgebiet T\u00f6ging<br \/>\n<strong>Einsatzstichwort:<\/strong> Tierbergung<\/p>\n<hr \/>\n<p><strong>Einsatzkr\u00e4fte:<\/strong> 5<br \/>\n<strong>Eingesetzte Fahrzeuge:<\/strong><br \/>\nKommandowagen 90\/1<br \/>\nGW Wasserrettung 91\/1<br \/>\nGW Boot 91\/2<br \/>\nMotorrettungsboot 99\/2<br \/>\nMotorrettungsboot 99\/1<br \/>\n<strong>Weitere Einsatzkr\u00e4fte:<\/strong><br \/>\nJ\u00e4ger<\/p>\n<hr \/>\n<p><strong>Bericht:<\/strong><br \/>\nDie Wasserwacht T\u00f6ging-Winh\u00f6ring wurde durch eine B\u00fcrgerin verst\u00e4ndigt, dass im Innkanal auf H\u00f6he des Hafens ein totes Reh im Wasser treibe. Das Tier, das vorbeikommenden Spazierg\u00e4ngern keinen sch\u00f6nen Anblick bot, wurde mit dem Schlauchboot geborgen und an den Jagdp\u00e4chter \u00fcbergeben.<\/p>\n","protected":false},"excerpt":{"rendered":"<p>Datum: 22.04.2017 Einsatzbeginn: 12:55 Uhr Einsatzart: SEG-Einsatz Einsatzort: Innkanal Stadtgebiet T\u00f6ging Einsatzstichwort: Tierbergung Einsatzkr\u00e4fte: 5 Eingesetzte Fahrzeuge: Kommandowagen 90\/1 GW Wasserrettung 91\/1 GW Boot 91\/2 Motorrettungsboot 99\/2 Motorrettungsboot 99\/1 Weitere Einsatzkr\u00e4fte: J\u00e4ger Bericht: Die Wasserwacht T\u00f6ging-Winh\u00f6ring wurde durch eine B\u00fcrgerin&#46;&#46;&#46;<\/p>\n","protected":false},"author":1,"featured_media":0,"parent":0,"menu_order":0,"comment_status":"closed","ping_status":"closed","template":"","meta":{"footnotes":""},"class_list":["post-2649","page","type-page","status-publish","hentry"],"_links":{"self":[{"href":"https:\/\/www.wasserwacht-toeging.de\/index.php?rest_route=\/wp\/v2\/pages\/2649","targetHints":{"allow":["GET"]}}],"collection":[{"href":"https:\/\/www.wasserwacht-toeging.de\/index.php?rest_route=\/wp\/v2\/pages"}],"about":[{"href":"https:\/\/www.wasserwacht-toeging.de\/index.php?rest_route=\/wp\/v2\/types\/page"}],"author":[{"embeddable":true,"href":"https:\/\/www.wasserwacht-toeging.de\/index.php?rest_route=\/wp\/v2\/users\/1"}],"replies":[{"embeddable":true,"href":"https:\/\/www.wasserwacht-toeging.de\/index.php?rest_route=%2Fwp%2Fv2%2Fcomments&post=2649"}],"version-history":[{"count":1,"href":"https:\/\/www.wasserwacht-toeging.de\/index.php?rest_route=\/wp\/v2\/pages\/2649\/revisions"}],"predecessor-version":[{"id":2650,"href":"https:\/\/www.wasserwacht-toeging.de\/index.php?rest_route=\/wp\/v2\/pages\/2649\/revisions\/2650"}],"wp:attachment":[{"href":"https:\/\/www.wasserwacht-toeging.de\/index.php?rest_route=%2Fwp%2Fv2%2Fmedia&parent=2649"}],"curies":[{"name":"wp","href":"https:\/\/api.w.org\/{rel}","templated":true}]}}