{"id":2667,"date":"2017-04-30T13:54:15","date_gmt":"2017-04-30T13:54:15","guid":{"rendered":"http:\/\/neu.wasserwacht-toeging.de\/?page_id=2667"},"modified":"2017-04-30T13:54:15","modified_gmt":"2017-04-30T13:54:15","slug":"einsatz-012-2017","status":"publish","type":"page","link":"https:\/\/www.wasserwacht-toeging.de\/?page_id=2667","title":{"rendered":"Einsatz 012 2017"},"content":{"rendered":"<div class=\"entry-content cf\">\n<p><strong>Datum:<\/strong> 29.04.2017<br \/>\n<strong>Einsatzbeginn:<\/strong> 08:30 Uhr<br \/>\n<strong>Einsatzart: <\/strong>SEG-Einsatz<br \/>\n<strong>Einsatzort:<\/strong> Inn zwischen T\u00f6ging und Neu\u00f6tting<br \/>\n<strong>Einsatzstichwort:<\/strong> Absicherung Regatta<\/p>\n<hr \/>\n<p><strong>Einsatzkr\u00e4fte:<\/strong> 11<br \/>\n<strong>Eingesetzte Fahrzeuge:<\/strong><br \/>\nKommandowagen 90\/1<br \/>\nGW Wasserrettung 91\/1<br \/>\nGW Boot 91\/2<br \/>\nMotorrettungsboot 99\/1<br \/>\nMotorrettungsboot 99\/2<br \/>\n<strong>Weitere Einsatzkr\u00e4fte:<\/strong><br \/>\nWasserwacht Alt\u00f6tting-Neu\u00f6tting<br \/>\nELW2 Wasserwacht Alt\u00f6tting Land 13\/1<\/p>\n<hr \/>\n<p><strong>Bericht:<\/strong><br \/>\nMit insgesamt drei Rettungsbooten sicherten die Wasserwachten T\u00f6ging-Winh\u00f6ring und Alt\u00f6tting-Neu\u00f6tting die Ruderregatta \u201eInn Beaver Race\u201c des Postsportvereins (PSV) M\u00fchldorf ab. Insgesamt 14 Boote begaben sich auf die 10 km lange Regattastrecke.<br \/>\nStart war auf H\u00f6he des Baggerweihers in Winh\u00f6ring-Kronberg. Anschlie\u00dfend ging es etwa 5 km flussaufw\u00e4rts bis zur Wendeboje kurz nach dem Zusammenfluss von Inn und Innkanal in T\u00f6ging. Die anschlie\u00dfende Fahrt fl<span class=\"text_exposed_show\">ussabw\u00e4rts endete am Bootshaus des PSV in Wasserwimm.<br \/>\nDie Veranstaltung verlief problemlos und ohne jegliches Eingreifen der Wasserretter.<\/span><\/p>\n<hr \/>\n<p><strong>Fotos:<\/strong><\/p>\n<p><a href=\"http:\/\/neu.wasserwacht-toeging.de\/wp-content\/uploads\/2017\/04\/170430_InnBeaver_01.jpg\"><img loading=\"lazy\" decoding=\"async\" class=\"alignleft size-thumbnail wp-image-2661\" src=\"http:\/\/neu.wasserwacht-toeging.de\/wp-content\/uploads\/2017\/04\/170430_InnBeaver_01-150x150.jpg\" alt=\"\" width=\"150\" height=\"150\" \/><\/a><\/p>\n<\/div>\n","protected":false},"excerpt":{"rendered":"<p>Datum: 29.04.2017 Einsatzbeginn: 08:30 Uhr Einsatzart: SEG-Einsatz Einsatzort: Inn zwischen T\u00f6ging und Neu\u00f6tting Einsatzstichwort: Absicherung Regatta Einsatzkr\u00e4fte: 11 Eingesetzte Fahrzeuge: Kommandowagen 90\/1 GW Wasserrettung 91\/1 GW Boot 91\/2 Motorrettungsboot 99\/1 Motorrettungsboot 99\/2 Weitere Einsatzkr\u00e4fte: Wasserwacht Alt\u00f6tting-Neu\u00f6tting ELW2 Wasserwacht Alt\u00f6tting Land&#46;&#46;&#46;<\/p>\n","protected":false},"author":1,"featured_media":0,"parent":0,"menu_order":0,"comment_status":"closed","ping_status":"closed","template":"","meta":{"footnotes":""},"class_list":["post-2667","page","type-page","status-publish","hentry"],"_links":{"self":[{"href":"https:\/\/www.wasserwacht-toeging.de\/index.php?rest_route=\/wp\/v2\/pages\/2667","targetHints":{"allow":["GET"]}}],"collection":[{"href":"https:\/\/www.wasserwacht-toeging.de\/index.php?rest_route=\/wp\/v2\/pages"}],"about":[{"href":"https:\/\/www.wasserwacht-toeging.de\/index.php?rest_route=\/wp\/v2\/types\/page"}],"author":[{"embeddable":true,"href":"https:\/\/www.wasserwacht-toeging.de\/index.php?rest_route=\/wp\/v2\/users\/1"}],"replies":[{"embeddable":true,"href":"https:\/\/www.wasserwacht-toeging.de\/index.php?rest_route=%2Fwp%2Fv2%2Fcomments&post=2667"}],"version-history":[{"count":1,"href":"https:\/\/www.wasserwacht-toeging.de\/index.php?rest_route=\/wp\/v2\/pages\/2667\/revisions"}],"predecessor-version":[{"id":2668,"href":"https:\/\/www.wasserwacht-toeging.de\/index.php?rest_route=\/wp\/v2\/pages\/2667\/revisions\/2668"}],"wp:attachment":[{"href":"https:\/\/www.wasserwacht-toeging.de\/index.php?rest_route=%2Fwp%2Fv2%2Fmedia&parent=2667"}],"curies":[{"name":"wp","href":"https:\/\/api.w.org\/{rel}","templated":true}]}}