{"id":2724,"date":"2017-07-02T09:32:31","date_gmt":"2017-07-02T09:32:31","guid":{"rendered":"http:\/\/neu.wasserwacht-toeging.de\/?page_id=2724"},"modified":"2017-09-03T17:32:12","modified_gmt":"2017-09-03T17:32:12","slug":"einsatz-015-2017","status":"publish","type":"page","link":"https:\/\/www.wasserwacht-toeging.de\/?page_id=2724","title":{"rendered":"Einsatz 015 2017"},"content":{"rendered":"<p><strong>Datum:<\/strong> 26.05.2017<br \/>\n<strong>Einsatzbeginn:<\/strong> 12:54 Uhr<br \/>\n<strong>Einsatzart: <\/strong>SEG-Einsatz<br \/>\n<strong>Einsatzort:<\/strong> Innkanal M\u00fchldorf bis T\u00f6ging<br \/>\n<strong>Einsatzstichwort:<\/strong> Person im Wasser<\/p>\n<hr \/>\n<p><strong>Einsatzkr\u00e4fte:<\/strong> 10<br \/>\n<strong>Eingesetzte Fahrzeuge:<\/strong><br \/>\nKommandowagen 90\/1<br \/>\nGW Wasserrettung 91\/1<br \/>\nGW Boot 91\/2<br \/>\nMotorrettungsboot 99\/1<br \/>\nMotorrettungsboot 99\/2<br \/>\n<strong>Weitere Einsatzkr\u00e4fte:<\/strong><br \/>\nEinsatzleiter Wasserrettung Landkreis Alt\u00f6tting<br \/>\nEinsatzleiter Wasserrettung Landkreis M\u00fchldorf<br \/>\nWasserwacht M\u00fchldorf<br \/>\nWasserwacht Waldkraiburg<br \/>\nDLRG M\u00fchldorf<br \/>\nEinsatzleiter Rettungsdienst M\u00fchldorf<br \/>\nBRK-Rettungsdienst<br \/>\nSEG Transport M\u00fchldorf<br \/>\nFeuerwehr T\u00f6ging a. Inn<br \/>\nFeuerwehren Landkreis M\u00fchldorf<br \/>\nPolizeiinspektion Alt\u00f6tting<br \/>\nPolizeiinspektion M\u00fchldorf<\/p>\n<hr \/>\n<p><strong>Bericht:<\/strong><br \/>\nDie Wasserwacht T\u00f6ging-Winh\u00f6ring wurde zur Personenrettung an den Innkanal alarmiert. Zwei Zeuginnen hatten eine treibende Person auf H\u00f6he der Br\u00fccke M\u00f6\u00dflinger Stra\u00dfe in M\u00fchldorf in Richtung T\u00f6ging treibend gesichtet.<br \/>\nTrotz eines sofortigen Gro\u00dfeinsatzes der Wasserrettung gelang es nicht, die Person zu finden, die vermutlich zwischenzeitlich im Kanal versunken ist. Aufgrund der<span id=\"more-2692\"><\/span> extrem starken Str\u00f6mungsgeschwindigkeit ist derzeit auch ein <span class=\"text_exposed_show\">Einsatz von Rettungstauchern ausgeschlossen. Die Suche musste nach mehreren Stunden abgebrochen werden. Dass sich eine Person im Innkanal befindet, gilt als sicher.<\/span><\/p>\n<hr \/>\n<p><strong>Fotos:<\/strong><\/p>\n<p><a href=\"http:\/\/neu.wasserwacht-toeging.de\/wp-content\/uploads\/2017\/06\/170526_PersonimKanal_01.jpg\"><img loading=\"lazy\" decoding=\"async\" class=\"alignleft size-thumbnail wp-image-2698\" src=\"http:\/\/neu.wasserwacht-toeging.de\/wp-content\/uploads\/2017\/06\/170526_PersonimKanal_01-150x150.jpg\" alt=\"\" width=\"150\" height=\"150\" \/><\/a><\/p>\n<p>&nbsp;<\/p>\n<p>&nbsp;<\/p>\n<p>&nbsp;<\/p>\n<p>&nbsp;<\/p>\n<p>&nbsp;<\/p>\n<hr \/>\n<p><strong>Presse:<\/strong><\/p>\n<p><a href=\"http:\/\/neu.wasserwacht-toeging.de\/wp-content\/uploads\/2017\/08\/170527_ANA.jpg\"><img loading=\"lazy\" decoding=\"async\" class=\"alignleft size-thumbnail wp-image-2879\" src=\"http:\/\/neu.wasserwacht-toeging.de\/wp-content\/uploads\/2017\/08\/170527_ANA-150x150.jpg\" alt=\"\" width=\"150\" height=\"150\" \/><\/a><\/p>\n","protected":false},"excerpt":{"rendered":"<p>Datum: 26.05.2017 Einsatzbeginn: 12:54 Uhr Einsatzart: SEG-Einsatz Einsatzort: Innkanal M\u00fchldorf bis T\u00f6ging Einsatzstichwort: Person im Wasser Einsatzkr\u00e4fte: 10 Eingesetzte Fahrzeuge: Kommandowagen 90\/1 GW Wasserrettung 91\/1 GW Boot 91\/2 Motorrettungsboot 99\/1 Motorrettungsboot 99\/2 Weitere Einsatzkr\u00e4fte: Einsatzleiter Wasserrettung Landkreis Alt\u00f6tting Einsatzleiter Wasserrettung&#46;&#46;&#46;<\/p>\n","protected":false},"author":1,"featured_media":0,"parent":0,"menu_order":0,"comment_status":"closed","ping_status":"closed","template":"","meta":{"footnotes":""},"class_list":["post-2724","page","type-page","status-publish","hentry"],"_links":{"self":[{"href":"https:\/\/www.wasserwacht-toeging.de\/index.php?rest_route=\/wp\/v2\/pages\/2724","targetHints":{"allow":["GET"]}}],"collection":[{"href":"https:\/\/www.wasserwacht-toeging.de\/index.php?rest_route=\/wp\/v2\/pages"}],"about":[{"href":"https:\/\/www.wasserwacht-toeging.de\/index.php?rest_route=\/wp\/v2\/types\/page"}],"author":[{"embeddable":true,"href":"https:\/\/www.wasserwacht-toeging.de\/index.php?rest_route=\/wp\/v2\/users\/1"}],"replies":[{"embeddable":true,"href":"https:\/\/www.wasserwacht-toeging.de\/index.php?rest_route=%2Fwp%2Fv2%2Fcomments&post=2724"}],"version-history":[{"count":3,"href":"https:\/\/www.wasserwacht-toeging.de\/index.php?rest_route=\/wp\/v2\/pages\/2724\/revisions"}],"predecessor-version":[{"id":2882,"href":"https:\/\/www.wasserwacht-toeging.de\/index.php?rest_route=\/wp\/v2\/pages\/2724\/revisions\/2882"}],"wp:attachment":[{"href":"https:\/\/www.wasserwacht-toeging.de\/index.php?rest_route=%2Fwp%2Fv2%2Fmedia&parent=2724"}],"curies":[{"name":"wp","href":"https:\/\/api.w.org\/{rel}","templated":true}]}}