{"id":2737,"date":"2017-07-02T10:37:09","date_gmt":"2017-07-02T10:37:09","guid":{"rendered":"http:\/\/neu.wasserwacht-toeging.de\/?page_id=2737"},"modified":"2017-07-23T13:35:31","modified_gmt":"2017-07-23T13:35:31","slug":"einsaetze-057-065-2017","status":"publish","type":"page","link":"https:\/\/www.wasserwacht-toeging.de\/?page_id=2737","title":{"rendered":"Eins\u00e4tze 058 &#8211; 066 2017"},"content":{"rendered":"<p><strong>Datum:<\/strong> 17.06.2017<br \/>\n<strong>Einsatzbeginn:<\/strong> 15:00 Uhr<br \/>\n<strong>Einsatzart: <\/strong>Sanit\u00e4tsdienst<br \/>\n<strong>Einsatzort:<\/strong> Rathausplatz und Hauptstra\u00dfe T\u00f6ging<br \/>\n<strong>Einsatzstichwort:<\/strong> Stadtfest<\/p>\n<hr \/>\n<p><strong>Einsatzkr\u00e4fte:<\/strong> 5<br \/>\n<strong>Eingesetzte Fahrzeuge:<\/strong><br \/>\nGW Boot 91\/2<br \/>\n<strong>Weitere Einsatzkr\u00e4fte:<\/strong><br \/>\nBRK-Rettungsdienst (1 RTW)<\/p>\n<hr \/>\n<p><strong>Bericht:<\/strong><br \/>\nDie Wasserwacht T\u00f6ging sicherte das Stadtfest T\u00f6ging mit einem Sanit\u00e4tsdienst ab. Insgesamt wurden neun Eins\u00e4tze durchgef\u00fchrt, davon f\u00fcnf chirurgische und vier internistische Eins\u00e4tze. Eine Person wurde vom Rettungsdienst in ein Krankenhaus gebracht.<\/p>\n","protected":false},"excerpt":{"rendered":"<p>Datum: 17.06.2017 Einsatzbeginn: 15:00 Uhr Einsatzart: Sanit\u00e4tsdienst Einsatzort: Rathausplatz und Hauptstra\u00dfe T\u00f6ging Einsatzstichwort: Stadtfest Einsatzkr\u00e4fte: 5 Eingesetzte Fahrzeuge: GW Boot 91\/2 Weitere Einsatzkr\u00e4fte: BRK-Rettungsdienst (1 RTW) Bericht: Die Wasserwacht T\u00f6ging sicherte das Stadtfest T\u00f6ging mit einem Sanit\u00e4tsdienst ab. Insgesamt wurden&#46;&#46;&#46;<\/p>\n","protected":false},"author":1,"featured_media":0,"parent":0,"menu_order":0,"comment_status":"closed","ping_status":"closed","template":"","meta":{"footnotes":""},"class_list":["post-2737","page","type-page","status-publish","hentry"],"_links":{"self":[{"href":"https:\/\/www.wasserwacht-toeging.de\/index.php?rest_route=\/wp\/v2\/pages\/2737","targetHints":{"allow":["GET"]}}],"collection":[{"href":"https:\/\/www.wasserwacht-toeging.de\/index.php?rest_route=\/wp\/v2\/pages"}],"about":[{"href":"https:\/\/www.wasserwacht-toeging.de\/index.php?rest_route=\/wp\/v2\/types\/page"}],"author":[{"embeddable":true,"href":"https:\/\/www.wasserwacht-toeging.de\/index.php?rest_route=\/wp\/v2\/users\/1"}],"replies":[{"embeddable":true,"href":"https:\/\/www.wasserwacht-toeging.de\/index.php?rest_route=%2Fwp%2Fv2%2Fcomments&post=2737"}],"version-history":[{"count":2,"href":"https:\/\/www.wasserwacht-toeging.de\/index.php?rest_route=\/wp\/v2\/pages\/2737\/revisions"}],"predecessor-version":[{"id":2772,"href":"https:\/\/www.wasserwacht-toeging.de\/index.php?rest_route=\/wp\/v2\/pages\/2737\/revisions\/2772"}],"wp:attachment":[{"href":"https:\/\/www.wasserwacht-toeging.de\/index.php?rest_route=%2Fwp%2Fv2%2Fmedia&parent=2737"}],"curies":[{"name":"wp","href":"https:\/\/api.w.org\/{rel}","templated":true}]}}