{"id":2773,"date":"2017-07-23T13:38:56","date_gmt":"2017-07-23T13:38:56","guid":{"rendered":"http:\/\/neu.wasserwacht-toeging.de\/?page_id=2773"},"modified":"2017-09-03T17:11:41","modified_gmt":"2017-09-03T17:11:41","slug":"einsatz-057-2017","status":"publish","type":"page","link":"https:\/\/www.wasserwacht-toeging.de\/?page_id=2773","title":{"rendered":"Einsatz 057 2017"},"content":{"rendered":"<p><strong>Datum:<\/strong> 10.06.2017<br \/>\n<strong>Einsatzbeginn:<\/strong> 16:15 Uhr<br \/>\n<strong>Einsatzart: <\/strong>SEG-Einsatz<br \/>\n<strong>Einsatzort:<\/strong> Innkanal T\u00f6ging<br \/>\n<strong>Einsatzstichwort:<\/strong> Totenbergung<\/p>\n<hr \/>\n<p><strong>Einsatzkr\u00e4fte:<\/strong> 11<br \/>\n<strong>Eingesetzte Fahrzeuge:<\/strong><br \/>\nKommandowagen 90\/1<br \/>\nGW Wasserrettung 91\/1<br \/>\nGW Boot 91\/2<br \/>\nMotorrettungsboot 99\/1<br \/>\nMotorrettungsboot 99\/2<br \/>\n<strong>Weitere Einsatzkr\u00e4fte:<\/strong><br \/>\nEinsatzleiter Wasserrettung Landkreis Alt\u00f6tting<\/p>\n<p>Feuerwehr T\u00f6ging a. Inn<br \/>\nFeuerwehr Neu\u00f6tting<\/p>\n<p>Polizeiinspektion Alt\u00f6tting<br \/>\nKriminaldauerdienst Traunstein<\/p>\n<hr \/>\n<p><strong>Bericht:<\/strong><br \/>\nNachdem ein Mitarbeiter des Kraftwerksbetreibers Verbund eine vor dem Kraftwerk T\u00f6ging im Wasser treibende Person entdeckt hatte, wurde die Schnelleinsatzgruppe (SEG) der Wasserwacht T\u00f6ging alarmiert. Mit einem Rettungsboot konnte die tote Person rasch geborgen werden.<br \/>\nDabei d\u00fcrfte es sich um einen seit etwa zwei Wochen vermissten 77-J\u00e4hrigen gehandelt haben. Die Kriminalpolizei <span id=\"more-2697\"><\/span>hat die Ermittlungen \u00fcbernommen.<\/p>\n<hr \/>\n<p><strong>Fotos:<\/strong><\/p>\n<p><a href=\"http:\/\/neu.wasserwacht-toeging.de\/wp-content\/uploads\/2017\/06\/170610_Totenbergung_01.jpg\"><img loading=\"lazy\" decoding=\"async\" class=\"alignleft size-thumbnail wp-image-2699\" src=\"http:\/\/neu.wasserwacht-toeging.de\/wp-content\/uploads\/2017\/06\/170610_Totenbergung_01-150x150.jpg\" alt=\"\" width=\"150\" height=\"150\" \/><\/a><\/p>\n<p>&nbsp;<\/p>\n<p>&nbsp;<\/p>\n<p>&nbsp;<\/p>\n<p>&nbsp;<\/p>\n<p>&nbsp;<\/p>\n<hr \/>\n<p><strong>Presse:<\/strong><\/p>\n<p><a href=\"http:\/\/neu.wasserwacht-toeging.de\/wp-content\/uploads\/2017\/08\/170612_ANA.jpg\"><img loading=\"lazy\" decoding=\"async\" class=\"alignleft size-thumbnail wp-image-2873\" src=\"http:\/\/neu.wasserwacht-toeging.de\/wp-content\/uploads\/2017\/08\/170612_ANA-150x150.jpg\" alt=\"\" width=\"150\" height=\"150\" \/><\/a><\/p>\n","protected":false},"excerpt":{"rendered":"<p>Datum: 10.06.2017 Einsatzbeginn: 16:15 Uhr Einsatzart: SEG-Einsatz Einsatzort: Innkanal T\u00f6ging Einsatzstichwort: Totenbergung Einsatzkr\u00e4fte: 11 Eingesetzte Fahrzeuge: Kommandowagen 90\/1 GW Wasserrettung 91\/1 GW Boot 91\/2 Motorrettungsboot 99\/1 Motorrettungsboot 99\/2 Weitere Einsatzkr\u00e4fte: Einsatzleiter Wasserrettung Landkreis Alt\u00f6tting Feuerwehr T\u00f6ging a. Inn Feuerwehr Neu\u00f6tting&#46;&#46;&#46;<\/p>\n","protected":false},"author":1,"featured_media":0,"parent":0,"menu_order":0,"comment_status":"closed","ping_status":"closed","template":"","meta":{"footnotes":""},"class_list":["post-2773","page","type-page","status-publish","hentry"],"_links":{"self":[{"href":"https:\/\/www.wasserwacht-toeging.de\/index.php?rest_route=\/wp\/v2\/pages\/2773","targetHints":{"allow":["GET"]}}],"collection":[{"href":"https:\/\/www.wasserwacht-toeging.de\/index.php?rest_route=\/wp\/v2\/pages"}],"about":[{"href":"https:\/\/www.wasserwacht-toeging.de\/index.php?rest_route=\/wp\/v2\/types\/page"}],"author":[{"embeddable":true,"href":"https:\/\/www.wasserwacht-toeging.de\/index.php?rest_route=\/wp\/v2\/users\/1"}],"replies":[{"embeddable":true,"href":"https:\/\/www.wasserwacht-toeging.de\/index.php?rest_route=%2Fwp%2Fv2%2Fcomments&post=2773"}],"version-history":[{"count":3,"href":"https:\/\/www.wasserwacht-toeging.de\/index.php?rest_route=\/wp\/v2\/pages\/2773\/revisions"}],"predecessor-version":[{"id":2876,"href":"https:\/\/www.wasserwacht-toeging.de\/index.php?rest_route=\/wp\/v2\/pages\/2773\/revisions\/2876"}],"wp:attachment":[{"href":"https:\/\/www.wasserwacht-toeging.de\/index.php?rest_route=%2Fwp%2Fv2%2Fmedia&parent=2773"}],"curies":[{"name":"wp","href":"https:\/\/api.w.org\/{rel}","templated":true}]}}