{"id":2794,"date":"2017-08-25T06:52:54","date_gmt":"2017-08-25T06:52:54","guid":{"rendered":"http:\/\/neu.wasserwacht-toeging.de\/?page_id=2794"},"modified":"2017-08-25T06:52:54","modified_gmt":"2017-08-25T06:52:54","slug":"einsatz-067-2017","status":"publish","type":"page","link":"https:\/\/www.wasserwacht-toeging.de\/?page_id=2794","title":{"rendered":"Einsatz 067 2017"},"content":{"rendered":"<p><strong>Datum:<\/strong> 19.06.2017<br \/>\n<strong>Einsatzbeginn:<\/strong> 15:15 Uhr<br \/>\n<strong>Einsatzart: <\/strong>SEG-Einsatz<br \/>\n<strong>Einsatzort:<\/strong> Innkanal T\u00f6ging<br \/>\n<strong>Einsatzstichwort:<\/strong> Rettung aus Gefahrenlage \/ Tierbergung<\/p>\n<hr \/>\n<p><strong>Einsatzkr\u00e4fte:<\/strong> 9<br \/>\n<strong>Eingesetzte Fahrzeuge:<\/strong><br \/>\nKommandowagen 90\/1<br \/>\nGW Boot 91\/2<br \/>\nMotorrettungsboot 99\/1<br \/>\n<strong>Weitere Einsatzkr\u00e4fte:<\/strong><br \/>\nFeuerwehr T\u00f6ging a. Inn<br \/>\nFeuerwehr Neu\u00f6tting<\/p>\n<p>Jagdp\u00e4chter<\/p>\n<hr \/>\n<p><strong>Bericht:<\/strong><br \/>\nMit der Meldung \u201eReh treibt im Innkanal\u201c wurden Wasserwacht und Feuerwehr T\u00f6ging an den Innkanal vor dem Wasserschloss in T\u00f6ging alarmiert.<br \/>\nBeim Eintreffen stellte sich heraus, dass nicht ein, sondern gleich zwei Tiere im Wasser trieben. Ein Zeuge hatte, um ein Tier retten zu k\u00f6nnen, die Berme des Innkanals betreten und sich so unbewusst in gro\u00dfe Gefahr gebracht. Die Berme (Betonabsatz) b<span class=\"text_exposed_show\">efindet sich direkt am schnell flie\u00dfenden Wasser und ist durch Matsch und Schlick extrem rutschig.<br \/>\nDie Wasserretter der Wasserwacht bargen mit dem Rettungsboot zun\u00e4chst den Helfer und ein Reh, im Anschluss daran das zweite Tier aus dem Innkanal.<br \/>\nFeuerwehrleute und der herbeigerufene J\u00e4ger \u00fcbernahmen die Tiere. Diese konnten nach kurzer Untersuchung in den Innauen in die Freiheit entlassen werden.<\/span><\/p>\n<hr \/>\n<p><strong>Fotos:<\/strong><\/p>\n<p><a href=\"http:\/\/neu.wasserwacht-toeging.de\/wp-content\/uploads\/2017\/06\/170619_Innkanal_01.jpg\"><img loading=\"lazy\" decoding=\"async\" class=\"alignleft size-thumbnail wp-image-2711\" src=\"http:\/\/neu.wasserwacht-toeging.de\/wp-content\/uploads\/2017\/06\/170619_Innkanal_01-150x150.jpg\" alt=\"\" width=\"150\" height=\"150\" \/><\/a><\/p>\n","protected":false},"excerpt":{"rendered":"<p>Datum: 19.06.2017 Einsatzbeginn: 15:15 Uhr Einsatzart: SEG-Einsatz Einsatzort: Innkanal T\u00f6ging Einsatzstichwort: Rettung aus Gefahrenlage \/ Tierbergung Einsatzkr\u00e4fte: 9 Eingesetzte Fahrzeuge: Kommandowagen 90\/1 GW Boot 91\/2 Motorrettungsboot 99\/1 Weitere Einsatzkr\u00e4fte: Feuerwehr T\u00f6ging a. Inn Feuerwehr Neu\u00f6tting Jagdp\u00e4chter Bericht: Mit der Meldung&#46;&#46;&#46;<\/p>\n","protected":false},"author":1,"featured_media":0,"parent":0,"menu_order":0,"comment_status":"closed","ping_status":"closed","template":"","meta":{"footnotes":""},"class_list":["post-2794","page","type-page","status-publish","hentry"],"_links":{"self":[{"href":"https:\/\/www.wasserwacht-toeging.de\/index.php?rest_route=\/wp\/v2\/pages\/2794","targetHints":{"allow":["GET"]}}],"collection":[{"href":"https:\/\/www.wasserwacht-toeging.de\/index.php?rest_route=\/wp\/v2\/pages"}],"about":[{"href":"https:\/\/www.wasserwacht-toeging.de\/index.php?rest_route=\/wp\/v2\/types\/page"}],"author":[{"embeddable":true,"href":"https:\/\/www.wasserwacht-toeging.de\/index.php?rest_route=\/wp\/v2\/users\/1"}],"replies":[{"embeddable":true,"href":"https:\/\/www.wasserwacht-toeging.de\/index.php?rest_route=%2Fwp%2Fv2%2Fcomments&post=2794"}],"version-history":[{"count":1,"href":"https:\/\/www.wasserwacht-toeging.de\/index.php?rest_route=\/wp\/v2\/pages\/2794\/revisions"}],"predecessor-version":[{"id":2795,"href":"https:\/\/www.wasserwacht-toeging.de\/index.php?rest_route=\/wp\/v2\/pages\/2794\/revisions\/2795"}],"wp:attachment":[{"href":"https:\/\/www.wasserwacht-toeging.de\/index.php?rest_route=%2Fwp%2Fv2%2Fmedia&parent=2794"}],"curies":[{"name":"wp","href":"https:\/\/api.w.org\/{rel}","templated":true}]}}