{"id":2797,"date":"2017-08-25T06:59:21","date_gmt":"2017-08-25T06:59:21","guid":{"rendered":"http:\/\/neu.wasserwacht-toeging.de\/?page_id=2797"},"modified":"2017-09-03T17:46:50","modified_gmt":"2017-09-03T17:46:50","slug":"einsatz-069-2017","status":"publish","type":"page","link":"https:\/\/www.wasserwacht-toeging.de\/?page_id=2797","title":{"rendered":"Einsatz 069 2017"},"content":{"rendered":"<p><strong>Datum:<\/strong> 29.06.2017<br \/>\n<strong>Einsatzbeginn:<\/strong> 17:41 Uhr<br \/>\n<strong>Einsatzart: <\/strong>SEG-Einsatz<br \/>\n<strong>Einsatzort:<\/strong> Inn Neu\u00f6tting<br \/>\n<strong>Einsatzstichwort:<\/strong> Personen im Wasser<\/p>\n<hr \/>\n<p><strong>Einsatzkr\u00e4fte:<\/strong> 19<br \/>\n<strong>Eingesetzte Fahrzeuge:<\/strong><br \/>\nKommandowagen 90\/1<br \/>\nGW Wasserrettung 91\/1<br \/>\nGW Boot 91\/2<br \/>\nMotorrettungsboot 99\/1<br \/>\nMotorrettungsboot 99\/2<br \/>\n<strong>Weitere Einsatzkr\u00e4fte:<\/strong><br \/>\nEinsatzleiter Wasserrettung Landkreis Alt\u00f6tting<br \/>\nWasserwacht Alt\u00f6tting<br \/>\nWasserwacht Burghausen<br \/>\nWasserwacht Burgkirchen<\/p>\n<p>Einsatzleiter Rettungsdienst Alt\u00f6tting<br \/>\nRTW Alt\u00f6tting<br \/>\nNEF Alt\u00f6tting<br \/>\nRTH &#8222;Christoph 14&#8220;<\/p>\n<p>Feuerwehr Neu\u00f6tting<br \/>\nFeuerwehr Winh\u00f6ring<\/p>\n<p>Polizeiinspektion Alt\u00f6tting<\/p>\n<hr \/>\n<p><strong>Bericht:<\/strong><br \/>\nEine 16-J\u00e4hrige begab sich am Baggerweiher Kronberg w\u00e4hrend einer privaten Schul-Abschlussfeier stark alkoholisert in den Inn. Sie konnte von einem Passanten unterk\u00fchlt aus dem Wasser gerettet werden. Weil sie angab, dass ihr Begleiter im Inn versunken sei, l\u00f6ste die Integrierte Leitstelle Traunstein Alarm f\u00fcr die Wasserrettung aus. 30 Einsatzkr\u00e4fte der Wasserwachten T\u00f6ging, Alt\u00f6tting, Burghausen und Burgkirchen sowie Kr\u00e4fte der Feuerwehren, des Rettungsdienstes, der Polizei sowie ein Rettungshubschrauber suchten etwa eine Stunde nach der vermeintlich versunkenen Person. Schlie\u00dflich gab die Gerettete zu, den Begleiter nur erfunden zu haben.<\/p>\n<hr \/>\n<p><strong>Fotos:<\/strong><\/p>\n<p><a href=\"http:\/\/neu.wasserwacht-toeging.de\/wp-content\/uploads\/2017\/07\/170629_InnNeu\u00f6tting_01.jpg\"><img loading=\"lazy\" decoding=\"async\" class=\"alignleft size-thumbnail wp-image-2721\" src=\"http:\/\/neu.wasserwacht-toeging.de\/wp-content\/uploads\/2017\/07\/170629_InnNeu\u00f6tting_01-150x150.jpg\" alt=\"\" width=\"150\" height=\"150\" \/><\/a><\/p>\n<p>&nbsp;<\/p>\n<p>&nbsp;<\/p>\n<p>&nbsp;<\/p>\n<p>&nbsp;<\/p>\n<p>&nbsp;<\/p>\n<hr \/>\n<p><strong>Presse:<\/strong><\/p>\n<p><a href=\"http:\/\/neu.wasserwacht-toeging.de\/wp-content\/uploads\/2017\/08\/170701_ANA.jpg\"><img loading=\"lazy\" decoding=\"async\" class=\"alignleft size-thumbnail wp-image-2861\" src=\"http:\/\/neu.wasserwacht-toeging.de\/wp-content\/uploads\/2017\/08\/170701_ANA-150x150.jpg\" alt=\"\" width=\"150\" height=\"150\" \/><\/a><a href=\"http:\/\/neu.wasserwacht-toeging.de\/wp-content\/uploads\/2017\/08\/170701_ANA_2.jpg\"><img loading=\"lazy\" decoding=\"async\" class=\"alignleft size-thumbnail wp-image-2865\" src=\"http:\/\/neu.wasserwacht-toeging.de\/wp-content\/uploads\/2017\/08\/170701_ANA_2-150x150.jpg\" alt=\"\" width=\"150\" height=\"150\" \/><\/a><a href=\"http:\/\/neu.wasserwacht-toeging.de\/wp-content\/uploads\/2017\/08\/170630_ANA.jpg\"><img loading=\"lazy\" decoding=\"async\" class=\"alignleft size-thumbnail wp-image-2885\" src=\"http:\/\/neu.wasserwacht-toeging.de\/wp-content\/uploads\/2017\/08\/170630_ANA-150x150.jpg\" alt=\"\" width=\"150\" height=\"150\" \/><\/a><\/p>\n","protected":false},"excerpt":{"rendered":"<p>Datum: 29.06.2017 Einsatzbeginn: 17:41 Uhr Einsatzart: SEG-Einsatz Einsatzort: Inn Neu\u00f6tting Einsatzstichwort: Personen im Wasser Einsatzkr\u00e4fte: 19 Eingesetzte Fahrzeuge: Kommandowagen 90\/1 GW Wasserrettung 91\/1 GW Boot 91\/2 Motorrettungsboot 99\/1 Motorrettungsboot 99\/2 Weitere Einsatzkr\u00e4fte: Einsatzleiter Wasserrettung Landkreis Alt\u00f6tting Wasserwacht Alt\u00f6tting Wasserwacht Burghausen&#46;&#46;&#46;<\/p>\n","protected":false},"author":1,"featured_media":0,"parent":0,"menu_order":0,"comment_status":"closed","ping_status":"closed","template":"","meta":{"footnotes":""},"class_list":["post-2797","page","type-page","status-publish","hentry"],"_links":{"self":[{"href":"https:\/\/www.wasserwacht-toeging.de\/index.php?rest_route=\/wp\/v2\/pages\/2797","targetHints":{"allow":["GET"]}}],"collection":[{"href":"https:\/\/www.wasserwacht-toeging.de\/index.php?rest_route=\/wp\/v2\/pages"}],"about":[{"href":"https:\/\/www.wasserwacht-toeging.de\/index.php?rest_route=\/wp\/v2\/types\/page"}],"author":[{"embeddable":true,"href":"https:\/\/www.wasserwacht-toeging.de\/index.php?rest_route=\/wp\/v2\/users\/1"}],"replies":[{"embeddable":true,"href":"https:\/\/www.wasserwacht-toeging.de\/index.php?rest_route=%2Fwp%2Fv2%2Fcomments&post=2797"}],"version-history":[{"count":5,"href":"https:\/\/www.wasserwacht-toeging.de\/index.php?rest_route=\/wp\/v2\/pages\/2797\/revisions"}],"predecessor-version":[{"id":2887,"href":"https:\/\/www.wasserwacht-toeging.de\/index.php?rest_route=\/wp\/v2\/pages\/2797\/revisions\/2887"}],"wp:attachment":[{"href":"https:\/\/www.wasserwacht-toeging.de\/index.php?rest_route=%2Fwp%2Fv2%2Fmedia&parent=2797"}],"curies":[{"name":"wp","href":"https:\/\/api.w.org\/{rel}","templated":true}]}}