{"id":2803,"date":"2017-08-25T13:01:54","date_gmt":"2017-08-25T13:01:54","guid":{"rendered":"http:\/\/neu.wasserwacht-toeging.de\/?page_id=2803"},"modified":"2017-08-25T13:01:54","modified_gmt":"2017-08-25T13:01:54","slug":"einsatz-163-2017","status":"publish","type":"page","link":"https:\/\/www.wasserwacht-toeging.de\/?page_id=2803","title":{"rendered":"Einsatz 163 2017"},"content":{"rendered":"<p><strong>atum:<\/strong> 05.07.2017<br \/>\n<strong>Einsatzbeginn:<\/strong> 17:58 Uhr<br \/>\n<strong>Einsatzart: <\/strong>Rettungsdienst Freibad<br \/>\n<strong>Einsatzort:<\/strong> Freibad Hubm\u00fchle T\u00f6ging<br \/>\n<strong>Einsatzstichwort:<\/strong> Chirurgischer Notfall<\/p>\n<hr \/>\n<p><strong>Einsatzkr\u00e4fte:<\/strong> 2<br \/>\n<strong>Eingesetzte Fahrzeuge:<\/strong><br \/>\n\u2014<br \/>\n<strong>Weitere Einsatzkr\u00e4fte:<\/strong><br \/>\nRTW M\u00fchldorf<br \/>\nPolizeiinspektion Alt\u00f6tting<\/p>\n<hr \/>\n<p><strong>Bericht:<\/strong><br \/>\n<span class=\"text_exposed_show\">Zwei Rettungsschwimmer der Wasserwacht T\u00f6ging-Winh\u00f6ring leisteten Erste Hilfe bei einem chirurgischen Notfall im Freibad T\u00f6ging. Der Patient wurde fachgerecht erstversorgt und an das Team des Rettungswagens \u00fcbergeben.<\/span><\/p>\n","protected":false},"excerpt":{"rendered":"<p>atum: 05.07.2017 Einsatzbeginn: 17:58 Uhr Einsatzart: Rettungsdienst Freibad Einsatzort: Freibad Hubm\u00fchle T\u00f6ging Einsatzstichwort: Chirurgischer Notfall Einsatzkr\u00e4fte: 2 Eingesetzte Fahrzeuge: \u2014 Weitere Einsatzkr\u00e4fte: RTW M\u00fchldorf Polizeiinspektion Alt\u00f6tting Bericht: Zwei Rettungsschwimmer der Wasserwacht T\u00f6ging-Winh\u00f6ring leisteten Erste Hilfe bei einem chirurgischen Notfall im&#46;&#46;&#46;<\/p>\n","protected":false},"author":1,"featured_media":0,"parent":0,"menu_order":0,"comment_status":"closed","ping_status":"closed","template":"","meta":{"footnotes":""},"class_list":["post-2803","page","type-page","status-publish","hentry"],"_links":{"self":[{"href":"https:\/\/www.wasserwacht-toeging.de\/index.php?rest_route=\/wp\/v2\/pages\/2803","targetHints":{"allow":["GET"]}}],"collection":[{"href":"https:\/\/www.wasserwacht-toeging.de\/index.php?rest_route=\/wp\/v2\/pages"}],"about":[{"href":"https:\/\/www.wasserwacht-toeging.de\/index.php?rest_route=\/wp\/v2\/types\/page"}],"author":[{"embeddable":true,"href":"https:\/\/www.wasserwacht-toeging.de\/index.php?rest_route=\/wp\/v2\/users\/1"}],"replies":[{"embeddable":true,"href":"https:\/\/www.wasserwacht-toeging.de\/index.php?rest_route=%2Fwp%2Fv2%2Fcomments&post=2803"}],"version-history":[{"count":1,"href":"https:\/\/www.wasserwacht-toeging.de\/index.php?rest_route=\/wp\/v2\/pages\/2803\/revisions"}],"predecessor-version":[{"id":2804,"href":"https:\/\/www.wasserwacht-toeging.de\/index.php?rest_route=\/wp\/v2\/pages\/2803\/revisions\/2804"}],"wp:attachment":[{"href":"https:\/\/www.wasserwacht-toeging.de\/index.php?rest_route=%2Fwp%2Fv2%2Fmedia&parent=2803"}],"curies":[{"name":"wp","href":"https:\/\/api.w.org\/{rel}","templated":true}]}}