{"id":2807,"date":"2017-08-25T13:33:41","date_gmt":"2017-08-25T13:33:41","guid":{"rendered":"http:\/\/neu.wasserwacht-toeging.de\/?page_id=2807"},"modified":"2017-08-28T13:41:47","modified_gmt":"2017-08-28T13:41:47","slug":"einsatz-164-2017","status":"publish","type":"page","link":"https:\/\/www.wasserwacht-toeging.de\/?page_id=2807","title":{"rendered":"Einsatz 164 2017"},"content":{"rendered":"<p><strong>Datum:<\/strong> 09.07.2017<br \/>\n<strong>Einsatzbeginn:<\/strong> 16:25 Uhr<br \/>\n<strong>Einsatzart: <\/strong>Rettungsdienst Freibad<br \/>\n<strong>Einsatzort:<\/strong> Freibad Hubm\u00fchle T\u00f6ging<br \/>\n<strong>Einsatzstichwort:<\/strong> Chirurgischer Notfall<\/p>\n<hr \/>\n<p><strong>Einsatzkr\u00e4fte:<\/strong> 2<br \/>\n<strong>Eingesetzte Fahrzeuge:<\/strong><br \/>\n\u2014<br \/>\n<strong>Weitere Einsatzkr\u00e4fte:<\/strong><br \/>\nNEF<br \/>\nRTW M\u00fchldorf<br \/>\nHvO T\u00f6ging<\/p>\n<hr \/>\n<p><strong>Bericht:<\/strong><br \/>\n<span class=\"text_exposed_show\">Zwei Rettungsschwimmer der Wasserwacht T\u00f6ging-Winh\u00f6ring leisteten Erste Hilfe bei einem chirurgischen Notfall am Volleyballplatz des Freibades T\u00f6ging. Der Patient wurde fachgerecht erstversorgt und an den Notarzt \u00fcbergeben.<\/span><\/p>\n","protected":false},"excerpt":{"rendered":"<p>Datum: 09.07.2017 Einsatzbeginn: 16:25 Uhr Einsatzart: Rettungsdienst Freibad Einsatzort: Freibad Hubm\u00fchle T\u00f6ging Einsatzstichwort: Chirurgischer Notfall Einsatzkr\u00e4fte: 2 Eingesetzte Fahrzeuge: \u2014 Weitere Einsatzkr\u00e4fte: NEF RTW M\u00fchldorf HvO T\u00f6ging Bericht: Zwei Rettungsschwimmer der Wasserwacht T\u00f6ging-Winh\u00f6ring leisteten Erste Hilfe bei einem chirurgischen Notfall&#46;&#46;&#46;<\/p>\n","protected":false},"author":1,"featured_media":0,"parent":0,"menu_order":0,"comment_status":"closed","ping_status":"closed","template":"","meta":{"footnotes":""},"class_list":["post-2807","page","type-page","status-publish","hentry"],"_links":{"self":[{"href":"https:\/\/www.wasserwacht-toeging.de\/index.php?rest_route=\/wp\/v2\/pages\/2807","targetHints":{"allow":["GET"]}}],"collection":[{"href":"https:\/\/www.wasserwacht-toeging.de\/index.php?rest_route=\/wp\/v2\/pages"}],"about":[{"href":"https:\/\/www.wasserwacht-toeging.de\/index.php?rest_route=\/wp\/v2\/types\/page"}],"author":[{"embeddable":true,"href":"https:\/\/www.wasserwacht-toeging.de\/index.php?rest_route=\/wp\/v2\/users\/1"}],"replies":[{"embeddable":true,"href":"https:\/\/www.wasserwacht-toeging.de\/index.php?rest_route=%2Fwp%2Fv2%2Fcomments&post=2807"}],"version-history":[{"count":2,"href":"https:\/\/www.wasserwacht-toeging.de\/index.php?rest_route=\/wp\/v2\/pages\/2807\/revisions"}],"predecessor-version":[{"id":2816,"href":"https:\/\/www.wasserwacht-toeging.de\/index.php?rest_route=\/wp\/v2\/pages\/2807\/revisions\/2816"}],"wp:attachment":[{"href":"https:\/\/www.wasserwacht-toeging.de\/index.php?rest_route=%2Fwp%2Fv2%2Fmedia&parent=2807"}],"curies":[{"name":"wp","href":"https:\/\/api.w.org\/{rel}","templated":true}]}}