{"id":2817,"date":"2017-08-28T13:43:30","date_gmt":"2017-08-28T13:43:30","guid":{"rendered":"http:\/\/neu.wasserwacht-toeging.de\/?page_id=2817"},"modified":"2017-09-09T13:26:03","modified_gmt":"2017-09-09T13:26:03","slug":"einsatz-165-2017","status":"publish","type":"page","link":"https:\/\/www.wasserwacht-toeging.de\/?page_id=2817","title":{"rendered":"Einsatz 165 2017"},"content":{"rendered":"<div class=\"entry-content cf\">\n<p><strong>Datum:<\/strong> 21.07.2017<br \/>\n<strong>Einsatzbeginn:<\/strong> 15:00 Uhr<br \/>\n<strong>Einsatzart: <\/strong>Rettungsdienst Freibad<br \/>\n<strong>Einsatzort:<\/strong> Freibad Hubm\u00fchle T\u00f6ging<br \/>\n<strong>Einsatzstichwort:<\/strong> Chirurgischer Notfall<\/p>\n<hr \/>\n<p><strong>Einsatzkr\u00e4fte:<\/strong> 2<br \/>\n<strong>Eingesetzte Fahrzeuge:<\/strong><br \/>\n\u2014<br \/>\n<strong>Weitere Einsatzkr\u00e4fte:<\/strong><br \/>\nRTW Alt\u00f6tting<\/p>\n<hr \/>\n<p><strong>Bericht:<\/strong><br \/>\n<span class=\"text_exposed_show\">Zwei Rettungsschwimmer der Wasserwacht T\u00f6ging-Winh\u00f6ring leisteten Erste Hilfe bei einem chirurgischen Notfall im Freibad T\u00f6ging. Der Patient wurde nach Erstversorgung an den Rettungsdienst \u00fcbergeben.<\/span><\/p>\n<\/div>\n","protected":false},"excerpt":{"rendered":"<p>Datum: 21.07.2017 Einsatzbeginn: 15:00 Uhr Einsatzart: Rettungsdienst Freibad Einsatzort: Freibad Hubm\u00fchle T\u00f6ging Einsatzstichwort: Chirurgischer Notfall Einsatzkr\u00e4fte: 2 Eingesetzte Fahrzeuge: \u2014 Weitere Einsatzkr\u00e4fte: RTW Alt\u00f6tting Bericht: Zwei Rettungsschwimmer der Wasserwacht T\u00f6ging-Winh\u00f6ring leisteten Erste Hilfe bei einem chirurgischen Notfall im Freibad T\u00f6ging.&#46;&#46;&#46;<\/p>\n","protected":false},"author":1,"featured_media":0,"parent":0,"menu_order":0,"comment_status":"closed","ping_status":"closed","template":"","meta":{"footnotes":""},"class_list":["post-2817","page","type-page","status-publish","hentry"],"_links":{"self":[{"href":"https:\/\/www.wasserwacht-toeging.de\/index.php?rest_route=\/wp\/v2\/pages\/2817","targetHints":{"allow":["GET"]}}],"collection":[{"href":"https:\/\/www.wasserwacht-toeging.de\/index.php?rest_route=\/wp\/v2\/pages"}],"about":[{"href":"https:\/\/www.wasserwacht-toeging.de\/index.php?rest_route=\/wp\/v2\/types\/page"}],"author":[{"embeddable":true,"href":"https:\/\/www.wasserwacht-toeging.de\/index.php?rest_route=\/wp\/v2\/users\/1"}],"replies":[{"embeddable":true,"href":"https:\/\/www.wasserwacht-toeging.de\/index.php?rest_route=%2Fwp%2Fv2%2Fcomments&post=2817"}],"version-history":[{"count":2,"href":"https:\/\/www.wasserwacht-toeging.de\/index.php?rest_route=\/wp\/v2\/pages\/2817\/revisions"}],"predecessor-version":[{"id":2903,"href":"https:\/\/www.wasserwacht-toeging.de\/index.php?rest_route=\/wp\/v2\/pages\/2817\/revisions\/2903"}],"wp:attachment":[{"href":"https:\/\/www.wasserwacht-toeging.de\/index.php?rest_route=%2Fwp%2Fv2%2Fmedia&parent=2817"}],"curies":[{"name":"wp","href":"https:\/\/api.w.org\/{rel}","templated":true}]}}