{"id":2821,"date":"2017-08-28T14:03:19","date_gmt":"2017-08-28T14:03:19","guid":{"rendered":"http:\/\/neu.wasserwacht-toeging.de\/?page_id=2821"},"modified":"2017-08-28T14:03:19","modified_gmt":"2017-08-28T14:03:19","slug":"einsatz-166-2017","status":"publish","type":"page","link":"https:\/\/www.wasserwacht-toeging.de\/?page_id=2821","title":{"rendered":"Einsatz 166 2017"},"content":{"rendered":"<p><strong>Datum:<\/strong> 24.07.2017<br \/>\n<strong>Einsatzbeginn:<\/strong> 00:11 Uhr<br \/>\n<strong>Einsatzart: <\/strong>SEG-Einsatz<br \/>\n<strong>Einsatzstichwort:<\/strong> Wassernot 2<br \/>\n<strong>Einsatzort:<\/strong> Inn M\u00fchldorf<br \/>\n<strong>Einsatzgrund:<\/strong> Vermisstensuche<\/p>\n<hr \/>\n<p><strong>Einsatzkr\u00e4fte der Wasserwacht T\u00f6ging-Winh\u00f6ring:<\/strong> 16<br \/>\n<strong>Eingesetzte Fahrzeuge der Wasserwacht T\u00f6ging-Winh\u00f6ring:<\/strong><br \/>\nKommandowagen 90\/1<br \/>\nGW Wasserrettung 91\/1<br \/>\nGW Boot 91\/2<br \/>\nMotorrettungsboot 99\/1<br \/>\nMotorrettungsboot 99\/2<br \/>\n<strong>Weitere Einsatzkr\u00e4fte:<\/strong><br \/>\nEinsatzleiter Wasserrettung Landkreis M\u00fchldorf<br \/>\nWasserwacht M\u00fchldorf<br \/>\nWasserwacht Waldkraiburg<br \/>\nDLRG M\u00fchldorf<\/p>\n<p>Einsatzleiter Rettungsdienst M\u00fchldorf<br \/>\nRTW M\u00fchldorf<br \/>\nSEG IuK M\u00fchldorf<\/p>\n<p>Feuerwehr M\u00fchldorf<\/p>\n<p>Polizeiinspektion M\u00fchldorf<\/p>\n<hr \/>\n<p><strong>Bericht:<\/strong><br \/>\nDie SEG der Wasserwacht T\u00f6ging wurde zu einer Vermisstensuche nach M\u00fchldorf alarmiert. Ein Bewohner eines \u00f6rtlichen Altenheimes war als vermisst gemeldet worden. Zusammen mit den Einsatzkr\u00e4ften der Wasserwacht M\u00fchldorf sowie der DLRG M\u00fchldorf war es die Aufgabe der T\u00f6ginger Wasserretter, den Inn im Stadtbereich von M\u00fchldorf abzusuchen.<br \/>\nW\u00e4hrend des Einsetzens der Rettungsboote kam die Meldung, dass die Person auf<span class=\"text_exposed_show\">gefunden wurde.<\/span><\/p>\n","protected":false},"excerpt":{"rendered":"<p>Datum: 24.07.2017 Einsatzbeginn: 00:11 Uhr Einsatzart: SEG-Einsatz Einsatzstichwort: Wassernot 2 Einsatzort: Inn M\u00fchldorf Einsatzgrund: Vermisstensuche Einsatzkr\u00e4fte der Wasserwacht T\u00f6ging-Winh\u00f6ring: 16 Eingesetzte Fahrzeuge der Wasserwacht T\u00f6ging-Winh\u00f6ring: Kommandowagen 90\/1 GW Wasserrettung 91\/1 GW Boot 91\/2 Motorrettungsboot 99\/1 Motorrettungsboot 99\/2 Weitere Einsatzkr\u00e4fte: Einsatzleiter&#46;&#46;&#46;<\/p>\n","protected":false},"author":1,"featured_media":0,"parent":0,"menu_order":0,"comment_status":"closed","ping_status":"closed","template":"","meta":{"footnotes":""},"class_list":["post-2821","page","type-page","status-publish","hentry"],"_links":{"self":[{"href":"https:\/\/www.wasserwacht-toeging.de\/index.php?rest_route=\/wp\/v2\/pages\/2821","targetHints":{"allow":["GET"]}}],"collection":[{"href":"https:\/\/www.wasserwacht-toeging.de\/index.php?rest_route=\/wp\/v2\/pages"}],"about":[{"href":"https:\/\/www.wasserwacht-toeging.de\/index.php?rest_route=\/wp\/v2\/types\/page"}],"author":[{"embeddable":true,"href":"https:\/\/www.wasserwacht-toeging.de\/index.php?rest_route=\/wp\/v2\/users\/1"}],"replies":[{"embeddable":true,"href":"https:\/\/www.wasserwacht-toeging.de\/index.php?rest_route=%2Fwp%2Fv2%2Fcomments&post=2821"}],"version-history":[{"count":1,"href":"https:\/\/www.wasserwacht-toeging.de\/index.php?rest_route=\/wp\/v2\/pages\/2821\/revisions"}],"predecessor-version":[{"id":2822,"href":"https:\/\/www.wasserwacht-toeging.de\/index.php?rest_route=\/wp\/v2\/pages\/2821\/revisions\/2822"}],"wp:attachment":[{"href":"https:\/\/www.wasserwacht-toeging.de\/index.php?rest_route=%2Fwp%2Fv2%2Fmedia&parent=2821"}],"curies":[{"name":"wp","href":"https:\/\/api.w.org\/{rel}","templated":true}]}}