{"id":2826,"date":"2017-08-29T09:24:10","date_gmt":"2017-08-29T09:24:10","guid":{"rendered":"http:\/\/neu.wasserwacht-toeging.de\/?page_id=2826"},"modified":"2017-08-29T12:42:01","modified_gmt":"2017-08-29T12:42:01","slug":"einsatz-231-2017","status":"publish","type":"page","link":"https:\/\/www.wasserwacht-toeging.de\/?page_id=2826","title":{"rendered":"Einsatz 231 2017"},"content":{"rendered":"<div class=\"entry-content cf\">\n<p><strong>Datum:<\/strong> 04.08.2017<br \/>\n<strong>Einsatzbeginn:<\/strong> 22:25 Uhr<br \/>\n<strong>Einsatzart: <\/strong>SEG-Einsatz<br \/>\n<strong>Einsatzstichwort:<\/strong> Wassernot 4<br \/>\n<strong>Einsatzort:<\/strong> Alz Garching<br \/>\n<strong>Einsatzgrund:<\/strong> PKW im Wasser<\/p>\n<hr \/>\n<p><strong>Einsatzkr\u00e4fte der Wasserwacht T\u00f6ging-Winh\u00f6ring:<\/strong> 17<br \/>\n<strong>Eingesetzte Fahrzeuge der Wasserwacht T\u00f6ging-Winh\u00f6ring:<\/strong><br \/>\nKommandowagen 90\/1<br \/>\nGW Wasserrettung 91\/1<br \/>\nGW Boot 91\/2<br \/>\nMotorrettungsboot 99\/1<br \/>\nMotorrettungsboot 99\/2<br \/>\n<strong>Weitere Einsatzkr\u00e4fte:<\/strong><br \/>\nEinsatzleiter Wasserrettung Landkreis Alt\u00f6tting<br \/>\nWasserwacht Alt\u00f6tting<br \/>\nWasserwacht Burghausen<br \/>\nWasserwacht Burgkirchen<\/p>\n<p>Einsatzleiter Rettungsdienst Alt\u00f6tting<br \/>\nOrgL Alt\u00f6tting<br \/>\nLeitender Notarzt Alt\u00f6tting<br \/>\nNEF Alt\u00f6tting<br \/>\nRTW Garching<br \/>\nRTW Trostberg<br \/>\nSEG Transport Alt\u00f6tting<br \/>\nUG SanEL Alt\u00f6tting<br \/>\nRTH &#8222;Christoph M\u00fcnchen&#8220;<br \/>\nKIT Alt\u00f6tting<br \/>\nKIT M\u00fchldorf<\/p>\n<p>Feuerwehr Garching<\/p>\n<p>Polizeiinspektion Alt\u00f6tting<\/p>\n<hr \/>\n<p><strong>Bericht:<\/strong><br \/>\n<span class=\"text_exposed_show\">Die Wasserwacht T\u00f6ging wurde zu einem schweren Unfall an die Alz bei Garching alarmiert. Dort war ein PKW \u00fcber eine sechs Meter hohe Hangkante auf eine Gruppe Jugendlicher gest\u00fcrzt, die am Alzufer feierten. Zwei Jugendliche wurden unter dem Fahrzeug begraben und im Wasser liegend eingeklemmt. F\u00fcr ein 15-j\u00e4hriges M\u00e4dchen kam jede Hilfe zu sp\u00e4t, sie verstarb an der Unfallstelle. Der zweite Jugendliche wurde mit dem Rettungshubschrauber schwer verletzt in eine Klinik geflogen. Au\u00dferdem wurden auch die f\u00fcnf Fahrzeuginsassen verletzt. Dar\u00fcberhinaus waren einige Jugendliche zu betreuen, die Zeugen des Unfalls geworden waren.<br \/>\nDie Wasserwacht T\u00f6ging war mit 17 Einsatzkr\u00e4ften vor Ort, darunter auch mit drei Rettungstauchern. Zwei Wasserrettertrupps der SEG T\u00f6ging suchten den Fluss Alz wasserseitig nach Personen ab, die eventuell abgetrieben h\u00e4tten sein k\u00f6nnen.<br \/>\nAn der Einsatzstelle k\u00fcmmerte sich ein Gro\u00dfaufgebot an Rettungskr\u00e4ften um die vielen Verletzten und Betroffenen, darunter die Wasserwachten Alt\u00f6tting, Burghausen und Burgkirchen-Emmerting, die Feuerwehr Garching sowie zahlreiche Kr\u00e4fte des Rettungsdienstes, des Sanit\u00e4tsdienstes und der Krisenintervention.<\/span><\/p>\n<hr \/>\n<p><strong>Foto:<\/strong><\/p>\n<p><a href=\"http:\/\/neu.wasserwacht-toeging.de\/wp-content\/uploads\/2017\/08\/170804_Garching_01.jpg\"><img loading=\"lazy\" decoding=\"async\" class=\"alignleft size-thumbnail wp-image-2780\" src=\"http:\/\/neu.wasserwacht-toeging.de\/wp-content\/uploads\/2017\/08\/170804_Garching_01-150x150.jpg\" alt=\"\" width=\"150\" height=\"150\" \/><\/a><\/p>\n<\/div>\n<hr \/>\n<p><strong>Presse:<\/strong><\/p>\n<p><a href=\"http:\/\/neu.wasserwacht-toeging.de\/wp-content\/uploads\/2017\/08\/170807_ANA.jpg\"><img loading=\"lazy\" decoding=\"async\" class=\"alignleft size-thumbnail wp-image-2847\" src=\"http:\/\/neu.wasserwacht-toeging.de\/wp-content\/uploads\/2017\/08\/170807_ANA-150x150.jpg\" alt=\"\" width=\"150\" height=\"150\" \/><\/a><\/p>\n","protected":false},"excerpt":{"rendered":"<p>Datum: 04.08.2017 Einsatzbeginn: 22:25 Uhr Einsatzart: SEG-Einsatz Einsatzstichwort: Wassernot 4 Einsatzort: Alz Garching Einsatzgrund: PKW im Wasser Einsatzkr\u00e4fte der Wasserwacht T\u00f6ging-Winh\u00f6ring: 17 Eingesetzte Fahrzeuge der Wasserwacht T\u00f6ging-Winh\u00f6ring: Kommandowagen 90\/1 GW Wasserrettung 91\/1 GW Boot 91\/2 Motorrettungsboot 99\/1 Motorrettungsboot 99\/2 Weitere&#46;&#46;&#46;<\/p>\n","protected":false},"author":1,"featured_media":0,"parent":0,"menu_order":0,"comment_status":"closed","ping_status":"closed","template":"","meta":{"footnotes":""},"class_list":["post-2826","page","type-page","status-publish","hentry"],"_links":{"self":[{"href":"https:\/\/www.wasserwacht-toeging.de\/index.php?rest_route=\/wp\/v2\/pages\/2826","targetHints":{"allow":["GET"]}}],"collection":[{"href":"https:\/\/www.wasserwacht-toeging.de\/index.php?rest_route=\/wp\/v2\/pages"}],"about":[{"href":"https:\/\/www.wasserwacht-toeging.de\/index.php?rest_route=\/wp\/v2\/types\/page"}],"author":[{"embeddable":true,"href":"https:\/\/www.wasserwacht-toeging.de\/index.php?rest_route=\/wp\/v2\/users\/1"}],"replies":[{"embeddable":true,"href":"https:\/\/www.wasserwacht-toeging.de\/index.php?rest_route=%2Fwp%2Fv2%2Fcomments&post=2826"}],"version-history":[{"count":3,"href":"https:\/\/www.wasserwacht-toeging.de\/index.php?rest_route=\/wp\/v2\/pages\/2826\/revisions"}],"predecessor-version":[{"id":2852,"href":"https:\/\/www.wasserwacht-toeging.de\/index.php?rest_route=\/wp\/v2\/pages\/2826\/revisions\/2852"}],"wp:attachment":[{"href":"https:\/\/www.wasserwacht-toeging.de\/index.php?rest_route=%2Fwp%2Fv2%2Fmedia&parent=2826"}],"curies":[{"name":"wp","href":"https:\/\/api.w.org\/{rel}","templated":true}]}}