{"id":2831,"date":"2017-08-29T09:31:21","date_gmt":"2017-08-29T09:31:21","guid":{"rendered":"http:\/\/neu.wasserwacht-toeging.de\/?page_id=2831"},"modified":"2017-08-29T09:31:21","modified_gmt":"2017-08-29T09:31:21","slug":"einsaetze-232-233-2017","status":"publish","type":"page","link":"https:\/\/www.wasserwacht-toeging.de\/?page_id=2831","title":{"rendered":"Eins\u00e4tze 232-233 2017"},"content":{"rendered":"<p><strong>Datum:<\/strong> 11.08.2017 bis 14.08.2017<br \/>\n<strong>Einsatzbeginn:<\/strong> &#8212;<br \/>\n<strong>Einsatzart: <\/strong>Sanit\u00e4tsdienst<br \/>\n<strong>Einsatzstichwort:<\/strong> &#8212;<br \/>\n<strong>Einsatzort:<\/strong> T\u00f6ging H\u00e4finger Wiesn<br \/>\n<strong>Einsatzgrund:<\/strong> Absicherung Volksfest<\/p>\n<p><strong>Einsatzkr\u00e4fte der Wasserwacht T\u00f6ging-Winh\u00f6ring:<\/strong> jeweils 4 gleichzeitig<br \/>\n<strong>Eingesetzte Fahrzeuge der Wasserwacht T\u00f6ging-Winh\u00f6ring:<\/strong><br \/>\nGW Boot 91\/2<br \/>\n<strong>Weitere Einsatzkr\u00e4fte:<\/strong><br \/>\nBRK-Rettungsdienst<\/p>\n<hr \/>\n<p><strong>Bericht:<\/strong><br \/>\n<span class=\"text_exposed_show\">Die Wasserwacht T\u00f6ging sicherte t\u00e4glich mit mehreren Einsatzkr\u00e4ften das Volksfest &#8222;H\u00e4finger Wiesn&#8220; in T\u00f6ging ab. Es wurden zwei Versorgungen durchgef\u00fchrt. Beide Male mussten die Patienten mit dem Rettungswagen und Notarztbegleitung in eine Klinik gebracht werden.<br \/>\n<\/span><\/p>\n","protected":false},"excerpt":{"rendered":"<p>Datum: 11.08.2017 bis 14.08.2017 Einsatzbeginn: &#8212; Einsatzart: Sanit\u00e4tsdienst Einsatzstichwort: &#8212; Einsatzort: T\u00f6ging H\u00e4finger Wiesn Einsatzgrund: Absicherung Volksfest Einsatzkr\u00e4fte der Wasserwacht T\u00f6ging-Winh\u00f6ring: jeweils 4 gleichzeitig Eingesetzte Fahrzeuge der Wasserwacht T\u00f6ging-Winh\u00f6ring: GW Boot 91\/2 Weitere Einsatzkr\u00e4fte: BRK-Rettungsdienst Bericht: Die Wasserwacht T\u00f6ging sicherte&#46;&#46;&#46;<\/p>\n","protected":false},"author":1,"featured_media":0,"parent":0,"menu_order":0,"comment_status":"closed","ping_status":"closed","template":"","meta":{"footnotes":""},"class_list":["post-2831","page","type-page","status-publish","hentry"],"_links":{"self":[{"href":"https:\/\/www.wasserwacht-toeging.de\/index.php?rest_route=\/wp\/v2\/pages\/2831","targetHints":{"allow":["GET"]}}],"collection":[{"href":"https:\/\/www.wasserwacht-toeging.de\/index.php?rest_route=\/wp\/v2\/pages"}],"about":[{"href":"https:\/\/www.wasserwacht-toeging.de\/index.php?rest_route=\/wp\/v2\/types\/page"}],"author":[{"embeddable":true,"href":"https:\/\/www.wasserwacht-toeging.de\/index.php?rest_route=\/wp\/v2\/users\/1"}],"replies":[{"embeddable":true,"href":"https:\/\/www.wasserwacht-toeging.de\/index.php?rest_route=%2Fwp%2Fv2%2Fcomments&post=2831"}],"version-history":[{"count":1,"href":"https:\/\/www.wasserwacht-toeging.de\/index.php?rest_route=\/wp\/v2\/pages\/2831\/revisions"}],"predecessor-version":[{"id":2832,"href":"https:\/\/www.wasserwacht-toeging.de\/index.php?rest_route=\/wp\/v2\/pages\/2831\/revisions\/2832"}],"wp:attachment":[{"href":"https:\/\/www.wasserwacht-toeging.de\/index.php?rest_route=%2Fwp%2Fv2%2Fmedia&parent=2831"}],"curies":[{"name":"wp","href":"https:\/\/api.w.org\/{rel}","templated":true}]}}