{"id":2835,"date":"2017-08-29T12:17:08","date_gmt":"2017-08-29T12:17:08","guid":{"rendered":"http:\/\/neu.wasserwacht-toeging.de\/?page_id=2835"},"modified":"2017-08-29T12:17:08","modified_gmt":"2017-08-29T12:17:08","slug":"einsatz-234-2017","status":"publish","type":"page","link":"https:\/\/www.wasserwacht-toeging.de\/?page_id=2835","title":{"rendered":"Einsatz 234 2017"},"content":{"rendered":"<p><strong>Datum:<\/strong> 17.08.2017<br \/>\n<strong>Einsatzbeginn:<\/strong> 10:36 Uhr<br \/>\n<strong>Einsatzart: <\/strong>SEG-Einsatz<br \/>\n<strong>Einsatzstichwort:<\/strong> Wassernot 0<br \/>\n<strong>Einsatzort:<\/strong> Innkanal T\u00f6ging<br \/>\n<strong>Einsatzgrund:<\/strong> Errichten \u00d6lsperre<\/p>\n<hr \/>\n<p><strong>Einsatzkr\u00e4fte der Wasserwacht T\u00f6ging-Winh\u00f6ring:<\/strong> 9<br \/>\n<strong>Eingesetzte Fahrzeuge der Wasserwacht T\u00f6ging-Winh\u00f6ring:<\/strong><br \/>\nKommandowagen 90\/1<br \/>\nGW Wasserrettung 91\/1<br \/>\nMotorrettungsboot 99\/1<br \/>\n<strong>Weitere Einsatzkr\u00e4fte:<\/strong><br \/>\nFeuerwehr T\u00f6ging<\/p>\n<hr \/>\n<p><strong>Bericht:<\/strong><br \/>\n<span class=\"text_exposed_show\">Im Industriepark Inntal in T\u00f6ging war beim einem LKW ein Hydraulikschlauch geplatzt. Es bestand die Gefahr, dass Hydraulik\u00f6l \u00fcber die Kanalisation in den Innkanal gelangt. Die Feuerwehr T\u00f6ging lie\u00df deshalb die Wasserwacht nachalarmieren, um gemeinsam eine \u00d6lsperre im Unterwasser-Innkanal zu errichten.<br \/>\n<\/span><\/p>\n","protected":false},"excerpt":{"rendered":"<p>Datum: 17.08.2017 Einsatzbeginn: 10:36 Uhr Einsatzart: SEG-Einsatz Einsatzstichwort: Wassernot 0 Einsatzort: Innkanal T\u00f6ging Einsatzgrund: Errichten \u00d6lsperre Einsatzkr\u00e4fte der Wasserwacht T\u00f6ging-Winh\u00f6ring: 9 Eingesetzte Fahrzeuge der Wasserwacht T\u00f6ging-Winh\u00f6ring: Kommandowagen 90\/1 GW Wasserrettung 91\/1 Motorrettungsboot 99\/1 Weitere Einsatzkr\u00e4fte: Feuerwehr T\u00f6ging Bericht: Im Industriepark&#46;&#46;&#46;<\/p>\n","protected":false},"author":1,"featured_media":0,"parent":0,"menu_order":0,"comment_status":"closed","ping_status":"closed","template":"","meta":{"footnotes":""},"class_list":["post-2835","page","type-page","status-publish","hentry"],"_links":{"self":[{"href":"https:\/\/www.wasserwacht-toeging.de\/index.php?rest_route=\/wp\/v2\/pages\/2835","targetHints":{"allow":["GET"]}}],"collection":[{"href":"https:\/\/www.wasserwacht-toeging.de\/index.php?rest_route=\/wp\/v2\/pages"}],"about":[{"href":"https:\/\/www.wasserwacht-toeging.de\/index.php?rest_route=\/wp\/v2\/types\/page"}],"author":[{"embeddable":true,"href":"https:\/\/www.wasserwacht-toeging.de\/index.php?rest_route=\/wp\/v2\/users\/1"}],"replies":[{"embeddable":true,"href":"https:\/\/www.wasserwacht-toeging.de\/index.php?rest_route=%2Fwp%2Fv2%2Fcomments&post=2835"}],"version-history":[{"count":1,"href":"https:\/\/www.wasserwacht-toeging.de\/index.php?rest_route=\/wp\/v2\/pages\/2835\/revisions"}],"predecessor-version":[{"id":2836,"href":"https:\/\/www.wasserwacht-toeging.de\/index.php?rest_route=\/wp\/v2\/pages\/2835\/revisions\/2836"}],"wp:attachment":[{"href":"https:\/\/www.wasserwacht-toeging.de\/index.php?rest_route=%2Fwp%2Fv2%2Fmedia&parent=2835"}],"curies":[{"name":"wp","href":"https:\/\/api.w.org\/{rel}","templated":true}]}}