{"id":2838,"date":"2017-08-29T12:22:00","date_gmt":"2017-08-29T12:22:00","guid":{"rendered":"http:\/\/neu.wasserwacht-toeging.de\/?page_id=2838"},"modified":"2017-08-29T12:22:00","modified_gmt":"2017-08-29T12:22:00","slug":"einsatz-235-2017","status":"publish","type":"page","link":"https:\/\/www.wasserwacht-toeging.de\/?page_id=2838","title":{"rendered":"Einsatz 235 2017"},"content":{"rendered":"<p><strong>Datum:<\/strong> 20.08.2017<br \/>\n<strong>Einsatzbeginn:<\/strong> 13:14 Uhr<br \/>\n<strong>Einsatzart: <\/strong>SEG-Einsatz<br \/>\n<strong>Einsatzstichwort:<\/strong> Wassernot 1<br \/>\n<strong>Einsatzort:<\/strong> Isen Erharting<br \/>\n<strong>Einsatzgrund:<\/strong> Herrenloses Schlauchboot<\/p>\n<hr \/>\n<p><strong>Einsatzkr\u00e4fte der Wasserwacht T\u00f6ging-Winh\u00f6ring:<\/strong> 14<br \/>\n<strong>Eingesetzte Fahrzeuge der Wasserwacht T\u00f6ging-Winh\u00f6ring:<\/strong><br \/>\nKommandowagen 90\/1<br \/>\nGW Wasserrettung 91\/1<br \/>\nGW Boot 91\/2<br \/>\nMotorrettungsboot 99\/1<br \/>\nMotorrettungsboot 99\/2<br \/>\n<strong>Weitere Einsatzkr\u00e4fte:<\/strong><br \/>\nEinsatzleiter Wasserrettung Landkreis Alt\u00f6tting<\/p>\n<p>Feuerwehr Erharting<br \/>\nFeuerwehr T\u00f6ging a. Inn<\/p>\n<hr \/>\n<p><strong>Bericht:<\/strong><br \/>\n<span class=\"text_exposed_show\">An die Isen nach Erharting wurde die SEG der Wasserwacht T\u00f6ging-Winh\u00f6ring alarmiert. Grund war ein herrenloses, im Wasser treibendes Schlauchboot. Bereits nach kurzer Zeit stellte sich heraus, dass das Boot schon l\u00e4ngere Zeit im Wasser lag und vom Ufer abgetrieben war. Personen waren nicht in Gefahr.<br \/>\n<\/span><\/p>\n<hr \/>\n<p><strong>Foto:<\/strong><\/p>\n<p><a href=\"http:\/\/neu.wasserwacht-toeging.de\/wp-content\/uploads\/2017\/08\/170820_Erharting_01.jpg\"><img loading=\"lazy\" decoding=\"async\" class=\"alignleft size-thumbnail wp-image-2784\" src=\"http:\/\/neu.wasserwacht-toeging.de\/wp-content\/uploads\/2017\/08\/170820_Erharting_01-150x150.jpg\" alt=\"\" width=\"150\" height=\"150\" \/><\/a><\/p>\n","protected":false},"excerpt":{"rendered":"<p>Datum: 20.08.2017 Einsatzbeginn: 13:14 Uhr Einsatzart: SEG-Einsatz Einsatzstichwort: Wassernot 1 Einsatzort: Isen Erharting Einsatzgrund: Herrenloses Schlauchboot Einsatzkr\u00e4fte der Wasserwacht T\u00f6ging-Winh\u00f6ring: 14 Eingesetzte Fahrzeuge der Wasserwacht T\u00f6ging-Winh\u00f6ring: Kommandowagen 90\/1 GW Wasserrettung 91\/1 GW Boot 91\/2 Motorrettungsboot 99\/1 Motorrettungsboot 99\/2 Weitere Einsatzkr\u00e4fte:&#46;&#46;&#46;<\/p>\n","protected":false},"author":1,"featured_media":0,"parent":0,"menu_order":0,"comment_status":"closed","ping_status":"closed","template":"","meta":{"footnotes":""},"class_list":["post-2838","page","type-page","status-publish","hentry"],"_links":{"self":[{"href":"https:\/\/www.wasserwacht-toeging.de\/index.php?rest_route=\/wp\/v2\/pages\/2838","targetHints":{"allow":["GET"]}}],"collection":[{"href":"https:\/\/www.wasserwacht-toeging.de\/index.php?rest_route=\/wp\/v2\/pages"}],"about":[{"href":"https:\/\/www.wasserwacht-toeging.de\/index.php?rest_route=\/wp\/v2\/types\/page"}],"author":[{"embeddable":true,"href":"https:\/\/www.wasserwacht-toeging.de\/index.php?rest_route=\/wp\/v2\/users\/1"}],"replies":[{"embeddable":true,"href":"https:\/\/www.wasserwacht-toeging.de\/index.php?rest_route=%2Fwp%2Fv2%2Fcomments&post=2838"}],"version-history":[{"count":1,"href":"https:\/\/www.wasserwacht-toeging.de\/index.php?rest_route=\/wp\/v2\/pages\/2838\/revisions"}],"predecessor-version":[{"id":2839,"href":"https:\/\/www.wasserwacht-toeging.de\/index.php?rest_route=\/wp\/v2\/pages\/2838\/revisions\/2839"}],"wp:attachment":[{"href":"https:\/\/www.wasserwacht-toeging.de\/index.php?rest_route=%2Fwp%2Fv2%2Fmedia&parent=2838"}],"curies":[{"name":"wp","href":"https:\/\/api.w.org\/{rel}","templated":true}]}}