{"id":2841,"date":"2017-08-29T12:25:28","date_gmt":"2017-08-29T12:25:28","guid":{"rendered":"http:\/\/neu.wasserwacht-toeging.de\/?page_id=2841"},"modified":"2017-08-29T12:25:28","modified_gmt":"2017-08-29T12:25:28","slug":"einsatz-236-2017","status":"publish","type":"page","link":"https:\/\/www.wasserwacht-toeging.de\/?page_id=2841","title":{"rendered":"Einsatz 236 2017"},"content":{"rendered":"<p><strong>Datum:<\/strong> 22.08.2017<br \/>\n<strong>Einsatzbeginn:<\/strong> 18:00 Uhr<br \/>\n<strong>Einsatzart: <\/strong>SEG-Einsatz<br \/>\n<strong>Einsatzstichwort:<\/strong> Wassernot 0<br \/>\n<strong>Einsatzort:<\/strong> Innkanal T\u00f6ging<br \/>\n<strong>Einsatzgrund:<\/strong> \u00d6lsperre abbauen<\/p>\n<hr \/>\n<p><strong>Einsatzkr\u00e4fte der Wasserwacht T\u00f6ging-Winh\u00f6ring:<\/strong> 10<br \/>\n<strong>Eingesetzte Fahrzeuge der Wasserwacht T\u00f6ging-Winh\u00f6ring:<\/strong><br \/>\nKommandowagen 90\/1<br \/>\nGW Wasserrettung 91\/1<br \/>\nGW Boot 91\/2<br \/>\nMotorrettungsboot 99\/1<br \/>\nMotorrettungsboot 99\/2<br \/>\n<strong>Weitere Einsatzkr\u00e4fte:<\/strong><br \/>\nFeuerwehr T\u00f6ging a. Inn<\/p>\n<hr \/>\n<p><strong>Bericht:<\/strong><br \/>\n<span class=\"text_exposed_show\">Die \u00d6lsperre im Unterwasser-Innkanal wurde mit Booten wieder abgebaut.<br \/>\n<\/span><\/p>\n","protected":false},"excerpt":{"rendered":"<p>Datum: 22.08.2017 Einsatzbeginn: 18:00 Uhr Einsatzart: SEG-Einsatz Einsatzstichwort: Wassernot 0 Einsatzort: Innkanal T\u00f6ging Einsatzgrund: \u00d6lsperre abbauen Einsatzkr\u00e4fte der Wasserwacht T\u00f6ging-Winh\u00f6ring: 10 Eingesetzte Fahrzeuge der Wasserwacht T\u00f6ging-Winh\u00f6ring: Kommandowagen 90\/1 GW Wasserrettung 91\/1 GW Boot 91\/2 Motorrettungsboot 99\/1 Motorrettungsboot 99\/2 Weitere Einsatzkr\u00e4fte:&#46;&#46;&#46;<\/p>\n","protected":false},"author":1,"featured_media":0,"parent":0,"menu_order":0,"comment_status":"closed","ping_status":"closed","template":"","meta":{"footnotes":""},"class_list":["post-2841","page","type-page","status-publish","hentry"],"_links":{"self":[{"href":"https:\/\/www.wasserwacht-toeging.de\/index.php?rest_route=\/wp\/v2\/pages\/2841","targetHints":{"allow":["GET"]}}],"collection":[{"href":"https:\/\/www.wasserwacht-toeging.de\/index.php?rest_route=\/wp\/v2\/pages"}],"about":[{"href":"https:\/\/www.wasserwacht-toeging.de\/index.php?rest_route=\/wp\/v2\/types\/page"}],"author":[{"embeddable":true,"href":"https:\/\/www.wasserwacht-toeging.de\/index.php?rest_route=\/wp\/v2\/users\/1"}],"replies":[{"embeddable":true,"href":"https:\/\/www.wasserwacht-toeging.de\/index.php?rest_route=%2Fwp%2Fv2%2Fcomments&post=2841"}],"version-history":[{"count":1,"href":"https:\/\/www.wasserwacht-toeging.de\/index.php?rest_route=\/wp\/v2\/pages\/2841\/revisions"}],"predecessor-version":[{"id":2842,"href":"https:\/\/www.wasserwacht-toeging.de\/index.php?rest_route=\/wp\/v2\/pages\/2841\/revisions\/2842"}],"wp:attachment":[{"href":"https:\/\/www.wasserwacht-toeging.de\/index.php?rest_route=%2Fwp%2Fv2%2Fmedia&parent=2841"}],"curies":[{"name":"wp","href":"https:\/\/api.w.org\/{rel}","templated":true}]}}