{"id":2974,"date":"2017-11-18T13:15:34","date_gmt":"2017-11-18T13:15:34","guid":{"rendered":"http:\/\/neu.wasserwacht-toeging.de\/?page_id=2974"},"modified":"2017-11-18T13:15:34","modified_gmt":"2017-11-18T13:15:34","slug":"einsatz-292-2017","status":"publish","type":"page","link":"https:\/\/www.wasserwacht-toeging.de\/?page_id=2974","title":{"rendered":"Einsatz 292 2017"},"content":{"rendered":"<p><strong>Datum:<\/strong> 14.10.2017<br \/>\n<strong>Einsatzbeginn:<\/strong> 18.00 Uhr<br \/>\n<strong>Einsatzart: <\/strong>Erstversorgung Rettungsdienst<br \/>\n<strong>Einsatzstichwort:<\/strong> RD 1<br \/>\n<strong>Einsatzort:<\/strong> Staatsstra\u00dfe 2550 Neu\u00f6tting<br \/>\n<strong>Einsatzgrund:<\/strong> Verkehrsunfall<\/p>\n<p><strong>Einsatzkr\u00e4fte der Wasserwacht T\u00f6ging-Winh\u00f6ring:<\/strong> 5<br \/>\n<strong>Eingesetzte Fahrzeuge der Wasserwacht T\u00f6ging-Winh\u00f6ring:<\/strong><br \/>\nGW Boot 91\/2<br \/>\n<strong>Weitere Einsatzkr\u00e4fte:<\/strong><br \/>\nBRK-Rettungsdienst (1 RTW)<\/p>\n<hr \/>\n<p><strong>Bericht:<\/strong><br \/>\n<span class=\"text_exposed_show\">Erstversorgung bei einem Verkehrsunfall mit Motorrad und Anforderung des Rettungsdienstes.<br \/>\n<\/span><\/p>\n","protected":false},"excerpt":{"rendered":"<p>Datum: 14.10.2017 Einsatzbeginn: 18.00 Uhr Einsatzart: Erstversorgung Rettungsdienst Einsatzstichwort: RD 1 Einsatzort: Staatsstra\u00dfe 2550 Neu\u00f6tting Einsatzgrund: Verkehrsunfall Einsatzkr\u00e4fte der Wasserwacht T\u00f6ging-Winh\u00f6ring: 5 Eingesetzte Fahrzeuge der Wasserwacht T\u00f6ging-Winh\u00f6ring: GW Boot 91\/2 Weitere Einsatzkr\u00e4fte: BRK-Rettungsdienst (1 RTW) Bericht: Erstversorgung bei einem Verkehrsunfall&#46;&#46;&#46;<\/p>\n","protected":false},"author":1,"featured_media":0,"parent":0,"menu_order":0,"comment_status":"closed","ping_status":"closed","template":"","meta":{"footnotes":""},"class_list":["post-2974","page","type-page","status-publish","hentry"],"_links":{"self":[{"href":"https:\/\/www.wasserwacht-toeging.de\/index.php?rest_route=\/wp\/v2\/pages\/2974","targetHints":{"allow":["GET"]}}],"collection":[{"href":"https:\/\/www.wasserwacht-toeging.de\/index.php?rest_route=\/wp\/v2\/pages"}],"about":[{"href":"https:\/\/www.wasserwacht-toeging.de\/index.php?rest_route=\/wp\/v2\/types\/page"}],"author":[{"embeddable":true,"href":"https:\/\/www.wasserwacht-toeging.de\/index.php?rest_route=\/wp\/v2\/users\/1"}],"replies":[{"embeddable":true,"href":"https:\/\/www.wasserwacht-toeging.de\/index.php?rest_route=%2Fwp%2Fv2%2Fcomments&post=2974"}],"version-history":[{"count":1,"href":"https:\/\/www.wasserwacht-toeging.de\/index.php?rest_route=\/wp\/v2\/pages\/2974\/revisions"}],"predecessor-version":[{"id":2975,"href":"https:\/\/www.wasserwacht-toeging.de\/index.php?rest_route=\/wp\/v2\/pages\/2974\/revisions\/2975"}],"wp:attachment":[{"href":"https:\/\/www.wasserwacht-toeging.de\/index.php?rest_route=%2Fwp%2Fv2%2Fmedia&parent=2974"}],"curies":[{"name":"wp","href":"https:\/\/api.w.org\/{rel}","templated":true}]}}