{"id":3390,"date":"2019-01-20T20:07:14","date_gmt":"2019-01-20T20:07:14","guid":{"rendered":"http:\/\/neu.wasserwacht-toeging.de\/?page_id=3390"},"modified":"2019-01-20T20:07:14","modified_gmt":"2019-01-20T20:07:14","slug":"einsatz-003-2019","status":"publish","type":"page","link":"https:\/\/www.wasserwacht-toeging.de\/?page_id=3390","title":{"rendered":"Einsatz 003 2019"},"content":{"rendered":"<p><strong>Datum:<\/strong> 20.01.2019<br \/>\n<strong>Einsatzbeginn:<\/strong> 16:29 Uhr<br \/>\n<strong>Einsatzart: <\/strong>SEG-Einsatz<br \/>\n<strong>Einsatzstichwort:<\/strong> Wassernot 2<br \/>\n<strong>Einsatzort:<\/strong> Weiher im Stadtgebiet Burghausen<br \/>\n<strong>Einsatzgrund:<\/strong> Vermisstensuche<\/p>\n<hr \/>\n<p><strong>Einsatzkr\u00e4fte der Wasserwacht T\u00f6ging-Winh\u00f6ring:<\/strong> 12<br \/>\n<strong>Eingesetzte Fahrzeuge der Wasserwacht T\u00f6ging-Winh\u00f6ring:<\/strong><br \/>\nKommandowagen 10\/1<br \/>\nGW Wasserrettung 91\/1<br \/>\nGW Boot 91\/2<br \/>\nMotorrettungsboot 99\/2<br \/>\n<strong>Weitere Einsatzkr\u00e4fte:<\/strong><br \/>\nEinsatzleiter Wasserrettung Alt\u00f6tting<br \/>\nSEG-Leiter S\u00fcd<br \/>\nWasserwacht Alt\u00f6tting<br \/>\nWasserwacht Burghausen<br \/>\nWasserwacht Burgkirchen<br \/>\nWasserwacht Marktl<br \/>\nWasserwacht Perach<\/p>\n<p>BRK-Rettungsdienst<br \/>\nEinsatzleiter Rettungsdienst Alt\u00f6tting<br \/>\nSEG IuK Alt\u00f6tting<br \/>\nRettungshubschrauber &#8222;Christopoh 14&#8220;<\/p>\n<p>Feuerwehr Raitenhaslach<\/p>\n<p>Polizei Burghausen<br \/>\nPolizeihubschrauber &#8222;Edelwei\u00df 3&#8220;<\/p>\n<hr \/>\n<p><strong>Bericht:<\/strong><\/p>\n<div class=\"\" data-block=\"true\" data-editor=\"cutfr\" data-offset-key=\"9pubk-0-0\">\n<div class=\"_1mf _1mj\" data-offset-key=\"9pubk-0-0\"><span data-offset-key=\"9pubk-0-0\"><span id=\"fbPhotoSnowliftCaption\" class=\"fbPhotosPhotoCaption\" tabindex=\"0\" aria-live=\"polite\" data-ft=\"{&quot;tn&quot;:&quot;K&quot;}\"><span class=\"hasCaption\">Im Stadtgebiet von Burghausen wurde zur Suche nach einem vermissten Kind auch die Wasserwacht angefordert. Die SEG T\u00f6ging r\u00fcckte mit 12 Einsatzkr\u00e4ften und drei Fahrzeugen aus, um die Einsatzkr\u00e4fte vor Ort unter anderem mit Rettungstauchern und Wasserrettern zu unterst\u00fctzen. Kurzzeitig bestand der Verdacht, dass das Kind in einen Weiher gefallen sein k\u00f6nnte.<br \/>\n<span class=\"text_exposed_show\">Gl\u00fccklicherweise wurde das Kind nach kurzer Zeit wohlbehalten aufgefunden, sodass unser weiterer Einsatz nicht notwendig war.<\/span><\/span><\/span><\/span><\/div>\n<\/div>\n","protected":false},"excerpt":{"rendered":"<p>Datum: 20.01.2019 Einsatzbeginn: 16:29 Uhr Einsatzart: SEG-Einsatz Einsatzstichwort: Wassernot 2 Einsatzort: Weiher im Stadtgebiet Burghausen Einsatzgrund: Vermisstensuche Einsatzkr\u00e4fte der Wasserwacht T\u00f6ging-Winh\u00f6ring: 12 Eingesetzte Fahrzeuge der Wasserwacht T\u00f6ging-Winh\u00f6ring: Kommandowagen 10\/1 GW Wasserrettung 91\/1 GW Boot 91\/2 Motorrettungsboot 99\/2 Weitere Einsatzkr\u00e4fte: Einsatzleiter&#46;&#46;&#46;<\/p>\n","protected":false},"author":1,"featured_media":0,"parent":0,"menu_order":0,"comment_status":"closed","ping_status":"closed","template":"","meta":{"footnotes":""},"class_list":["post-3390","page","type-page","status-publish","hentry"],"_links":{"self":[{"href":"https:\/\/www.wasserwacht-toeging.de\/index.php?rest_route=\/wp\/v2\/pages\/3390","targetHints":{"allow":["GET"]}}],"collection":[{"href":"https:\/\/www.wasserwacht-toeging.de\/index.php?rest_route=\/wp\/v2\/pages"}],"about":[{"href":"https:\/\/www.wasserwacht-toeging.de\/index.php?rest_route=\/wp\/v2\/types\/page"}],"author":[{"embeddable":true,"href":"https:\/\/www.wasserwacht-toeging.de\/index.php?rest_route=\/wp\/v2\/users\/1"}],"replies":[{"embeddable":true,"href":"https:\/\/www.wasserwacht-toeging.de\/index.php?rest_route=%2Fwp%2Fv2%2Fcomments&post=3390"}],"version-history":[{"count":1,"href":"https:\/\/www.wasserwacht-toeging.de\/index.php?rest_route=\/wp\/v2\/pages\/3390\/revisions"}],"predecessor-version":[{"id":3391,"href":"https:\/\/www.wasserwacht-toeging.de\/index.php?rest_route=\/wp\/v2\/pages\/3390\/revisions\/3391"}],"wp:attachment":[{"href":"https:\/\/www.wasserwacht-toeging.de\/index.php?rest_route=%2Fwp%2Fv2%2Fmedia&parent=3390"}],"curies":[{"name":"wp","href":"https:\/\/api.w.org\/{rel}","templated":true}]}}