{"id":3452,"date":"2019-03-01T17:48:09","date_gmt":"2019-03-01T16:48:09","guid":{"rendered":"http:\/\/neu.wasserwacht-toeging.de\/?page_id=3452"},"modified":"2019-03-01T17:48:09","modified_gmt":"2019-03-01T16:48:09","slug":"einsatz-006-2019","status":"publish","type":"page","link":"https:\/\/www.wasserwacht-toeging.de\/?page_id=3452","title":{"rendered":"Einsatz 006 &#8211; 2019"},"content":{"rendered":"<p><strong>Datum:<\/strong> 28.02.2019<br \/>\n<strong>Einsatzbeginn:<\/strong>\u00a018:30 Uhr<br \/>\n<strong>Einsatzart:<\/strong> Kontrollfahrt<br \/>\n<strong>Einsatzstichwort:<\/strong> &#8212;<br \/>\n<strong>Einsatzort:<\/strong> Innkanal T\u00f6ging<br \/>\n<strong>Einsatzgrund:<\/strong> nach Meldung einer Passantin<\/p>\n<hr \/>\n<p><strong>Einsatzkr\u00e4fte der Wasserwacht T\u00f6ging-Winh\u00f6ring:<\/strong> 4<br \/>\n<strong>Eingesetzte Fahrzeuge der Wasserwacht T\u00f6ging-Winh\u00f6ring:<\/strong><br \/>\nKommandowagen 10\/1<br \/>\n<strong>Weitere Einsatzkr\u00e4fte:<br \/>\n<\/strong>\u2014<\/p>\n<hr \/>\n<p><strong>Bericht:<\/strong><\/p>\n<div data-editor=\"cutfr\" data-block=\"true\" data-offset-key=\"9pubk-0-0\">\n<div class=\"_1mf _1mj\" data-offset-key=\"9pubk-0-0\"><span data-offset-key=\"9pubk-0-0\"><span id=\"fbPhotoSnowliftCaption\" class=\"fbPhotosPhotoCaption\" tabindex=\"0\" aria-live=\"polite\" data-ft=\"{&quot;tn&quot;:&quot;K&quot;}\"><span class=\"hasCaption\">Eine Spazierg\u00e4ngerin meldete der Wasserwacht telefonisch, dass sie an der Br\u00fccke \u00fcber den Unterwasser-Innkanal vier Kinder beobachtet habe, die unter der Br\u00fccke auf einem Rohr \u00fcber den Innkanal geklettert sind. Sie habe die Kinder belehrt und weggeschickt.<br \/>\nMit einer kleinen Einsatzmannschaft wurde das Umfeld der Br\u00fccke kontrolliert, damit ausgeschlossen werden konnte, dass sich die Kinder wieder in Gefahr gebracht haben.<br \/>\n<\/span><\/span><\/span><\/div>\n<\/div>\n","protected":false},"excerpt":{"rendered":"<p>Datum: 28.02.2019 Einsatzbeginn:\u00a018:30 Uhr Einsatzart: Kontrollfahrt Einsatzstichwort: &#8212; Einsatzort: Innkanal T\u00f6ging Einsatzgrund: nach Meldung einer Passantin Einsatzkr\u00e4fte der Wasserwacht T\u00f6ging-Winh\u00f6ring: 4 Eingesetzte Fahrzeuge der Wasserwacht T\u00f6ging-Winh\u00f6ring: Kommandowagen 10\/1 Weitere Einsatzkr\u00e4fte: \u2014 Bericht: Eine Spazierg\u00e4ngerin meldete der Wasserwacht telefonisch, dass sie&#46;&#46;&#46;<\/p>\n","protected":false},"author":1,"featured_media":0,"parent":0,"menu_order":0,"comment_status":"closed","ping_status":"closed","template":"","meta":{"footnotes":""},"class_list":["post-3452","page","type-page","status-publish","hentry"],"_links":{"self":[{"href":"https:\/\/www.wasserwacht-toeging.de\/index.php?rest_route=\/wp\/v2\/pages\/3452","targetHints":{"allow":["GET"]}}],"collection":[{"href":"https:\/\/www.wasserwacht-toeging.de\/index.php?rest_route=\/wp\/v2\/pages"}],"about":[{"href":"https:\/\/www.wasserwacht-toeging.de\/index.php?rest_route=\/wp\/v2\/types\/page"}],"author":[{"embeddable":true,"href":"https:\/\/www.wasserwacht-toeging.de\/index.php?rest_route=\/wp\/v2\/users\/1"}],"replies":[{"embeddable":true,"href":"https:\/\/www.wasserwacht-toeging.de\/index.php?rest_route=%2Fwp%2Fv2%2Fcomments&post=3452"}],"version-history":[{"count":1,"href":"https:\/\/www.wasserwacht-toeging.de\/index.php?rest_route=\/wp\/v2\/pages\/3452\/revisions"}],"predecessor-version":[{"id":3453,"href":"https:\/\/www.wasserwacht-toeging.de\/index.php?rest_route=\/wp\/v2\/pages\/3452\/revisions\/3453"}],"wp:attachment":[{"href":"https:\/\/www.wasserwacht-toeging.de\/index.php?rest_route=%2Fwp%2Fv2%2Fmedia&parent=3452"}],"curies":[{"name":"wp","href":"https:\/\/api.w.org\/{rel}","templated":true}]}}