{"id":3559,"date":"2019-04-22T10:15:48","date_gmt":"2019-04-22T08:15:48","guid":{"rendered":"http:\/\/neu.wasserwacht-toeging.de\/?page_id=3559"},"modified":"2019-04-22T10:15:48","modified_gmt":"2019-04-22T08:15:48","slug":"einsatz-011-2019","status":"publish","type":"page","link":"https:\/\/www.wasserwacht-toeging.de\/?page_id=3559","title":{"rendered":"Einsatz 011 2019"},"content":{"rendered":"<p><strong>Datum:<\/strong> 19.04.2019<br \/>\n<strong>Einsatzbeginn:<\/strong> 13:00 Uhr<br \/>\n<strong>Einsatzart: <\/strong>Sicherheitsabstellung<br \/>\n<strong>Einsatzstichwort:<\/strong> \u2014<br \/>\n<strong>Einsatzort:<\/strong> Salzach zwischen Unterhadermark und Burghausen<br \/>\n<strong>Einsatzgrund:<\/strong> Schwimmveranstaltung<\/p>\n<hr \/>\n<p><strong>Einsatzkr\u00e4fte der Wasserwacht T\u00f6ging-Winh\u00f6ring:<\/strong> 6<br \/>\n<strong>Eingesetzte Fahrzeuge der Wasserwacht T\u00f6ging-Winh\u00f6ring:<\/strong><br \/>\nKommandowagen 10\/1<br \/>\nGW Wasserrettung 91\/1<br \/>\nMotorrettungsboot 99\/2<br \/>\n<strong>Weitere Einsatzkr\u00e4fte:<\/strong><br \/>\nWasserwacht Burgkirchen<\/p>\n<hr \/>\n<p><strong>Bericht:<\/strong><\/p>\n<div data-offset-key=\"9pubk-0-0\" data-editor=\"cutfr\" data-block=\"true\">\n<div class=\"_1mf _1mj\" data-offset-key=\"9pubk-0-0\">Mit sechs Schwimmern und einer Einsatzgruppe nahm die Wasserwacht T\u00f6ging-Winh\u00f6ring am diesj\u00e4hrigen G\u00fcnther-Hackl-Ged\u00e4chtnisschwimmen in Burghausen teil. Insgesamt 63 Schwimmerinnen und Schwimmer bew\u00e4ltigten die ca. 8 km lange Strecke auf der Salzach zwischen Unterhadermark und Burghausen.<br \/>\nDas von der Wasserwacht Burgkirchen-Emmerting veranstaltete Schwimmen hat eine lange Tradition und wurde einst von G\u00fcnther Hackl ins Leben gerufen. Nach einem t\u00f6dlichen Unfall des versierten Tauchausbilders setzte die Ortsgruppe die Tradition des Salzachschwimmens fort. Zum Gedenken an das verstorbene Ortsgruppen-Mitglied hei\u00dft die Veranstaltung seitdem \u201eG\u00fcnther-Hackl-Ged\u00e4chtnisschwimmen\u201c.<br \/>\nAufgabe der SEG T\u00f6ging war es, mit einem Rettungsboot die Veranstaltung abzusichern. Ein weiteres Boot wurde durch die Ortsgruppe Burgkirchen gestellt.<\/div>\n<\/div>\n<div data-offset-key=\"9pubk-0-0\">\n<hr \/>\n<\/div>\n<div data-offset-key=\"9pubk-0-0\"><strong>Fotos:<\/strong><\/div>\n<div data-offset-key=\"9pubk-0-0\"><a href=\"http:\/\/neu.wasserwacht-toeging.de\/wp-content\/uploads\/2019\/04\/190419_Karfreitagsschwimmen_05.jpg\"><img loading=\"lazy\" decoding=\"async\" class=\"alignleft size-thumbnail wp-image-3545\" src=\"http:\/\/neu.wasserwacht-toeging.de\/wp-content\/uploads\/2019\/04\/190419_Karfreitagsschwimmen_05-150x150.jpg\" alt=\"\" width=\"150\" height=\"150\" \/><\/a> <a href=\"http:\/\/neu.wasserwacht-toeging.de\/wp-content\/uploads\/2019\/04\/190419_Karfreitagsschwimmen_01.jpg\"><img loading=\"lazy\" decoding=\"async\" class=\"alignleft size-thumbnail wp-image-3547\" src=\"http:\/\/neu.wasserwacht-toeging.de\/wp-content\/uploads\/2019\/04\/190419_Karfreitagsschwimmen_01-150x150.jpg\" alt=\"\" width=\"150\" height=\"150\" \/><\/a> <a href=\"http:\/\/neu.wasserwacht-toeging.de\/wp-content\/uploads\/2019\/04\/190419_Karfreitagsschwimmen_02.jpg\"><img loading=\"lazy\" decoding=\"async\" class=\"alignleft size-thumbnail wp-image-3548\" src=\"http:\/\/neu.wasserwacht-toeging.de\/wp-content\/uploads\/2019\/04\/190419_Karfreitagsschwimmen_02-150x150.jpg\" alt=\"\" width=\"150\" height=\"150\" \/><\/a> <a href=\"http:\/\/neu.wasserwacht-toeging.de\/wp-content\/uploads\/2019\/04\/190419_Karfreitagsschwimmen_03.jpg\"><img loading=\"lazy\" decoding=\"async\" class=\"alignleft size-thumbnail wp-image-3549\" src=\"http:\/\/neu.wasserwacht-toeging.de\/wp-content\/uploads\/2019\/04\/190419_Karfreitagsschwimmen_03-150x150.jpg\" alt=\"\" width=\"150\" height=\"150\" \/><\/a> <a href=\"http:\/\/neu.wasserwacht-toeging.de\/wp-content\/uploads\/2019\/04\/190419_Karfreitagsschwimmen_04.jpg\"><img loading=\"lazy\" decoding=\"async\" class=\"alignleft size-thumbnail wp-image-3550\" src=\"http:\/\/neu.wasserwacht-toeging.de\/wp-content\/uploads\/2019\/04\/190419_Karfreitagsschwimmen_04-150x150.jpg\" alt=\"\" width=\"150\" height=\"150\" \/><\/a> <a href=\"http:\/\/neu.wasserwacht-toeging.de\/wp-content\/uploads\/2019\/04\/190419_Karfreitagsschwimmen_06.jpg\"><img loading=\"lazy\" decoding=\"async\" class=\"alignleft size-thumbnail wp-image-3551\" src=\"http:\/\/neu.wasserwacht-toeging.de\/wp-content\/uploads\/2019\/04\/190419_Karfreitagsschwimmen_06-150x150.jpg\" alt=\"\" width=\"150\" height=\"150\" \/><\/a> <a href=\"http:\/\/neu.wasserwacht-toeging.de\/wp-content\/uploads\/2019\/04\/190419_Karfreitagsschwimmen_07.jpg\"><img loading=\"lazy\" decoding=\"async\" class=\"alignleft size-thumbnail wp-image-3552\" src=\"http:\/\/neu.wasserwacht-toeging.de\/wp-content\/uploads\/2019\/04\/190419_Karfreitagsschwimmen_07-150x150.jpg\" alt=\"\" width=\"150\" height=\"150\" \/><\/a> <a href=\"http:\/\/neu.wasserwacht-toeging.de\/wp-content\/uploads\/2019\/04\/190419_Karfreitagsschwimmen_08.jpg\"><img loading=\"lazy\" decoding=\"async\" class=\"alignleft size-thumbnail wp-image-3553\" src=\"http:\/\/neu.wasserwacht-toeging.de\/wp-content\/uploads\/2019\/04\/190419_Karfreitagsschwimmen_08-150x150.jpg\" alt=\"\" width=\"150\" height=\"150\" \/><\/a> <a href=\"http:\/\/neu.wasserwacht-toeging.de\/wp-content\/uploads\/2019\/04\/190419_Karfreitagsschwimmen_09.jpg\"><img loading=\"lazy\" decoding=\"async\" class=\"alignleft size-thumbnail wp-image-3554\" src=\"http:\/\/neu.wasserwacht-toeging.de\/wp-content\/uploads\/2019\/04\/190419_Karfreitagsschwimmen_09-150x150.jpg\" alt=\"\" width=\"150\" height=\"150\" \/><\/a> <a href=\"http:\/\/neu.wasserwacht-toeging.de\/wp-content\/uploads\/2019\/04\/190419_Karfreitagsschwimmen_10.jpg\"><img loading=\"lazy\" decoding=\"async\" class=\"alignleft size-thumbnail wp-image-3555\" src=\"http:\/\/neu.wasserwacht-toeging.de\/wp-content\/uploads\/2019\/04\/190419_Karfreitagsschwimmen_10-150x150.jpg\" alt=\"\" width=\"150\" height=\"150\" \/><\/a><\/div>\n","protected":false},"excerpt":{"rendered":"<p>Datum: 19.04.2019 Einsatzbeginn: 13:00 Uhr Einsatzart: Sicherheitsabstellung Einsatzstichwort: \u2014 Einsatzort: Salzach zwischen Unterhadermark und Burghausen Einsatzgrund: Schwimmveranstaltung Einsatzkr\u00e4fte der Wasserwacht T\u00f6ging-Winh\u00f6ring: 6 Eingesetzte Fahrzeuge der Wasserwacht T\u00f6ging-Winh\u00f6ring: Kommandowagen 10\/1 GW Wasserrettung 91\/1 Motorrettungsboot 99\/2 Weitere Einsatzkr\u00e4fte: Wasserwacht Burgkirchen Bericht: Mit&#46;&#46;&#46;<\/p>\n","protected":false},"author":1,"featured_media":0,"parent":0,"menu_order":0,"comment_status":"closed","ping_status":"closed","template":"","meta":{"footnotes":""},"class_list":["post-3559","page","type-page","status-publish","hentry"],"_links":{"self":[{"href":"https:\/\/www.wasserwacht-toeging.de\/index.php?rest_route=\/wp\/v2\/pages\/3559","targetHints":{"allow":["GET"]}}],"collection":[{"href":"https:\/\/www.wasserwacht-toeging.de\/index.php?rest_route=\/wp\/v2\/pages"}],"about":[{"href":"https:\/\/www.wasserwacht-toeging.de\/index.php?rest_route=\/wp\/v2\/types\/page"}],"author":[{"embeddable":true,"href":"https:\/\/www.wasserwacht-toeging.de\/index.php?rest_route=\/wp\/v2\/users\/1"}],"replies":[{"embeddable":true,"href":"https:\/\/www.wasserwacht-toeging.de\/index.php?rest_route=%2Fwp%2Fv2%2Fcomments&post=3559"}],"version-history":[{"count":1,"href":"https:\/\/www.wasserwacht-toeging.de\/index.php?rest_route=\/wp\/v2\/pages\/3559\/revisions"}],"predecessor-version":[{"id":3560,"href":"https:\/\/www.wasserwacht-toeging.de\/index.php?rest_route=\/wp\/v2\/pages\/3559\/revisions\/3560"}],"wp:attachment":[{"href":"https:\/\/www.wasserwacht-toeging.de\/index.php?rest_route=%2Fwp%2Fv2%2Fmedia&parent=3559"}],"curies":[{"name":"wp","href":"https:\/\/api.w.org\/{rel}","templated":true}]}}