{"id":3592,"date":"2019-05-28T15:55:31","date_gmt":"2019-05-28T13:55:31","guid":{"rendered":"http:\/\/neu.wasserwacht-toeging.de\/?page_id=3592"},"modified":"2019-05-28T15:55:31","modified_gmt":"2019-05-28T13:55:31","slug":"einsatz-012-2019","status":"publish","type":"page","link":"https:\/\/www.wasserwacht-toeging.de\/?page_id=3592","title":{"rendered":"Einsatz 012 2019"},"content":{"rendered":"<p><strong>Datum:<\/strong> 13.05.2019<br \/>\n<strong>Einsatzbeginn:<\/strong> 18:00 Uhr<br \/>\n<b>Einsatzart:<\/b> Kontrollfahrt<br \/>\n<strong>Einsatzstichwort:<\/strong> \u2014<br \/>\n<strong>Einsatzort:<\/strong> Innkanal zwischen T\u00f6ging und M\u00fchldorf<br \/>\n<strong>Einsatzgrund:<\/strong> nach Meldung eines Passanten<\/p>\n<hr \/>\n<p><strong>Einsatzkr\u00e4fte der Wasserwacht T\u00f6ging-Winh\u00f6ring:<\/strong> 9<br \/>\n<strong>Eingesetzte Fahrzeuge der Wasserwacht T\u00f6ging-Winh\u00f6ring:<\/strong><br \/>\nKommandowagen 10\/1<br \/>\nGW Boot 91\/2<br \/>\n<strong>Weitere Einsatzkr\u00e4fte:<br \/>\n<\/strong>Polizeiinspektion M\u00fchldorf<\/p>\n<hr \/>\n<p><strong>Bericht:<\/strong><\/p>\n<div data-editor=\"cutfr\" data-offset-key=\"9pubk-0-0\" data-block=\"true\">\n<div class=\"_1mf _1mj\" data-offset-key=\"9pubk-0-0\">Ein aufmerksamer Radfahrer meldete der Wasserwacht einen Fahrradkorb, der direkt an der betonierten B\u00f6schung des Innkanals lag. Einen Ungl\u00fccksfall konnte er nicht ausschlie\u00dfen.<br \/>\nMit einer Einsatzgruppe fuhren wir die Fundstelle an. Nachdem auch f\u00fcr uns die Sachlage nicht eindeutig war, wurde eine Polizeistreife hinzugezogen.<br \/>\nDie Beamten entschieden aufgrund der Spurenlage schlie\u00dflich, dass der Korb vermutlich lediglich verloren wurde.<\/div>\n<\/div>\n","protected":false},"excerpt":{"rendered":"<p>Datum: 13.05.2019 Einsatzbeginn: 18:00 Uhr Einsatzart: Kontrollfahrt Einsatzstichwort: \u2014 Einsatzort: Innkanal zwischen T\u00f6ging und M\u00fchldorf Einsatzgrund: nach Meldung eines Passanten Einsatzkr\u00e4fte der Wasserwacht T\u00f6ging-Winh\u00f6ring: 9 Eingesetzte Fahrzeuge der Wasserwacht T\u00f6ging-Winh\u00f6ring: Kommandowagen 10\/1 GW Boot 91\/2 Weitere Einsatzkr\u00e4fte: Polizeiinspektion M\u00fchldorf Bericht:&#46;&#46;&#46;<\/p>\n","protected":false},"author":1,"featured_media":0,"parent":0,"menu_order":0,"comment_status":"closed","ping_status":"closed","template":"","meta":{"footnotes":""},"class_list":["post-3592","page","type-page","status-publish","hentry"],"_links":{"self":[{"href":"https:\/\/www.wasserwacht-toeging.de\/index.php?rest_route=\/wp\/v2\/pages\/3592","targetHints":{"allow":["GET"]}}],"collection":[{"href":"https:\/\/www.wasserwacht-toeging.de\/index.php?rest_route=\/wp\/v2\/pages"}],"about":[{"href":"https:\/\/www.wasserwacht-toeging.de\/index.php?rest_route=\/wp\/v2\/types\/page"}],"author":[{"embeddable":true,"href":"https:\/\/www.wasserwacht-toeging.de\/index.php?rest_route=\/wp\/v2\/users\/1"}],"replies":[{"embeddable":true,"href":"https:\/\/www.wasserwacht-toeging.de\/index.php?rest_route=%2Fwp%2Fv2%2Fcomments&post=3592"}],"version-history":[{"count":1,"href":"https:\/\/www.wasserwacht-toeging.de\/index.php?rest_route=\/wp\/v2\/pages\/3592\/revisions"}],"predecessor-version":[{"id":3593,"href":"https:\/\/www.wasserwacht-toeging.de\/index.php?rest_route=\/wp\/v2\/pages\/3592\/revisions\/3593"}],"wp:attachment":[{"href":"https:\/\/www.wasserwacht-toeging.de\/index.php?rest_route=%2Fwp%2Fv2%2Fmedia&parent=3592"}],"curies":[{"name":"wp","href":"https:\/\/api.w.org\/{rel}","templated":true}]}}