{"id":3596,"date":"2019-05-28T16:06:59","date_gmt":"2019-05-28T14:06:59","guid":{"rendered":"http:\/\/neu.wasserwacht-toeging.de\/?page_id=3596"},"modified":"2019-05-28T16:06:59","modified_gmt":"2019-05-28T14:06:59","slug":"einsatz-013-2019","status":"publish","type":"page","link":"https:\/\/www.wasserwacht-toeging.de\/?page_id=3596","title":{"rendered":"Einsatz 013 2019"},"content":{"rendered":"<p><strong>Datum:<\/strong> 15.05.2019<br \/>\n<strong>Einsatzbeginn:<\/strong> 16:24 Uhr<br \/>\n<b>Einsatzart:<\/b> SEG-Einsatz<br \/>\n<b>Einsatzstichwort:<\/b> Wassernot 0<br \/>\n<strong>Einsatzort:<\/strong> Innkanal in P\u00fcrten<br \/>\n<strong>Einsatzgrund:<\/strong> Bagger versunken<\/p>\n<hr \/>\n<p><strong>Einsatzkr\u00e4fte der Wasserwacht T\u00f6ging-Winh\u00f6ring:<\/strong> 14<br \/>\n<strong>Eingesetzte Fahrzeuge der Wasserwacht T\u00f6ging-Winh\u00f6ring:<\/strong><br \/>\nKommandowagen 10\/1<br \/>\nGW Wasserrettung 91\/1<br \/>\nGW Boot 91\/2<br \/>\nMotorrettungsboot 99\/2<br \/>\nGer\u00e4teanh\u00e4nger<br \/>\n<b>Weitere Einsatzkr\u00e4fte:<br \/>\n<\/b>Einsatzleiter Wasserrettung Landkreis M\u00fchldorf<br \/>\nWasserwacht Waldkraiburg<\/p>\n<p>Einsatzleiter Rettungsdienst M\u00fchldorf Ost<br \/>\nSEG IuK M\u00fchldorf<br \/>\nBRK-Rettungsdienst<\/p>\n<p>Feuerwehr P\u00fcrten<br \/>\nFeuerwehr St. Erasmus<\/p>\n<p>THW M\u00fchldorf<\/p>\n<p>Polizeiinspektion Waldkraiburg<\/p>\n<p>Verbund Innkraftwerke GmbH<\/p>\n<hr \/>\n<p><strong>Bericht:<\/strong><\/p>\n<div data-editor=\"cutfr\" data-offset-key=\"9pubk-0-0\" data-block=\"true\">\n<div class=\"_1mf _1mj\" data-offset-key=\"9pubk-0-0\">Zu einem Taucheinsatz wurde die SEG T\u00f6ging an den Innkanal bei P\u00fcrten nachalarmiert.<br \/>\nDort war bei Bauarbeiten ein etwa 3 Tonnen schwerer Kleinbagger in den Kanal gest\u00fcrzt. Der Fahrer konnte sich unverletzt retten.<br \/>\nDie Einsatzleitung entschied schlie\u00dflich, dass die Bergung erst in den n\u00e4chsten Tagen durchgef\u00fchrt werden soll.<\/div>\n<\/div>\n","protected":false},"excerpt":{"rendered":"<p>Datum: 15.05.2019 Einsatzbeginn: 16:24 Uhr Einsatzart: SEG-Einsatz Einsatzstichwort: Wassernot 0 Einsatzort: Innkanal in P\u00fcrten Einsatzgrund: Bagger versunken Einsatzkr\u00e4fte der Wasserwacht T\u00f6ging-Winh\u00f6ring: 14 Eingesetzte Fahrzeuge der Wasserwacht T\u00f6ging-Winh\u00f6ring: Kommandowagen 10\/1 GW Wasserrettung 91\/1 GW Boot 91\/2 Motorrettungsboot 99\/2 Ger\u00e4teanh\u00e4nger Weitere Einsatzkr\u00e4fte:&#46;&#46;&#46;<\/p>\n","protected":false},"author":1,"featured_media":0,"parent":0,"menu_order":0,"comment_status":"closed","ping_status":"closed","template":"","meta":{"footnotes":""},"class_list":["post-3596","page","type-page","status-publish","hentry"],"_links":{"self":[{"href":"https:\/\/www.wasserwacht-toeging.de\/index.php?rest_route=\/wp\/v2\/pages\/3596","targetHints":{"allow":["GET"]}}],"collection":[{"href":"https:\/\/www.wasserwacht-toeging.de\/index.php?rest_route=\/wp\/v2\/pages"}],"about":[{"href":"https:\/\/www.wasserwacht-toeging.de\/index.php?rest_route=\/wp\/v2\/types\/page"}],"author":[{"embeddable":true,"href":"https:\/\/www.wasserwacht-toeging.de\/index.php?rest_route=\/wp\/v2\/users\/1"}],"replies":[{"embeddable":true,"href":"https:\/\/www.wasserwacht-toeging.de\/index.php?rest_route=%2Fwp%2Fv2%2Fcomments&post=3596"}],"version-history":[{"count":1,"href":"https:\/\/www.wasserwacht-toeging.de\/index.php?rest_route=\/wp\/v2\/pages\/3596\/revisions"}],"predecessor-version":[{"id":3597,"href":"https:\/\/www.wasserwacht-toeging.de\/index.php?rest_route=\/wp\/v2\/pages\/3596\/revisions\/3597"}],"wp:attachment":[{"href":"https:\/\/www.wasserwacht-toeging.de\/index.php?rest_route=%2Fwp%2Fv2%2Fmedia&parent=3596"}],"curies":[{"name":"wp","href":"https:\/\/api.w.org\/{rel}","templated":true}]}}