{"id":4115,"date":"2021-01-01T20:25:46","date_gmt":"2021-01-01T19:25:46","guid":{"rendered":"http:\/\/neu.wasserwacht-toeging.de\/?page_id=4115"},"modified":"2021-12-30T11:00:37","modified_gmt":"2021-12-30T10:00:37","slug":"einsaetze-2021","status":"publish","type":"page","link":"https:\/\/www.wasserwacht-toeging.de\/?page_id=4115","title":{"rendered":"Eins\u00e4tze 2021"},"content":{"rendered":"\n<figure class=\"wp-block-table is-style-stripes\"><table><tbody><tr><td><\/td><td><strong>Oktober 2021<\/strong><\/td><td><\/td><td><\/td><td><\/td><td><\/td><\/tr><tr><td>308<\/td><td>21.10.2021<\/td><td>Absicherung<\/td><td>Inn Winh\u00f6ring<\/td><td>Absicherung von Dreharbeiten<\/td><td><\/td><\/tr><tr><td>290<br>&#8211;<br>307<\/td><td>01.10.2021<br>&#8211;<br>10.10.2021<\/td><td>Coronavirus<\/td><td>Mehrzweckhalle T\u00f6ging<\/td><td>9 Testtage Schnelltestzentrum<\/td><td><\/td><\/tr><tr><td><\/td><td><strong>September 2021<\/strong><\/td><td><\/td><td><\/td><td><\/td><td><\/td><\/tr><tr><td>270<br>&#8211;<br>298<\/td><td>01.09.2021<br>&#8211;<br>30.09.2021<\/td><td>Coronavirus<\/td><td>Mehrzweckhalle T\u00f6ging<\/td><td>30 Testtage Schnelltestzentrum<\/td><td><\/td><\/tr><tr><td>264<br>&#8211;<br>269<\/td><td>01.09.2021<br>&#8211;<br>19.09.2021<\/td><td>Wachdienst<br>Freibad<\/td><td>Freibad Hubm\u00fchle T\u00f6ging<\/td><td>Erste Hilfe &#8211; Leistungen<\/td><td><\/td><\/tr><tr><td>263<\/td><td>26.09.2021<\/td><td><strong><span style=\"color:#eeeeee\" class=\"tadv-color\"><span style=\"background-color:#cf2e2e\" class=\"tadv-background-color\">SEG-Einsatz<\/span><\/span><\/strong><br><em>Wassernot 4<\/em><\/td><td>Salzach Burghausen<\/td><td>Boot gekentert<\/td><td><\/td><\/tr><tr><td>262<\/td><td>25.09.2021<\/td><td><strong><span style=\"color:#eeeeee\" class=\"tadv-color\"><span style=\"background-color:#cf2e2e\" class=\"tadv-background-color\">SEG-Einsatz<\/span><\/span><\/strong><br><em>Wassernot 0<\/em><\/td><td>Innkanal T\u00f6ging<\/td><td>\u00d6lsperre<\/td><td><\/td><\/tr><tr><td>261<\/td><td>07.09.2021<\/td><td><strong><span style=\"color:#eeeeee\" class=\"tadv-color\"><span style=\"background-color:#cf2e2e\" class=\"tadv-background-color\">SEG-Einsatz<\/span><\/span><\/strong><br><em>Wassernot 3<\/em><\/td><td>Inn M\u00fchldorf<\/td><td>Person im Wasser<\/td><td><\/td><\/tr><tr><td><\/td><td><strong>August 2021<\/strong><\/td><td><\/td><td><\/td><td><\/td><td><\/td><\/tr><tr><td>230<br>&#8211;<br>260<\/td><td>01.08.2021<br>&#8211;<br>31.08.2021<\/td><td>Coronavirus<\/td><td>Mehrzweckhalle T\u00f6ging<\/td><td>31 Testtage Schnelltestzentrum<\/td><td><\/td><\/tr><tr><td>194<br>&#8211;<br>229<\/td><td>01.08.2021<br>&#8211;<br>31.08.2021<\/td><td>Wachdienst<br>Freibad<\/td><td>Freibad Hubm\u00fchle T\u00f6ging<\/td><td>Erste Hilfe &#8211; Leistungen<\/td><td><\/td><\/tr><tr><td>189<br>&#8211;<br>193<\/td><td>20.08.2021<\/td><td>Sanit\u00e4tsdienst<\/td><td>Silo 1 T\u00f6ging<\/td><td>Open Air-Konzert<\/td><td><\/td><\/tr><tr><td>188<\/td><td>14.08.2021<\/td><td><strong><span style=\"color:#eeeeee\" class=\"tadv-color\"><span style=\"background-color:#cf2e2e\" class=\"tadv-background-color\">SEG-Einsatz<\/span><\/span><\/strong><br><em>Wassernot 3<\/em><\/td><td>Inn Bergham<\/td><td>Person im Wasser<\/td><td><a href=\"http:\/\/neu.wasserwacht-toeging.de\/wp-content\/uploads\/2021\/08\/210816_ANA.jpg\">Presse<\/a><\/td><\/tr><tr><td>187<\/td><td>14.08.2021<\/td><td><strong><span style=\"color:#eeeeee\" class=\"tadv-color\"><span style=\"background-color:#cf2e2e\" class=\"tadv-background-color\">SEG-Einsatz<\/span><\/span><\/strong><br><em>Wassernot 4<\/em><\/td><td>Salzach Burghausen<\/td><td>3 Personen im Wasser<\/td><td><a href=\"http:\/\/neu.wasserwacht-toeging.de\/wp-content\/uploads\/2021\/08\/210816_ANA.jpg\">Presse<\/a><\/td><\/tr><tr><td>186<\/td><td>07.08.2021<\/td><td>Taucheinsatz<\/td><td>Badesee Perach<\/td><td>Sachbergung<\/td><td><\/td><\/tr><tr><td>185<\/td><td>05.08.2021<\/td><td><span style=\"color:#eeeeee\" class=\"tadv-color\"><span style=\"background-color:#cf2e2e\" class=\"tadv-background-color\"><strong>SEG-Einsatz<\/strong><\/span><\/span><br><em>Wassernot 0<\/em><\/td><td>Innkanal<br>T\u00f6ging<\/td><td>Tierrettung<\/td><td><\/td><\/tr><tr><td>184<\/td><td>03.08.2021<\/td><td>Kontrollfahrt<\/td><td>Innkanal T\u00f6ging<\/td><td>Personen auf Berme<\/td><td><\/td><\/tr><tr><td><\/td><td><strong>Juli 2021<\/strong><\/td><td><\/td><td><\/td><td><\/td><td><\/td><\/tr><tr><td>178<br>&#8211;<br>183<\/td><td>01.07.2021<br>&#8211;<br>31.07.2021<\/td><td>Wachdienst<br>Freibad<\/td><td>Freibad Hubm\u00fchle T\u00f6ging<\/td><td>Erste Hilfe &#8211; Leistungen<\/td><td><\/td><\/tr><tr><td>147<br>&#8211;<br>177<\/td><td>01.07.2021<br>&#8211;<br>31.07.2021<\/td><td>Coronavirus<\/td><td>Mehrzweckhalle T\u00f6ging<\/td><td>31 Testtage Schnelltestzentrum<\/td><td><\/td><\/tr><tr><td>146<\/td><td>25.07.2021<\/td><td><strong><span style=\"color:#eeeeee\" class=\"tadv-color\"><span style=\"background-color:#cf2e2e\" class=\"tadv-background-color\">SEG-Einsatz<\/span><\/span><\/strong><br><em>Wassernot 0<\/em><\/td><td>Innkanal<br>T\u00f6ging<\/td><td>Tierrettung<\/td><td><a href=\"http:\/\/neu.wasserwacht-toeging.de\/wp-content\/uploads\/2021\/08\/210727_ANA.jpg\">Presse<\/a><\/td><\/tr><tr><td>145<\/td><td>24.07.2021<\/td><td><strong><span style=\"color:#eeeeee\" class=\"tadv-color\"><span style=\"background-color:#cf2e2e\" class=\"tadv-background-color\">SEG-Einsatz<\/span><\/span><\/strong><br><em>Wassernot 4<\/em><\/td><td>Salzach Burghausen<\/td><td>2 Personen im Wasser<\/td><td><a href=\"http:\/\/neu.wasserwacht-toeging.de\/wp-content\/uploads\/2021\/08\/210726_ANA.jpg\">Presse<\/a><\/td><\/tr><tr><td>144<\/td><td>08.07.2021<\/td><td><span style=\"color:#eeeeee\" class=\"tadv-color\"><span style=\"background-color:#cf2e2e\" class=\"tadv-background-color\"><strong>SEG-Einsatz<\/strong><\/span><\/span><br><em>Wassernot 0<\/em><\/td><td>Kieswerk<br>Raitenhart<\/td><td>Taucheinsatz<\/td><td><\/td><\/tr><tr><td><\/td><td><strong>Juni 2021<\/strong><\/td><td><\/td><td><\/td><td><\/td><td><\/td><\/tr><tr><td>99<br>&#8211;<br>143<\/td><td>01.06.2021<br>&#8211;<br>30.06.2021<\/td><td>Wachdienst<br>Freibad<\/td><td>Freibad Hubm\u00fchle T\u00f6ging<\/td><td>Erste Hilfe &#8211; Leistungen<\/td><td><\/td><\/tr><tr><td>69<br>&#8211;<br>98<\/td><td>01.06.2021<br>&#8211;<br>30.06.2021<\/td><td>Coronavirus<\/td><td>Mehrzweckhalle T\u00f6ging<\/td><td>30 Testtage Schnelltestzentrum<\/td><td><\/td><\/tr><tr><td>68<\/td><td>22.06.2021<\/td><td><span style=\"color:#eeeeee\" class=\"tadv-color\"><span style=\"background-color:#cf2e2e\" class=\"tadv-background-color\"><strong>SEG-Einsatz<\/strong><\/span><\/span><br><em>Wassernot 0<\/em><\/td><td>Innkanal<br>Waldkraiburg<\/td><td>Tierrettung<\/td><td><a href=\"http:\/\/neu.wasserwacht-toeging.de\/wp-content\/uploads\/2021\/08\/210624_ANA.jpg\">Presse<\/a><\/td><\/tr><tr><td>67<\/td><td>22.06.2021<\/td><td><strong><span style=\"color:#eeeeee\" class=\"tadv-color\"><span style=\"background-color:#cf2e2e\" class=\"tadv-background-color\">SEG-Einsatz<\/span><\/span><\/strong><br><em>Wassernot 0<\/em><\/td><td>Innkanal<br>M\u00fchldorf<\/td><td>Tierrettung<\/td><td><a href=\"http:\/\/neu.wasserwacht-toeging.de\/wp-content\/uploads\/2021\/08\/210624_ANA.jpg\">Presse<\/a><\/td><\/tr><tr><td>66<\/td><td>22.06.2021<\/td><td><strong><span style=\"color:#eeeeee\" class=\"tadv-color\"><span style=\"background-color:#cf2e2e\" class=\"tadv-background-color\">SEG-Einsatz<\/span><\/span><\/strong><br><em>Wassernot 0<\/em><\/td><td>Innkanal Waldkraiburg<\/td><td>Tierrettung<\/td><td><a href=\"http:\/\/neu.wasserwacht-toeging.de\/wp-content\/uploads\/2021\/08\/210624_ANA.jpg\">Presse<\/a><\/td><\/tr><tr><td>65<\/td><td>22.06.2021<\/td><td><strong><span style=\"color:#eeeeee\" class=\"tadv-color\"><span style=\"background-color:#cf2e2e\" class=\"tadv-background-color\">SEG-Einsatz<\/span><\/span><\/strong><br><em>RD Hilfe\/Sonstige<\/em><\/td><td>Wasserrettungs-zentrum T\u00f6ging<\/td><td>Unwetterschaden<\/td><td><a href=\"http:\/\/neu.wasserwacht-toeging.de\/wp-content\/uploads\/2021\/08\/210624_ANA.jpg\">Presse<\/a><\/td><\/tr><tr><td>64<\/td><td>19.06.2021<\/td><td><strong><span style=\"color:#eeeeee\" class=\"tadv-color\"><span style=\"background-color:#cf2e2e\" class=\"tadv-background-color\">SEG-Einsatz<\/span><\/span><\/strong><br><em>Wassernot 0<\/em><\/td><td>Freibad T\u00f6ging<\/td><td>Taucheinsatz<\/td><td><a href=\"http:\/\/neu.wasserwacht-toeging.de\/?p=4562\">Bericht<\/a><br><a href=\"http:\/\/neu.wasserwacht-toeging.de\/wp-content\/uploads\/2021\/08\/210622_ANA.jpg\">Presse<\/a><\/td><\/tr><tr><td>63<\/td><td>14.06.2021<\/td><td>Erstversorgung<br><em>RD 1<\/em><\/td><td>Stadtgebiet T\u00f6ging<\/td><td>Verkehrsunfall<\/td><td><\/td><\/tr><tr><td>62<\/td><td>12.06.2021<\/td><td>Erstversorgung<br><em>RD 1<\/em><\/td><td>Stadtgebiet T\u00f6ging<\/td><td>Chirurgischer Notfall<\/td><td><\/td><\/tr><tr><td>61<\/td><td>05.06.2021<\/td><td><strong><span style=\"color:#eeeeee\" class=\"tadv-color\"><span style=\"background-color:#cf2e2e\" class=\"tadv-background-color\">SEG-Einsatz<\/span><\/span><\/strong><br><em>Wassernot 0<\/em><\/td><td>Innkanal T\u00f6ging<\/td><td>Tierrettung<\/td><td><a href=\"http:\/\/neu.wasserwacht-toeging.de\/?p=4540\">Bericht<\/a><br><a href=\"http:\/\/neu.wasserwacht-toeging.de\/wp-content\/uploads\/2021\/08\/210607_ANA.jpg\">Presse<\/a><br><a href=\"http:\/\/neu.wasserwacht-toeging.de\/wp-content\/uploads\/2021\/08\/210607_M%C3%BCAnz.jpg\">Presse<\/a><\/td><\/tr><tr><td><\/td><td><strong>Mai 2021<\/strong><\/td><td><\/td><td><\/td><td><\/td><td><\/td><\/tr><tr><td>32<br>&#8211;<br>60<\/td><td>02.05.2021<br>&#8211;<br>31.05.2021<\/td><td>Coronavirus<\/td><td>Mehrzweckhalle T\u00f6ging<\/td><td>29 Testtage Schnelltestzentrum<\/td><td><\/td><\/tr><tr><td>31<\/td><td>31.05.2021<\/td><td><strong><span style=\"color:#eeeeee\" class=\"tadv-color\"><span style=\"background-color:#cf2e2e\" class=\"tadv-background-color\">SEG-Einsatz<\/span><\/span><\/strong><br><em>Wassernot 0<\/em><\/td><td>Innkanal T\u00f6ging<\/td><td>Tierrettung<\/td><td><a href=\"http:\/\/neu.wasserwacht-toeging.de\/?p=4537\">Bericht<\/a><br><a href=\"http:\/\/neu.wasserwacht-toeging.de\/wp-content\/uploads\/2021\/08\/210601_ANA.jpg\">Presse<\/a><\/td><\/tr><tr><td>30<\/td><td>30.05.2021<\/td><td><strong><span style=\"color:#eeeeee\" class=\"tadv-color\"><span style=\"background-color:#cf2e2e\" class=\"tadv-background-color\">SEG-Einsatz<\/span><\/span><\/strong><br><em>Wassernot 4<\/em><\/td><td>Inn Kraiburg<\/td><td>Mehrere Personen im Wasser<\/td><td><a href=\"http:\/\/neu.wasserwacht-toeging.de\/?p=4537\">Bericht<\/a><br><a href=\"http:\/\/neu.wasserwacht-toeging.de\/wp-content\/uploads\/2021\/08\/210601_M%C3%BCAnz.jpg\">Presse<\/a><\/td><\/tr><tr><td>29<\/td><td>15.05.2021<\/td><td><strong><span style=\"color:#eeeeee\" class=\"tadv-color\"><span style=\"background-color:#cf2e2e\" class=\"tadv-background-color\">SEG-Einsatz<\/span><\/span><\/strong><br><em>Wassernot 0<\/em><\/td><td>Innkanal T\u00f6ging<\/td><td>Tierrettung<\/td><td><a href=\"http:\/\/neu.wasserwacht-toeging.de\/?p=4496\">Bericht<\/a><br><a href=\"http:\/\/neu.wasserwacht-toeging.de\/wp-content\/uploads\/2021\/05\/210517_ANA.jpg\">Presse<\/a><br><a href=\"https:\/\/www.youtube.com\/watch?v=W-TPatIpuzw\">Video<\/a><\/td><\/tr><tr><td><\/td><td><strong>April 2021<\/strong><\/td><td><\/td><td><\/td><td><\/td><td><\/td><\/tr><tr><td>10<br>&#8211;<br>28<\/td><td>01.04.2021<br>&#8211;<br>30.04.2021<\/td><td>Coronavirus<\/td><td>Mehrzweckhalle T\u00f6ging<\/td><td>19 Testtage Schnelltestzentrum<\/td><td><\/td><\/tr><tr><td>9<\/td><td>26.04.2021<\/td><td><span style=\"color:#eeeeee\" class=\"tadv-color\"><span style=\"background-color:#cf2e2e\" class=\"tadv-background-color\"><strong>SEG-<\/strong><\/span><\/span><span style=\"color:#eeeeee\" class=\"tadv-color\"><span style=\"background-color:#cf2e2e\" class=\"tadv-background-color\"><strong>E<\/strong>insatz<\/span><\/span><br><em>Wassernot 0<\/em><\/td><td>Innkanal T\u00f6ging<\/td><td>Tierrettung<\/td><td><a href=\"http:\/\/neu.wasserwacht-toeging.de\/?p=4474\">Bericht<\/a><br><a href=\"http:\/\/neu.wasserwacht-toeging.de\/wp-content\/uploads\/2021\/04\/210427_ANA.jpg\">Presse<\/a><\/td><\/tr><tr><td><\/td><td><strong>M\u00e4rz 2021<\/strong><\/td><td><\/td><td><\/td><td><\/td><td><\/td><\/tr><tr><td>6<br>&#8211;<br>8<\/td><td>26.03.2021<br>&#8211;<br>31.03.2021<\/td><td>Coronavirus<\/td><td>Mehrzweckhalle T\u00f6ging<\/td><td>3 Testtage<br>Schnell-<br>testzentrum<\/td><td><\/td><\/tr><tr><td>5<\/td><td>31.03.2021<\/td><td><strong><span style=\"color:#eeeeee\" class=\"tadv-color\"><span style=\"background-color:#cf2e2e\" class=\"tadv-background-color\">SEG-Einsatz<\/span><\/span><\/strong><br><em>Wassernot 0<\/em><\/td><td>Innkanal M\u00fchldorf<\/td><td>Tierrettung<\/td><td><a href=\"http:\/\/neu.wasserwacht-toeging.de\/?p=4418\">Bericht<\/a><br><a href=\"http:\/\/neu.wasserwacht-toeging.de\/wp-content\/uploads\/2021\/04\/210403_ANA.jpg\">Presse<\/a><br><a href=\"http:\/\/neu.wasserwacht-toeging.de\/wp-content\/uploads\/2021\/04\/210403_M\u00fcAnz.jpg\">Presse<\/a><\/td><\/tr><tr><td>4<\/td><td>30.03.2021<\/td><td><strong><span style=\"color:#eeeeee\" class=\"tadv-color\"><span style=\"background-color:#cf2e2e\" class=\"tadv-background-color\">SEG-Einsatz<\/span><\/span><\/strong><br><em>Wassernot 3<\/em><\/td><td>Innkanal M\u00fchldorf<\/td><td>Person im Wasser<\/td><td><a href=\"http:\/\/neu.wasserwacht-toeging.de\/?p=4415\">Bericht<\/a><br><a href=\"http:\/\/neu.wasserwacht-toeging.de\/wp-content\/uploads\/2021\/04\/210331_ANA.jpg\">Presse<\/a><br><a href=\"http:\/\/neu.wasserwacht-toeging.de\/wp-content\/uploads\/2021\/04\/210331_M%C3%BCAnz.jpg\">Presse<\/a><\/td><\/tr><tr><td><\/td><td><strong>Februar 2021<\/strong><\/td><td><\/td><td><\/td><td><\/td><td><\/td><\/tr><tr><td>3<\/td><td>28.02.2021<\/td><td><strong><span style=\"color:#eeeeee\" class=\"tadv-color\"><span style=\"background-color:#cf2e2e\" class=\"tadv-background-color\">SEG-Einsatz<\/span><\/span><\/strong><br><em>Wassernot 0<\/em><\/td><td>Inn<br>Neu\u00f6tting<\/td><td>KFZ-Bergung<\/td><td><a href=\"http:\/\/neu.wasserwacht-toeging.de\/?p=4330\">Bericht<\/a><br><a href=\"http:\/\/neu.wasserwacht-toeging.de\/wp-content\/uploads\/2021\/03\/210301_ANA.jpg\">Presse<\/a><br><a href=\"http:\/\/neu.wasserwacht-toeging.de\/wp-content\/uploads\/2021\/03\/210302_M%C3%BCAnz.jpg\">Presse<\/a><\/td><\/tr><tr><td>2<\/td><td>16.02.2021<\/td><td><strong><span style=\"background-color:#cf2e2e\" class=\"tadv-background-color\"><span style=\"color:#eeeeee\" class=\"tadv-color\">SEG-Einsatz<\/span><\/span><\/strong><br><em>Wassernot 2<\/em><\/td><td>Salzach<br>Burghausen<\/td><td>Vermisstensuche<\/td><td><a href=\"http:\/\/neu.wasserwacht-toeging.de\/?p=4316\">Bericht<\/a><br><a href=\"http:\/\/neu.wasserwacht-toeging.de\/wp-content\/uploads\/2021\/02\/210217_ANA.jpg\">Presse<\/a><br><a href=\"http:\/\/neu.wasserwacht-toeging.de\/wp-content\/uploads\/2021\/02\/210218_ANA.jpg\">Presse<\/a><\/td><\/tr><tr><td><\/td><td><strong>Januar<\/strong> <strong>2021<\/strong><\/td><td><\/td><td><\/td><td><\/td><td><\/td><\/tr><tr><td>1<\/td><td>01.01.2021<\/td><td><strong><span style=\"color:#eeeeee\" class=\"tadv-color\"><span style=\"background-color:#cf2e2e\" class=\"tadv-background-color\">SEG-Einsatz<\/span><\/span><\/strong><br><em>Eisunfall 2<\/em><\/td><td>Weiher<br>Heldenstein<\/td><td>Verdacht<br>Eiseinbruch<\/td><td><a href=\"http:\/\/neu.wasserwacht-toeging.de\/?p=4112\">Bericht<\/a><br><a href=\"http:\/\/neu.wasserwacht-toeging.de\/wp-content\/uploads\/2021\/01\/210104_ANA.jpg\">Presse<\/a><\/td><\/tr><\/tbody><\/table><\/figure>\n","protected":false},"excerpt":{"rendered":"<p>Oktober 2021 308 21.10.2021 Absicherung Inn Winh\u00f6ring Absicherung von Dreharbeiten 290&#8211;307 01.10.2021&#8211;10.10.2021 Coronavirus Mehrzweckhalle T\u00f6ging 9 Testtage Schnelltestzentrum September 2021 270&#8211;298 01.09.2021&#8211;30.09.2021 Coronavirus Mehrzweckhalle T\u00f6ging 30 Testtage Schnelltestzentrum 264&#8211;269 01.09.2021&#8211;19.09.2021 WachdienstFreibad Freibad Hubm\u00fchle T\u00f6ging Erste Hilfe &#8211; Leistungen 263 26.09.2021&#46;&#46;&#46;<\/p>\n","protected":false},"author":1,"featured_media":0,"parent":0,"menu_order":0,"comment_status":"closed","ping_status":"closed","template":"","meta":{"footnotes":""},"class_list":["post-4115","page","type-page","status-publish","hentry"],"_links":{"self":[{"href":"https:\/\/www.wasserwacht-toeging.de\/index.php?rest_route=\/wp\/v2\/pages\/4115","targetHints":{"allow":["GET"]}}],"collection":[{"href":"https:\/\/www.wasserwacht-toeging.de\/index.php?rest_route=\/wp\/v2\/pages"}],"about":[{"href":"https:\/\/www.wasserwacht-toeging.de\/index.php?rest_route=\/wp\/v2\/types\/page"}],"author":[{"embeddable":true,"href":"https:\/\/www.wasserwacht-toeging.de\/index.php?rest_route=\/wp\/v2\/users\/1"}],"replies":[{"embeddable":true,"href":"https:\/\/www.wasserwacht-toeging.de\/index.php?rest_route=%2Fwp%2Fv2%2Fcomments&post=4115"}],"version-history":[{"count":71,"href":"https:\/\/www.wasserwacht-toeging.de\/index.php?rest_route=\/wp\/v2\/pages\/4115\/revisions"}],"predecessor-version":[{"id":4767,"href":"https:\/\/www.wasserwacht-toeging.de\/index.php?rest_route=\/wp\/v2\/pages\/4115\/revisions\/4767"}],"wp:attachment":[{"href":"https:\/\/www.wasserwacht-toeging.de\/index.php?rest_route=%2Fwp%2Fv2%2Fmedia&parent=4115"}],"curies":[{"name":"wp","href":"https:\/\/api.w.org\/{rel}","templated":true}]}}