{"id":468,"date":"2015-02-15T20:04:09","date_gmt":"2015-02-15T20:04:09","guid":{"rendered":"http:\/\/neu.wasserwacht-toeging.de\/?page_id=468"},"modified":"2015-02-15T20:04:09","modified_gmt":"2015-02-15T20:04:09","slug":"einsatz-009-2015","status":"publish","type":"page","link":"https:\/\/www.wasserwacht-toeging.de\/?page_id=468","title":{"rendered":"Einsatz 009 2015"},"content":{"rendered":"<p><strong>Datum:<\/strong> 15.02.2015<br \/>\n<strong>Einsatzbeginn:<\/strong> 13:30 Uhr<br \/>\n<strong>Einsatzart: <\/strong><span style=\"text-decoration: underline;\">Sanit\u00e4tsdienst<\/span><br \/>\n<strong>Einsatzort:<\/strong> <span style=\"text-decoration: underline;\">Mehrzweckhalle T\u00f6ging<\/span><br \/>\n<strong>Einsatzstichwort:<\/strong> <span style=\"text-decoration: underline;\">Kinderfasching<\/span><\/p>\n<hr \/>\n<p><strong>Einsatzkr\u00e4fte:<\/strong> 3<br \/>\n<strong>Eingesetzte Fahrzeuge:<\/strong><br \/>\nMannschaftswagen 91\/1<\/p>\n<hr \/>\n<p><strong>Weitere Einsatzkr\u00e4fte:<br \/>\n<\/strong>&#8212;<\/p>\n<hr \/>\n<p><strong>Bericht:<\/strong><br \/>\nAbsicherung des Kinderfaschings. Es wurden keine Erste Hilfe-Leistungen durchgef\u00fchrt.<\/p>\n","protected":false},"excerpt":{"rendered":"<p>Datum: 15.02.2015 Einsatzbeginn: 13:30 Uhr Einsatzart: Sanit\u00e4tsdienst Einsatzort: Mehrzweckhalle T\u00f6ging Einsatzstichwort: Kinderfasching Einsatzkr\u00e4fte: 3 Eingesetzte Fahrzeuge: Mannschaftswagen 91\/1 Weitere Einsatzkr\u00e4fte: &#8212; Bericht: Absicherung des Kinderfaschings. Es wurden keine Erste Hilfe-Leistungen durchgef\u00fchrt.<\/p>\n","protected":false},"author":1,"featured_media":0,"parent":0,"menu_order":0,"comment_status":"closed","ping_status":"closed","template":"","meta":{"footnotes":""},"class_list":["post-468","page","type-page","status-publish","hentry"],"_links":{"self":[{"href":"https:\/\/www.wasserwacht-toeging.de\/index.php?rest_route=\/wp\/v2\/pages\/468","targetHints":{"allow":["GET"]}}],"collection":[{"href":"https:\/\/www.wasserwacht-toeging.de\/index.php?rest_route=\/wp\/v2\/pages"}],"about":[{"href":"https:\/\/www.wasserwacht-toeging.de\/index.php?rest_route=\/wp\/v2\/types\/page"}],"author":[{"embeddable":true,"href":"https:\/\/www.wasserwacht-toeging.de\/index.php?rest_route=\/wp\/v2\/users\/1"}],"replies":[{"embeddable":true,"href":"https:\/\/www.wasserwacht-toeging.de\/index.php?rest_route=%2Fwp%2Fv2%2Fcomments&post=468"}],"version-history":[{"count":1,"href":"https:\/\/www.wasserwacht-toeging.de\/index.php?rest_route=\/wp\/v2\/pages\/468\/revisions"}],"predecessor-version":[{"id":469,"href":"https:\/\/www.wasserwacht-toeging.de\/index.php?rest_route=\/wp\/v2\/pages\/468\/revisions\/469"}],"wp:attachment":[{"href":"https:\/\/www.wasserwacht-toeging.de\/index.php?rest_route=%2Fwp%2Fv2%2Fmedia&parent=468"}],"curies":[{"name":"wp","href":"https:\/\/api.w.org\/{rel}","templated":true}]}}