{"id":530,"date":"2015-02-17T10:07:01","date_gmt":"2015-02-17T10:07:01","guid":{"rendered":"http:\/\/neu.wasserwacht-toeging.de\/?page_id=530"},"modified":"2015-02-17T10:07:01","modified_gmt":"2015-02-17T10:07:01","slug":"ihre-spende","status":"publish","type":"page","link":"https:\/\/www.wasserwacht-toeging.de\/?page_id=530","title":{"rendered":"Ihre Spende"},"content":{"rendered":"<p>Als freiwillige Hilfsorganisation sind wir auf Spenden und Zuwendungen angewiesen. Der Freistaat Bayern stellt f\u00fcr die Zwecke der Wasserrettung zwar eine Grundausstattung zur Verf\u00fcgung, das hohe Niveau unserer Ortsgruppe ist damit alleine jedoch nicht darstellbar.<\/p>\n<p><strong>Wir freuen uns jederzeit \u00fcber Ihre Spende!<\/strong><\/p>\n<p>Bitte \u00fcberweisen Sie auf unser Konto:<\/p>\n<h2><strong><em>IBAN: DE74711510200026182154<\/em><\/strong><\/h2>\n<h2><strong><em>BIC: BYLADEM1MDF<\/em><\/strong><\/h2>\n<p>Sie erhalten per Post eine Spendenquittung des BRK-Kreisverbandes Alt\u00f6tting.<\/p>\n<h2>Vielen Dank f\u00fcr Ihre Unterst\u00fctzung der Wasserwacht T\u00f6ging-Winh\u00f6ring!<\/h2>\n","protected":false},"excerpt":{"rendered":"<p>Als freiwillige Hilfsorganisation sind wir auf Spenden und Zuwendungen angewiesen. Der Freistaat Bayern stellt f\u00fcr die Zwecke der Wasserrettung zwar eine Grundausstattung zur Verf\u00fcgung, das hohe Niveau unserer Ortsgruppe ist damit alleine jedoch nicht darstellbar. Wir freuen uns jederzeit \u00fcber&#46;&#46;&#46;<\/p>\n","protected":false},"author":1,"featured_media":0,"parent":0,"menu_order":0,"comment_status":"closed","ping_status":"closed","template":"","meta":{"footnotes":""},"class_list":["post-530","page","type-page","status-publish","hentry"],"_links":{"self":[{"href":"https:\/\/www.wasserwacht-toeging.de\/index.php?rest_route=\/wp\/v2\/pages\/530","targetHints":{"allow":["GET"]}}],"collection":[{"href":"https:\/\/www.wasserwacht-toeging.de\/index.php?rest_route=\/wp\/v2\/pages"}],"about":[{"href":"https:\/\/www.wasserwacht-toeging.de\/index.php?rest_route=\/wp\/v2\/types\/page"}],"author":[{"embeddable":true,"href":"https:\/\/www.wasserwacht-toeging.de\/index.php?rest_route=\/wp\/v2\/users\/1"}],"replies":[{"embeddable":true,"href":"https:\/\/www.wasserwacht-toeging.de\/index.php?rest_route=%2Fwp%2Fv2%2Fcomments&post=530"}],"version-history":[{"count":1,"href":"https:\/\/www.wasserwacht-toeging.de\/index.php?rest_route=\/wp\/v2\/pages\/530\/revisions"}],"predecessor-version":[{"id":531,"href":"https:\/\/www.wasserwacht-toeging.de\/index.php?rest_route=\/wp\/v2\/pages\/530\/revisions\/531"}],"wp:attachment":[{"href":"https:\/\/www.wasserwacht-toeging.de\/index.php?rest_route=%2Fwp%2Fv2%2Fmedia&parent=530"}],"curies":[{"name":"wp","href":"https:\/\/api.w.org\/{rel}","templated":true}]}}