{"id":5351,"date":"2023-01-08T13:04:45","date_gmt":"2023-01-08T12:04:45","guid":{"rendered":"http:\/\/neu.wasserwacht-toeging.de\/?page_id=5351"},"modified":"2024-01-15T15:42:42","modified_gmt":"2024-01-15T14:42:42","slug":"presse-2023","status":"publish","type":"page","link":"https:\/\/www.wasserwacht-toeging.de\/?page_id=5351","title":{"rendered":"Presse 2023"},"content":{"rendered":"\n<p><em>Hinweis: Die Ver\u00f6ffentlichung von Berichten des Alt-, Neu\u00f6ttinger Anzeigers erfolgt mit schriftlicher Genehmigung durch die Redaktion vom 13.01.2008. Die Ver\u00f6ffentlichung von Berichten des M\u00fchldorfer Anzeigers erfolgt mit schriftlicher Genehmigung durch die Redaktion vom 15.01.2008. Die Ver\u00f6ffentlichung von Berichten des T\u00f6ginger Stadtblattls erfolgt mit Genehmigung des Herausgebers.<\/em><\/p>\n\n\n<div class=\"wp-block-image\">\n<figure class=\"aligncenter size-thumbnail\"><a href=\"https:\/\/www.wasserwacht-toeging.de\/wp-content\/uploads\/2023\/12\/231103_MueAnz.jpg\"><img loading=\"lazy\" decoding=\"async\" width=\"150\" height=\"150\" src=\"https:\/\/www.wasserwacht-toeging.de\/wp-content\/uploads\/2023\/12\/231103_MueAnz-150x150.jpg\" alt=\"\" class=\"wp-image-5646\" srcset=\"https:\/\/www.wasserwacht-toeging.de\/wp-content\/uploads\/2023\/12\/231103_MueAnz-150x150.jpg 150w, https:\/\/www.wasserwacht-toeging.de\/wp-content\/uploads\/2023\/12\/231103_MueAnz-80x80.jpg 80w, https:\/\/www.wasserwacht-toeging.de\/wp-content\/uploads\/2023\/12\/231103_MueAnz-320x320.jpg 320w\" sizes=\"auto, (max-width: 150px) 100vw, 150px\" \/><\/a><\/figure>\n<\/div>\n\n\n<p class=\"has-text-align-center\"><strong>Freibad nimmt \u00fcber 200 000 Euro ein<br><\/strong>M\u00fchldorfer Anzeiger vom 3. November 2023<\/p>\n\n\n\n<hr class=\"wp-block-separator has-alpha-channel-opacity\"\/>\n\n\n<div class=\"wp-block-image\">\n<figure class=\"aligncenter size-thumbnail\"><a href=\"https:\/\/www.wasserwacht-toeging.de\/wp-content\/uploads\/2023\/12\/231101_ANA.jpg\"><img loading=\"lazy\" decoding=\"async\" width=\"150\" height=\"150\" src=\"https:\/\/www.wasserwacht-toeging.de\/wp-content\/uploads\/2023\/12\/231101_ANA-150x150.jpg\" alt=\"\" class=\"wp-image-5644\" srcset=\"https:\/\/www.wasserwacht-toeging.de\/wp-content\/uploads\/2023\/12\/231101_ANA-150x150.jpg 150w, https:\/\/www.wasserwacht-toeging.de\/wp-content\/uploads\/2023\/12\/231101_ANA-80x80.jpg 80w, https:\/\/www.wasserwacht-toeging.de\/wp-content\/uploads\/2023\/12\/231101_ANA-320x320.jpg 320w\" sizes=\"auto, (max-width: 150px) 100vw, 150px\" \/><\/a><\/figure>\n<\/div>\n\n\n<p class=\"has-text-align-center\"><strong>Freibad-Mutproben mit b\u00f6sen Konsequenzen<br><\/strong>Alt-, Neu\u00f6ttinger Anzeiger vom 1. November 2023<\/p>\n\n\n\n<hr class=\"wp-block-separator has-alpha-channel-opacity\"\/>\n\n\n<div class=\"wp-block-image\">\n<figure class=\"aligncenter size-thumbnail\"><a href=\"https:\/\/www.wasserwacht-toeging.de\/wp-content\/uploads\/2023\/12\/231016_ANA.jpg\"><img loading=\"lazy\" decoding=\"async\" width=\"150\" height=\"150\" src=\"https:\/\/www.wasserwacht-toeging.de\/wp-content\/uploads\/2023\/12\/231016_ANA-150x150.jpg\" alt=\"\" class=\"wp-image-5641\" srcset=\"https:\/\/www.wasserwacht-toeging.de\/wp-content\/uploads\/2023\/12\/231016_ANA-150x150.jpg 150w, https:\/\/www.wasserwacht-toeging.de\/wp-content\/uploads\/2023\/12\/231016_ANA-80x80.jpg 80w\" sizes=\"auto, (max-width: 150px) 100vw, 150px\" \/><\/a><\/figure>\n<\/div>\n\n\n<p class=\"has-text-align-center\"><strong>Br\u00fcckenneubau: &#8222;Verbund ist noch in der Planung&#8220;<br><\/strong>Alt-, Neu\u00f6ttinger Anzeiger vom 16. Oktober 2023<\/p>\n\n\n\n<hr class=\"wp-block-separator has-alpha-channel-opacity\"\/>\n\n\n<div class=\"wp-block-image\">\n<figure class=\"aligncenter size-thumbnail\"><a href=\"https:\/\/www.wasserwacht-toeging.de\/wp-content\/uploads\/2023\/12\/231012_ANA.jpg\"><img loading=\"lazy\" decoding=\"async\" width=\"150\" height=\"150\" src=\"https:\/\/www.wasserwacht-toeging.de\/wp-content\/uploads\/2023\/12\/231012_ANA-150x150.jpg\" alt=\"\" class=\"wp-image-5636\" srcset=\"https:\/\/www.wasserwacht-toeging.de\/wp-content\/uploads\/2023\/12\/231012_ANA-150x150.jpg 150w, https:\/\/www.wasserwacht-toeging.de\/wp-content\/uploads\/2023\/12\/231012_ANA-80x80.jpg 80w\" sizes=\"auto, (max-width: 150px) 100vw, 150px\" \/><\/a><\/figure>\n<\/div>\n\n\n<p class=\"has-text-align-center\"><strong>Passanten retten Schweizer (30) aus dem Innkanal<\/strong><br>Alt-, Neu\u00f6ttinger Anzeiger vom 12. Oktober 2023<\/p>\n\n\n\n<hr class=\"wp-block-separator has-alpha-channel-opacity\"\/>\n\n\n<div class=\"wp-block-image\">\n<figure class=\"aligncenter size-thumbnail\"><a href=\"https:\/\/www.wasserwacht-toeging.de\/wp-content\/uploads\/2023\/12\/230920_ANA.jpg\"><img loading=\"lazy\" decoding=\"async\" width=\"150\" height=\"150\" src=\"https:\/\/www.wasserwacht-toeging.de\/wp-content\/uploads\/2023\/12\/230920_ANA-150x150.jpg\" alt=\"\" class=\"wp-image-5633\" srcset=\"https:\/\/www.wasserwacht-toeging.de\/wp-content\/uploads\/2023\/12\/230920_ANA-150x150.jpg 150w, https:\/\/www.wasserwacht-toeging.de\/wp-content\/uploads\/2023\/12\/230920_ANA-80x80.jpg 80w, https:\/\/www.wasserwacht-toeging.de\/wp-content\/uploads\/2023\/12\/230920_ANA-320x320.jpg 320w, https:\/\/www.wasserwacht-toeging.de\/wp-content\/uploads\/2023\/12\/230920_ANA-449x450.jpg 449w\" sizes=\"auto, (max-width: 150px) 100vw, 150px\" \/><\/a><\/figure>\n<\/div>\n\n\n<p class=\"has-text-align-center\"><strong>12 000 Besucher mehr als 2022<br><\/strong>Alt-, Neu\u00f6ttinger Anzeiger vom 20. September 2023<\/p>\n\n\n\n<hr class=\"wp-block-separator has-alpha-channel-opacity\"\/>\n\n\n<div class=\"wp-block-image\">\n<figure class=\"aligncenter size-thumbnail\"><a href=\"https:\/\/www.wasserwacht-toeging.de\/wp-content\/uploads\/2023\/12\/230828_ANA.jpg\"><img loading=\"lazy\" decoding=\"async\" width=\"150\" height=\"150\" src=\"https:\/\/www.wasserwacht-toeging.de\/wp-content\/uploads\/2023\/12\/230828_ANA-150x150.jpg\" alt=\"\" class=\"wp-image-5630\" srcset=\"https:\/\/www.wasserwacht-toeging.de\/wp-content\/uploads\/2023\/12\/230828_ANA-150x150.jpg 150w, https:\/\/www.wasserwacht-toeging.de\/wp-content\/uploads\/2023\/12\/230828_ANA-80x80.jpg 80w, https:\/\/www.wasserwacht-toeging.de\/wp-content\/uploads\/2023\/12\/230828_ANA-320x320.jpg 320w\" sizes=\"auto, (max-width: 150px) 100vw, 150px\" \/><\/a><\/figure>\n<\/div>\n\n\n<p class=\"has-text-align-center\"><strong>\u00d6lfilm auf dem Innkanal<\/strong><br>Alt-, Neu\u00f6ttinger Anzeiger vom 28. August 2023<\/p>\n\n\n\n<hr class=\"wp-block-separator has-alpha-channel-opacity\"\/>\n\n\n<div class=\"wp-block-image\">\n<figure class=\"aligncenter size-thumbnail\"><a href=\"https:\/\/www.wasserwacht-toeging.de\/wp-content\/uploads\/2023\/12\/230818_MueAnz.jpg\"><img loading=\"lazy\" decoding=\"async\" width=\"150\" height=\"150\" src=\"https:\/\/www.wasserwacht-toeging.de\/wp-content\/uploads\/2023\/12\/230818_MueAnz-150x150.jpg\" alt=\"\" class=\"wp-image-5649\" srcset=\"https:\/\/www.wasserwacht-toeging.de\/wp-content\/uploads\/2023\/12\/230818_MueAnz-150x150.jpg 150w, https:\/\/www.wasserwacht-toeging.de\/wp-content\/uploads\/2023\/12\/230818_MueAnz-80x80.jpg 80w, https:\/\/www.wasserwacht-toeging.de\/wp-content\/uploads\/2023\/12\/230818_MueAnz-317x320.jpg 317w\" sizes=\"auto, (max-width: 150px) 100vw, 150px\" \/><\/a><\/figure>\n<\/div>\n\n\n<p class=\"has-text-align-center\"><strong>Vermisster am Innkanal gesucht<br><\/strong>M\u00fchldorfer Anzeiger vom 18. August 2023<\/p>\n\n\n\n<hr class=\"wp-block-separator has-alpha-channel-opacity\"\/>\n\n\n<div class=\"wp-block-image\">\n<figure class=\"aligncenter size-thumbnail\"><a href=\"https:\/\/www.wasserwacht-toeging.de\/wp-content\/uploads\/2023\/12\/230725_ANA.jpg\"><img loading=\"lazy\" decoding=\"async\" width=\"150\" height=\"150\" src=\"https:\/\/www.wasserwacht-toeging.de\/wp-content\/uploads\/2023\/12\/230725_ANA-150x150.jpg\" alt=\"\" class=\"wp-image-5626\" srcset=\"https:\/\/www.wasserwacht-toeging.de\/wp-content\/uploads\/2023\/12\/230725_ANA-150x150.jpg 150w, https:\/\/www.wasserwacht-toeging.de\/wp-content\/uploads\/2023\/12\/230725_ANA-80x80.jpg 80w, https:\/\/www.wasserwacht-toeging.de\/wp-content\/uploads\/2023\/12\/230725_ANA-320x320.jpg 320w\" sizes=\"auto, (max-width: 150px) 100vw, 150px\" \/><\/a><\/figure>\n<\/div>\n\n\n<p class=\"has-text-align-center\"><strong>500 Piraten entern das Hubm\u00fchlbad<\/strong><br>Alt-, Neu\u00f6ttinger Anzeiger vom 25. Juli 2023<\/p>\n\n\n\n<hr class=\"wp-block-separator has-alpha-channel-opacity\"\/>\n\n\n<div class=\"wp-block-image\">\n<figure class=\"aligncenter size-thumbnail\"><a href=\"https:\/\/www.wasserwacht-toeging.de\/wp-content\/uploads\/2023\/12\/230719_MueAnz.jpg\"><img loading=\"lazy\" decoding=\"async\" width=\"150\" height=\"150\" src=\"https:\/\/www.wasserwacht-toeging.de\/wp-content\/uploads\/2023\/12\/230719_MueAnz-150x150.jpg\" alt=\"\" class=\"wp-image-5652\" srcset=\"https:\/\/www.wasserwacht-toeging.de\/wp-content\/uploads\/2023\/12\/230719_MueAnz-150x150.jpg 150w, https:\/\/www.wasserwacht-toeging.de\/wp-content\/uploads\/2023\/12\/230719_MueAnz-80x80.jpg 80w, https:\/\/www.wasserwacht-toeging.de\/wp-content\/uploads\/2023\/12\/230719_MueAnz-320x320.jpg 320w\" sizes=\"auto, (max-width: 150px) 100vw, 150px\" \/><\/a><\/figure>\n<\/div>\n\n\n<p class=\"has-text-align-center\"><strong>Feucht-fr\u00f6hlicher Spa\u00df f\u00fcr Gro\u00df und Klein<br><\/strong>M\u00fchldorfer Anzeiger vom 19. Juli 2023<\/p>\n\n\n\n<hr class=\"wp-block-separator has-alpha-channel-opacity\"\/>\n\n\n<div class=\"wp-block-image\">\n<figure class=\"aligncenter size-thumbnail\"><a href=\"https:\/\/www.wasserwacht-toeging.de\/wp-content\/uploads\/2023\/09\/230713_ANA.jpg\" target=\"_blank\" rel=\"noreferrer noopener\"><img loading=\"lazy\" decoding=\"async\" width=\"150\" height=\"150\" src=\"https:\/\/www.wasserwacht-toeging.de\/wp-content\/uploads\/2023\/09\/230713_ANA-150x150.jpg\" alt=\"\" class=\"wp-image-5603\" srcset=\"https:\/\/www.wasserwacht-toeging.de\/wp-content\/uploads\/2023\/09\/230713_ANA-150x150.jpg 150w, https:\/\/www.wasserwacht-toeging.de\/wp-content\/uploads\/2023\/09\/230713_ANA-80x80.jpg 80w, https:\/\/www.wasserwacht-toeging.de\/wp-content\/uploads\/2023\/09\/230713_ANA-320x320.jpg 320w\" sizes=\"auto, (max-width: 150px) 100vw, 150px\" \/><\/a><\/figure>\n<\/div>\n\n\n<p class=\"has-text-align-center\"><strong>Leinen los!<br><\/strong>Alt-, Neu\u00f6ttinger Anzeiger vom 13. Juli 2023<\/p>\n\n\n\n<hr class=\"wp-block-separator has-alpha-channel-opacity\"\/>\n\n\n<div class=\"wp-block-image\">\n<figure class=\"aligncenter size-thumbnail\"><a href=\"https:\/\/www.wasserwacht-toeging.de\/wp-content\/uploads\/2023\/12\/230624_MueAnz.jpg\"><img loading=\"lazy\" decoding=\"async\" width=\"150\" height=\"150\" src=\"https:\/\/www.wasserwacht-toeging.de\/wp-content\/uploads\/2023\/12\/230624_MueAnz-150x150.jpg\" alt=\"\" class=\"wp-image-5654\" srcset=\"https:\/\/www.wasserwacht-toeging.de\/wp-content\/uploads\/2023\/12\/230624_MueAnz-150x150.jpg 150w, https:\/\/www.wasserwacht-toeging.de\/wp-content\/uploads\/2023\/12\/230624_MueAnz-80x80.jpg 80w, https:\/\/www.wasserwacht-toeging.de\/wp-content\/uploads\/2023\/12\/230624_MueAnz-317x320.jpg 317w\" sizes=\"auto, (max-width: 150px) 100vw, 150px\" \/><\/a><\/figure>\n<\/div>\n\n\n<p class=\"has-text-align-center\"><strong>Gro\u00dfalarm f\u00fcr die Feuerwehren<br><\/strong>M\u00fchldorfer Anzeiger vom 24. Juni 2023<\/p>\n\n\n\n<hr class=\"wp-block-separator has-alpha-channel-opacity\"\/>\n\n\n<div class=\"wp-block-image\">\n<figure class=\"aligncenter size-thumbnail\"><a href=\"https:\/\/www.wasserwacht-toeging.de\/wp-content\/uploads\/2023\/09\/230621_ANA.jpg\" target=\"_blank\" rel=\"noreferrer noopener\"><img loading=\"lazy\" decoding=\"async\" width=\"150\" height=\"150\" src=\"https:\/\/www.wasserwacht-toeging.de\/wp-content\/uploads\/2023\/09\/230621_ANA-150x150.jpg\" alt=\"\" class=\"wp-image-5597\" srcset=\"https:\/\/www.wasserwacht-toeging.de\/wp-content\/uploads\/2023\/09\/230621_ANA-150x150.jpg 150w, https:\/\/www.wasserwacht-toeging.de\/wp-content\/uploads\/2023\/09\/230621_ANA-80x80.jpg 80w\" sizes=\"auto, (max-width: 150px) 100vw, 150px\" \/><\/a><\/figure>\n<\/div>\n\n\n<p class=\"has-text-align-center\"><strong>Stadtfest: Sanis hatten viel zu tun<br><\/strong>Alt-, Neu\u00f6ttinger Anzeiger vom 21. Juni 2023<\/p>\n\n\n\n<hr class=\"wp-block-separator has-alpha-channel-opacity\"\/>\n\n\n<div class=\"wp-block-image\">\n<figure class=\"aligncenter size-thumbnail\"><a href=\"https:\/\/www.wasserwacht-toeging.de\/wp-content\/uploads\/2023\/12\/230616_MueAnz.jpg\"><img loading=\"lazy\" decoding=\"async\" width=\"150\" height=\"150\" src=\"https:\/\/www.wasserwacht-toeging.de\/wp-content\/uploads\/2023\/12\/230616_MueAnz-150x150.jpg\" alt=\"\" class=\"wp-image-5657\" srcset=\"https:\/\/www.wasserwacht-toeging.de\/wp-content\/uploads\/2023\/12\/230616_MueAnz-150x150.jpg 150w, https:\/\/www.wasserwacht-toeging.de\/wp-content\/uploads\/2023\/12\/230616_MueAnz-300x300.jpg 300w, https:\/\/www.wasserwacht-toeging.de\/wp-content\/uploads\/2023\/12\/230616_MueAnz-768x772.jpg 768w, https:\/\/www.wasserwacht-toeging.de\/wp-content\/uploads\/2023\/12\/230616_MueAnz-80x80.jpg 80w, https:\/\/www.wasserwacht-toeging.de\/wp-content\/uploads\/2023\/12\/230616_MueAnz-320x320.jpg 320w, https:\/\/www.wasserwacht-toeging.de\/wp-content\/uploads\/2023\/12\/230616_MueAnz.jpg 840w\" sizes=\"auto, (max-width: 150px) 100vw, 150px\" \/><\/a><\/figure>\n<\/div>\n\n\n<p class=\"has-text-align-center\"><strong>Viel Arbeit f\u00fcr die Wasserwacht<br><\/strong>M\u00fchldorfer Anzeiger vom 16. Juni 2023<\/p>\n\n\n\n<hr class=\"wp-block-separator has-alpha-channel-opacity\"\/>\n\n\n<div class=\"wp-block-image\">\n<figure class=\"aligncenter size-thumbnail\"><a href=\"https:\/\/www.wasserwacht-toeging.de\/wp-content\/uploads\/2023\/09\/230614_ANA.jpg\" target=\"_blank\" rel=\"noreferrer noopener\"><img loading=\"lazy\" decoding=\"async\" width=\"150\" height=\"150\" src=\"https:\/\/www.wasserwacht-toeging.de\/wp-content\/uploads\/2023\/09\/230614_ANA-150x150.jpg\" alt=\"\" class=\"wp-image-5593\" srcset=\"https:\/\/www.wasserwacht-toeging.de\/wp-content\/uploads\/2023\/09\/230614_ANA-150x150.jpg 150w, https:\/\/www.wasserwacht-toeging.de\/wp-content\/uploads\/2023\/09\/230614_ANA-80x80.jpg 80w, https:\/\/www.wasserwacht-toeging.de\/wp-content\/uploads\/2023\/09\/230614_ANA-320x320.jpg 320w\" sizes=\"auto, (max-width: 150px) 100vw, 150px\" \/><\/a><\/figure>\n<\/div>\n\n\n<p class=\"has-text-align-center\"><strong>So viele Eins\u00e4tze wie noch nie f\u00fcr die SEG<br><\/strong>Alt-, Neu\u00f6ttinger Anzeiger vom 14. Juni 2023<\/p>\n\n\n\n<hr class=\"wp-block-separator has-alpha-channel-opacity\"\/>\n\n\n<div class=\"wp-block-image\">\n<figure class=\"aligncenter size-thumbnail\"><a href=\"https:\/\/www.wasserwacht-toeging.de\/wp-content\/uploads\/2023\/12\/230524_MueAnz.jpg\"><img loading=\"lazy\" decoding=\"async\" width=\"150\" height=\"150\" src=\"https:\/\/www.wasserwacht-toeging.de\/wp-content\/uploads\/2023\/12\/230524_MueAnz-150x150.jpg\" alt=\"\" class=\"wp-image-5660\" srcset=\"https:\/\/www.wasserwacht-toeging.de\/wp-content\/uploads\/2023\/12\/230524_MueAnz-150x150.jpg 150w, https:\/\/www.wasserwacht-toeging.de\/wp-content\/uploads\/2023\/12\/230524_MueAnz-80x80.jpg 80w, https:\/\/www.wasserwacht-toeging.de\/wp-content\/uploads\/2023\/12\/230524_MueAnz-320x320.jpg 320w\" sizes=\"auto, (max-width: 150px) 100vw, 150px\" \/><\/a><\/figure>\n<\/div>\n\n\n<p class=\"has-text-align-center\"><strong>Anspringen im Freibad Hubm\u00fchle<br><\/strong>M\u00fchldorfer Anzeiger vom 24. Mai 2023<\/p>\n\n\n\n<hr class=\"wp-block-separator has-alpha-channel-opacity\"\/>\n\n\n<div class=\"wp-block-image\">\n<figure class=\"aligncenter size-thumbnail\"><a href=\"https:\/\/www.wasserwacht-toeging.de\/wp-content\/uploads\/2023\/09\/230425_ANA.jpg\"><img loading=\"lazy\" decoding=\"async\" width=\"150\" height=\"150\" src=\"https:\/\/www.wasserwacht-toeging.de\/wp-content\/uploads\/2023\/09\/230425_ANA-150x150.jpg\" alt=\"\" class=\"wp-image-5587\" srcset=\"https:\/\/www.wasserwacht-toeging.de\/wp-content\/uploads\/2023\/09\/230425_ANA-150x150.jpg 150w, https:\/\/www.wasserwacht-toeging.de\/wp-content\/uploads\/2023\/09\/230425_ANA-80x80.jpg 80w, https:\/\/www.wasserwacht-toeging.de\/wp-content\/uploads\/2023\/09\/230425_ANA-320x320.jpg 320w\" sizes=\"auto, (max-width: 150px) 100vw, 150px\" \/><\/a><\/figure>\n<\/div>\n\n\n<p class=\"has-text-align-center\"><strong>Reh aus dem Innkanal gerettet<\/strong><br>Alt-, Neu\u00f6ttinger Anzeiger vom 24. Mai 2023<\/p>\n\n\n\n<hr class=\"wp-block-separator has-alpha-channel-opacity\"\/>\n\n\n<div class=\"wp-block-image\">\n<figure class=\"aligncenter size-thumbnail\"><a href=\"https:\/\/www.wasserwacht-toeging.de\/wp-content\/uploads\/2023\/12\/230513_MueAnz.jpg\"><img loading=\"lazy\" decoding=\"async\" width=\"150\" height=\"150\" src=\"https:\/\/www.wasserwacht-toeging.de\/wp-content\/uploads\/2023\/12\/230513_MueAnz-150x150.jpg\" alt=\"\" class=\"wp-image-5664\" srcset=\"https:\/\/www.wasserwacht-toeging.de\/wp-content\/uploads\/2023\/12\/230513_MueAnz-150x150.jpg 150w, https:\/\/www.wasserwacht-toeging.de\/wp-content\/uploads\/2023\/12\/230513_MueAnz-80x80.jpg 80w, https:\/\/www.wasserwacht-toeging.de\/wp-content\/uploads\/2023\/12\/230513_MueAnz-320x320.jpg 320w\" sizes=\"auto, (max-width: 150px) 100vw, 150px\" \/><\/a><\/figure>\n<\/div>\n\n\n<p class=\"has-text-align-center\"><strong>Wasserwacht braucht mehr Platz<br><\/strong>M\u00fchldorfer Anzeiger vom 13. Mai 2023<\/p>\n\n\n\n<hr class=\"wp-block-separator has-alpha-channel-opacity\"\/>\n\n\n<div class=\"wp-block-image\">\n<figure class=\"aligncenter size-thumbnail\"><a href=\"https:\/\/www.wasserwacht-toeging.de\/wp-content\/uploads\/2023\/06\/230509_ANA.jpg\" target=\"_blank\" rel=\"noreferrer noopener\"><img loading=\"lazy\" decoding=\"async\" width=\"150\" height=\"150\" src=\"https:\/\/www.wasserwacht-toeging.de\/wp-content\/uploads\/2023\/06\/230509_ANA-150x150.jpg\" alt=\"\" class=\"wp-image-5537\" srcset=\"https:\/\/www.wasserwacht-toeging.de\/wp-content\/uploads\/2023\/06\/230509_ANA-150x150.jpg 150w, https:\/\/www.wasserwacht-toeging.de\/wp-content\/uploads\/2023\/06\/230509_ANA-80x80.jpg 80w, https:\/\/www.wasserwacht-toeging.de\/wp-content\/uploads\/2023\/06\/230509_ANA-320x320.jpg 320w\" sizes=\"auto, (max-width: 150px) 100vw, 150px\" \/><\/a><\/figure>\n<\/div>\n\n\n<p class=\"has-text-align-center\"><strong>Mehr Platz f\u00fcr die Wasserwacht<\/strong><br>Alt-, Neu\u00f6ttinger Anzeiger vom 9. Mai 2023<\/p>\n\n\n\n<hr class=\"wp-block-separator has-alpha-channel-opacity\"\/>\n\n\n<div class=\"wp-block-image\">\n<figure class=\"aligncenter size-thumbnail\"><a href=\"https:\/\/www.wasserwacht-toeging.de\/wp-content\/uploads\/2023\/01\/230103_MueAnz.jpg\" target=\"_blank\" rel=\"noreferrer noopener\"><img loading=\"lazy\" decoding=\"async\" width=\"150\" height=\"150\" src=\"https:\/\/www.wasserwacht-toeging.de\/wp-content\/uploads\/2023\/01\/230103_MueAnz-150x150.jpg\" alt=\"\" class=\"wp-image-5354\" srcset=\"https:\/\/www.wasserwacht-toeging.de\/wp-content\/uploads\/2023\/01\/230103_MueAnz-150x150.jpg 150w, https:\/\/www.wasserwacht-toeging.de\/wp-content\/uploads\/2023\/01\/230103_MueAnz-80x80.jpg 80w, https:\/\/www.wasserwacht-toeging.de\/wp-content\/uploads\/2023\/01\/230103_MueAnz-320x320.jpg 320w\" sizes=\"auto, (max-width: 150px) 100vw, 150px\" \/><\/a><\/figure>\n<\/div>\n\n\n<p class=\"has-text-align-center\"><strong>Verbund spendet an die Wasserwacht und Rettungshundestaffel<\/strong><br>M\u00fchldorfer Anzeiger vom 3. Januar 2023<\/p>\n\n\n\n<hr class=\"wp-block-separator has-alpha-channel-opacity\"\/>\n\n\n<div class=\"wp-block-image\">\n<figure class=\"aligncenter size-thumbnail\"><a href=\"https:\/\/www.wasserwacht-toeging.de\/wp-content\/uploads\/2023\/01\/230100_Stadtblattl.jpg\" target=\"_blank\" rel=\"noreferrer noopener\"><img loading=\"lazy\" decoding=\"async\" width=\"150\" height=\"150\" src=\"https:\/\/www.wasserwacht-toeging.de\/wp-content\/uploads\/2023\/01\/230100_Stadtblattl-150x150.jpg\" alt=\"\" class=\"wp-image-5363\" srcset=\"https:\/\/www.wasserwacht-toeging.de\/wp-content\/uploads\/2023\/01\/230100_Stadtblattl-150x150.jpg 150w, https:\/\/www.wasserwacht-toeging.de\/wp-content\/uploads\/2023\/01\/230100_Stadtblattl-80x80.jpg 80w\" sizes=\"auto, (max-width: 150px) 100vw, 150px\" \/><\/a><\/figure>\n<\/div>\n\n\n<p class=\"has-text-align-center\"><strong>Die Wasserwacht sammelt wieder die Christb\u00e4ume ein<\/strong><br>T\u00f6ginger Stadtblattl vom Januar 2023<\/p>\n","protected":false},"excerpt":{"rendered":"<p>Hinweis: Die Ver\u00f6ffentlichung von Berichten des Alt-, Neu\u00f6ttinger Anzeigers erfolgt mit schriftlicher Genehmigung durch die Redaktion vom 13.01.2008. Die Ver\u00f6ffentlichung von Berichten des M\u00fchldorfer Anzeigers erfolgt mit schriftlicher Genehmigung durch die Redaktion vom 15.01.2008. Die Ver\u00f6ffentlichung von Berichten des T\u00f6ginger&#46;&#46;&#46;<\/p>\n","protected":false},"author":1,"featured_media":0,"parent":0,"menu_order":0,"comment_status":"closed","ping_status":"closed","template":"","meta":{"footnotes":""},"class_list":["post-5351","page","type-page","status-publish","hentry"],"_links":{"self":[{"href":"https:\/\/www.wasserwacht-toeging.de\/index.php?rest_route=\/wp\/v2\/pages\/5351","targetHints":{"allow":["GET"]}}],"collection":[{"href":"https:\/\/www.wasserwacht-toeging.de\/index.php?rest_route=\/wp\/v2\/pages"}],"about":[{"href":"https:\/\/www.wasserwacht-toeging.de\/index.php?rest_route=\/wp\/v2\/types\/page"}],"author":[{"embeddable":true,"href":"https:\/\/www.wasserwacht-toeging.de\/index.php?rest_route=\/wp\/v2\/users\/1"}],"replies":[{"embeddable":true,"href":"https:\/\/www.wasserwacht-toeging.de\/index.php?rest_route=%2Fwp%2Fv2%2Fcomments&post=5351"}],"version-history":[{"count":25,"href":"https:\/\/www.wasserwacht-toeging.de\/index.php?rest_route=\/wp\/v2\/pages\/5351\/revisions"}],"predecessor-version":[{"id":5738,"href":"https:\/\/www.wasserwacht-toeging.de\/index.php?rest_route=\/wp\/v2\/pages\/5351\/revisions\/5738"}],"wp:attachment":[{"href":"https:\/\/www.wasserwacht-toeging.de\/index.php?rest_route=%2Fwp%2Fv2%2Fmedia&parent=5351"}],"curies":[{"name":"wp","href":"https:\/\/api.w.org\/{rel}","templated":true}]}}