{"id":6318,"date":"2025-02-28T17:34:16","date_gmt":"2025-02-28T16:34:16","guid":{"rendered":"https:\/\/www.wasserwacht-toeging.de\/?page_id=6318"},"modified":"2025-12-31T14:17:46","modified_gmt":"2025-12-31T13:17:46","slug":"einsaetze-2025","status":"publish","type":"page","link":"https:\/\/www.wasserwacht-toeging.de\/?page_id=6318","title":{"rendered":"Eins\u00e4tze 2025"},"content":{"rendered":"\n<figure class=\"wp-block-table\"><table class=\"has-fixed-layout\"><tbody><tr><td><strong>Dezember 2025<\/strong><\/td><td><\/td><td><\/td><td><\/td><td><\/td><td><\/td><\/tr><tr><td>187<\/td><td>30.12.2025<\/td><td><strong><mark style=\"background-color:#0693e3\" class=\"has-inline-color has-white-color\">SEG-Einsatz<\/mark><\/strong><br>Wassernot 0<\/td><td>Innkanal T\u00f6ging<\/td><td>\u00d6l auf Gew\u00e4sser<\/td><td><\/td><\/tr><tr><td>186<\/td><td>21.12.2025<\/td><td><strong><mark style=\"background-color:#0693e3\" class=\"has-inline-color has-white-color\">SEG-Einsatz<\/mark><\/strong><br>Wassernot 1<\/td><td>Isenkanal Winh\u00f6ring<\/td><td>Tierrettung<\/td><td><\/td><\/tr><tr><td>185<\/td><td>16.12.2025<\/td><td><strong><mark style=\"background-color:#0693e3\" class=\"has-inline-color has-white-color\">SEG-Einsatz<\/mark><\/strong><br>Wassernot 0<\/td><td>Innkanal T\u00f6ging<\/td><td>Sachbergung<\/td><td><\/td><\/tr><tr><td><strong>November 2025<\/strong><\/td><td><\/td><td><\/td><td><\/td><td><\/td><td><\/td><\/tr><tr><td>184<\/td><td>30.11.2015<\/td><td><strong><mark style=\"background-color:#0693e3\" class=\"has-inline-color has-white-color\">SEG-Einsatz<\/mark><\/strong><br>Wassernot 0<\/td><td>W\u00f6hrsee Burghausen<\/td><td>Taucheinsatz<\/td><td><\/td><\/tr><tr><td><strong>Oktober 2025<\/strong><\/td><td><\/td><td><\/td><td><\/td><td><\/td><td><\/td><\/tr><tr><td>179 &#8211;<br>183<\/td><td>11.10.2025<\/td><td>Sanit\u00e4tsdienst<\/td><td>Gemeindegebiet Winh\u00f6ring<\/td><td>Sportveranstaltung<\/td><td><\/td><\/tr><tr><td><strong>August 2025<\/strong><\/td><td><\/td><td><\/td><td><\/td><td><\/td><td><\/td><\/tr><tr><td>159 &#8211;<br>178<\/td><td>01.08.2025<br>bis<br>31.08.2025<\/td><td>Wachdienst<\/td><td>Freibad Hubm\u00fchle T\u00f6ging<\/td><td>Erste Hilfe &#8211; Leistungen<\/td><td><\/td><\/tr><tr><td>158<\/td><td>30.08.2025<\/td><td><mark style=\"background-color:#fcb900\" class=\"has-inline-color\"><strong>Einsatzleiter WRD<\/strong><\/mark><br>Wassernot 2<\/td><td>Alz, Alzkanal, M\u00fchlbach und Gemeinde Unterneukirchen und Burgkirchen<\/td><td>Vermisstensuche<\/td><td><\/td><\/tr><tr><td>157<\/td><td>30.08.2025<\/td><td><strong><mark style=\"background-color:#0693e3\" class=\"has-inline-color has-white-color\">SEG-Einsatz<\/mark><\/strong><br>Wassernot 2<\/td><td>Alz und Gemeinde Unterneukirchen und Burgkirchen<\/td><td>Vermisstensuche<\/td><td><\/td><\/tr><tr><td>156<\/td><td>27.08.2025<\/td><td><strong><mark style=\"background-color:#fcb900\" class=\"has-inline-color\">Einsatzleiter WRD<\/mark><\/strong><br>Wassernot 1<\/td><td>Alz Wald<\/td><td>Tierrettung<\/td><td><\/td><\/tr><tr><td>155<\/td><td>27.08.2025<\/td><td><strong><mark style=\"background-color:#0693e3\" class=\"has-inline-color has-white-color\">SEG-Einsatz<\/mark><\/strong><br>Wassernot 1<\/td><td>Alz Wald<\/td><td>Tierrettung<\/td><td><\/td><\/tr><tr><td>154<\/td><td>24.08.2025<\/td><td>Erste Hilfe<\/td><td>Gemeinde Ampfing<\/td><td>Erste Hilfe &#8211; Leistung<\/td><td><\/td><\/tr><tr><td>153<\/td><td>24.08.2025<\/td><td><strong><mark style=\"background-color:#0693e3\" class=\"has-inline-color has-white-color\">SEG-Einsatz<\/mark><\/strong><br>Wassernot 3<\/td><td>Isen Ampfing<\/td><td>Vermisstensuche<\/td><td><\/td><\/tr><tr><td>152<\/td><td>21.08.2025<\/td><td>Erste Hilfe<\/td><td>Stadtgebiet T\u00f6ging<\/td><td>Erste Hilfe &#8211; Leistung<\/td><td><\/td><\/tr><tr><td>151<\/td><td>17.08.2025<\/td><td><strong><mark style=\"background-color:#fcb900\" class=\"has-inline-color\">Einsatzleiter WRD<\/mark><\/strong><br>Wassernot 0<\/td><td>Innkanal T\u00f6ging<\/td><td>Tierrettung<\/td><td><\/td><\/tr><tr><td>150<\/td><td>17.08.2025<\/td><td><strong><mark style=\"background-color:#0693e3\" class=\"has-inline-color has-white-color\">SEG-Einsatz<\/mark><\/strong><br>Wassernot 0<\/td><td>Innkanal T\u00f6ging<\/td><td>Tierrettung<\/td><td><\/td><\/tr><tr><td>149<\/td><td>10.08.2025<\/td><td><strong><mark style=\"background-color:#fcb900\" class=\"has-inline-color\">Einsatzleiter WRD<\/mark><\/strong><br>Wassernot 0<\/td><td>Salzach Burghausen<\/td><td>Tierrettung<\/td><td><\/td><\/tr><tr><td>148<\/td><td>03.08.2025<\/td><td><strong><mark style=\"background-color:#fcb900\" class=\"has-inline-color\">Einsatzleiter WRD<\/mark><\/strong><br>Wassernot 0<\/td><td>Gemeinde Garching<\/td><td>Unterst\u00fctzung Polizei<\/td><td><\/td><\/tr><tr><td>144 &#8211;<br>147<\/td><td>02.08.2025<\/td><td>Sanit\u00e4tsdienst<\/td><td>Stadtgebiet T\u00f6ging<\/td><td>Volksfest<\/td><td><\/td><\/tr><tr><td>139 &#8211;<br>143<\/td><td>01.08.2025<\/td><td>Sanit\u00e4tsdienst<\/td><td>Stadtgebiet T\u00f6ging<\/td><td>Volksfest<\/td><td><\/td><\/tr><tr><td><strong>Juli 2025<\/strong><\/td><td><\/td><td><\/td><td><\/td><td><\/td><td><\/td><\/tr><tr><td>123 &#8211;<br>138<\/td><td>01.07.2025<br>bis<br>31.07.2025<\/td><td>Wachdienst<\/td><td>Freibad Hubm\u00fchle T\u00f6ging<\/td><td>Erste Hilfe &#8211; Leistungen<\/td><td><\/td><\/tr><tr><td>116 &#8211;<br>122<\/td><td>31.07.2025<\/td><td>Sanit\u00e4tsdienst<\/td><td>Stadtgebiet T\u00f6ging<\/td><td>Volksfest<\/td><td><\/td><\/tr><tr><td>115<\/td><td>31.07.2025<\/td><td><strong><mark style=\"background-color:#fcb900\" class=\"has-inline-color\">Einsatzleiter WRD<\/mark><\/strong><br>Wassernot 2<\/td><td>Gemeinde Emmerting<\/td><td>Vermisstensuche<\/td><td><\/td><\/tr><tr><td>114<\/td><td>31.07.2025<\/td><td><strong><mark style=\"background-color:#0693e3\" class=\"has-inline-color has-white-color\">SEG-Einsatz<\/mark><\/strong><br>Wassernot 2<\/td><td>Gemeinde Emmerting<\/td><td>Vermisstensuche<\/td><td><\/td><\/tr><tr><td>113<\/td><td>30.07.2025<\/td><td>Sanit\u00e4tsdienst<\/td><td>Stadtgebiet T\u00f6ging<\/td><td>Kundgebung<\/td><td><\/td><\/tr><tr><td>112<\/td><td>23.07.2025<\/td><td>Wachdienst<\/td><td>Badesee Perach<\/td><td>Absicherung Schulschwimmen<\/td><td><\/td><\/tr><tr><td>111<\/td><td>12.07.2025<\/td><td>Erstversorgung<br>RD 1<\/td><td>Stadtgebiet T\u00f6ging<\/td><td>Verkehrsunfall<\/td><td><\/td><\/tr><tr><td>110<\/td><td>12.07.2025<\/td><td><mark style=\"background-color:#0693e3\" class=\"has-inline-color has-white-color\"><strong>SEG-Einsatz<\/strong><\/mark><br>Wassernot 0<\/td><td>Freibad T\u00f6ging<\/td><td>Taucheinsatz<\/td><td><\/td><\/tr><tr><td>104 &#8211;<br>109<\/td><td>05.07.2025<\/td><td>Sanit\u00e4tsdienst<\/td><td>Stadtgebiet T\u00f6ging<\/td><td>Weinfest<\/td><td><\/td><\/tr><tr><td><strong>Juni 2025<\/strong><\/td><td><\/td><td><\/td><td><\/td><td><\/td><td><\/td><\/tr><tr><td>036 &#8211;<br>103<\/td><td>01.06.2025<br>bis<br>30.06.2025<\/td><td>Wachdienst<\/td><td>Freibad Hubm\u00fchle T\u00f6ging<\/td><td>Erste Hilfe &#8211; Leistungen<\/td><td><\/td><\/tr><tr><td>035<\/td><td>29.06.2025<\/td><td><strong><mark style=\"background-color:#0693e3\" class=\"has-inline-color has-white-color\">SEG-Einsatz<\/mark><\/strong><br>Wassernot 3<\/td><td>Baggersee Alt\u00f6tting<\/td><td>Person im Wasser<\/td><td><\/td><\/tr><tr><td>034<\/td><td>29.06.2025<\/td><td><strong><mark style=\"background-color:#0693e3\" class=\"has-inline-color has-white-color\">SEG-Einsatz<\/mark><\/strong><br>Wassernot 0<\/td><td>Innkanal T\u00f6ging<\/td><td>Sachbergung<\/td><td><\/td><\/tr><tr><td>033<\/td><td>28.06.2025<\/td><td><strong><mark style=\"background-color:#fcb900\" class=\"has-inline-color\">Einsatzleiter WRD<\/mark><\/strong><br>Wassernot 2<\/td><td>Innkanal T\u00f6ging<br>Inn Neu\u00f6tting bis T\u00f6ging<\/td><td>Vermisstensuche<\/td><td><\/td><\/tr><tr><td>032<\/td><td>28.06.2025<\/td><td><strong><mark style=\"background-color:#0693e3\" class=\"has-inline-color has-white-color\">SEG-Einsatz<\/mark><\/strong><br>Wassernot 2<\/td><td>Innkanal T\u00f6ging<br>Inn Neu\u00f6tting bis T\u00f6ging<\/td><td>Vermisstensuche<\/td><td><\/td><\/tr><tr><td>029 &#8211;<br>031<\/td><td>21.06.2025<\/td><td>Sanit\u00e4tsdienst<\/td><td>Stadtgebiet T\u00f6ging<\/td><td>Stadtfest<\/td><td><\/td><\/tr><tr><td>028<\/td><td>21.06.2025<\/td><td><strong><mark style=\"background-color:#0693e3\" class=\"has-inline-color has-white-color\">SEG-Einsatz<\/mark><\/strong><br>Wassernot 0<\/td><td>Innkanal T\u00f6ging<\/td><td>\u00d6l auf Gew\u00e4sser<\/td><td><\/td><\/tr><tr><td>027<\/td><td>19.06.2025<\/td><td><strong><mark style=\"background-color:#0693e3\" class=\"has-inline-color has-white-color\">SEG-Einsatz<\/mark><\/strong><br>Wassernot 0<\/td><td>Innkanal T\u00f6ging<\/td><td>Rettung aus Gefahrenlage<\/td><td><\/td><\/tr><tr><td>026<\/td><td>16.06.2025<\/td><td><strong><mark style=\"background-color:#0693e3\" class=\"has-inline-color has-white-color\">SEG-Einsatz<\/mark><\/strong><br>Wassernot 0<\/td><td>Innkanal M\u00fchldorf bis T\u00f6ging<\/td><td>Tierrettung<\/td><td><\/td><\/tr><tr><td>025<\/td><td>15.06.2025<\/td><td><strong><mark style=\"background-color:#fcb900\" class=\"has-inline-color\">Einsatzleiter WRD<\/mark><\/strong><br>Wassernot 0<\/td><td>Innkanal T\u00f6ging<\/td><td>Tierrettung<\/td><td><\/td><\/tr><tr><td>024<\/td><td>15.06.2025<\/td><td><strong><mark style=\"background-color:#0693e3\" class=\"has-inline-color has-white-color\">SEG-Einsatz<\/mark><\/strong><br>Wassernot 0<\/td><td>Innkanal T\u00f6ging<\/td><td>Tierrettung<\/td><td><\/td><\/tr><tr><td><strong>Mai 2025<\/strong><\/td><td><\/td><td><\/td><td><\/td><td><\/td><td><\/td><\/tr><tr><td>020 &#8211;<br>023<\/td><td>09.05.2025<br>bis<br>31.05.2025<\/td><td>Wachdienst<\/td><td>Freibad Hubm\u00fchle T\u00f6ging<\/td><td>Erste Hilfe &#8211; Leistungen<\/td><td><\/td><\/tr><tr><td>019<\/td><td>28.05.2025<\/td><td><mark style=\"background-color:#0693e3\" class=\"has-inline-color has-white-color\"><strong>SEG-Einsatz<\/strong><\/mark><br>Wassernot 0<\/td><td>Innkanal T\u00f6ging<\/td><td>\u00d6lsperre entfernen<\/td><td><\/td><\/tr><tr><td>018<\/td><td>28.05.2025<\/td><td><mark style=\"background-color:#0693e3\" class=\"has-inline-color has-white-color\"><strong>SEG-Einsatz<\/strong><\/mark><br>Wassernot 3<\/td><td>Isenstausee Winh\u00f6ring<\/td><td>Person im Wasser<\/td><td><\/td><\/tr><tr><td>013 &#8211; 017<\/td><td>23.05.2025<\/td><td>Sanit\u00e4tsdienst<\/td><td>M\u00f6\u00dfling<\/td><td>Absicherung Veranstaltung<\/td><td><\/td><\/tr><tr><td>012<\/td><td>23.05.2025<\/td><td>Erstversorgung<br>RD 2<\/td><td>Frixing<\/td><td>Verkehrsunfall<\/td><td><\/td><\/tr><tr><td>011<\/td><td>22.05.2025<\/td><td><mark style=\"background-color:#0693e3\" class=\"has-inline-color has-white-color\"><strong>SEG-Einsatz<\/strong><\/mark><br>Wassernot 0<\/td><td>Innkanal T\u00f6ging<\/td><td>Fl\u00fcssigkeit auf Gew\u00e4sser<\/td><td><\/td><\/tr><tr><td>010<\/td><td>16.05.2025<\/td><td>Erste Hilfe<\/td><td>Gemeinde Winh\u00f6ring<\/td><td>Erste Hilfe<\/td><td><\/td><\/tr><tr><td><strong>April 2025<\/strong><\/td><td><\/td><td><\/td><td><\/td><td><\/td><td><\/td><\/tr><tr><td>009<\/td><td>26.04.2025<\/td><td><mark style=\"background-color:#0693e3\" class=\"has-inline-color has-white-color\"><strong>SEG-Einsatz<\/strong><\/mark><br>Wassernot 0<\/td><td>Innkanal T\u00f6ging<\/td><td>Sachbergungen<\/td><td><\/td><\/tr><tr><td>008<\/td><td>26.04.2025<\/td><td><strong><mark style=\"background-color:#fcb900\" class=\"has-inline-color has-black-color\">Einsatzleiter WRD<\/mark><\/strong><br>Wassernot 0<\/td><td>Innkanal T\u00f6ging<\/td><td>Sachbergungen<\/td><td><\/td><\/tr><tr><td>007<\/td><td>24.04.2025<\/td><td><mark style=\"background-color:#0693e3\" class=\"has-inline-color has-white-color\"><strong>SEG-Einsatz<\/strong><\/mark><br>Wassernot 3<\/td><td>Innkanal M\u00fchldorf bis T\u00f6ging<\/td><td>Person im Wasser<\/td><td><\/td><\/tr><tr><td>006<\/td><td>21.04.2025<\/td><td><mark style=\"background-color:#0693e3\" class=\"has-inline-color has-white-color\"><strong>SEG-Einsatz<\/strong><\/mark><br>Wassernot 4<\/td><td>Isen Winh\u00f6ring<\/td><td>Zwei Personen im Wasser<\/td><td><\/td><\/tr><tr><td>005<\/td><td>11.04.2025<\/td><td>Wachdienst<\/td><td>Hallenbad Neu\u00f6tting<\/td><td>Begleitung Schulschwimmen<\/td><td><\/td><\/tr><tr><td>004<\/td><td>09.04.2025<\/td><td>Wachdienst<\/td><td>Hallenbad Neu\u00f6tting<\/td><td>Begleitung Schulschwimmen<\/td><td><\/td><\/tr><tr><td>003<\/td><td>08.04.2025<\/td><td>Sanit\u00e4tsdienst<\/td><td>Stadt T\u00f6ging<\/td><td>Absicherung Veranstaltung<\/td><td><\/td><\/tr><tr><td><strong>M\u00e4rz 2025<\/strong><\/td><td><\/td><td><\/td><td><\/td><td><\/td><td><\/td><\/tr><tr><td>002<\/td><td>28.03.2025<\/td><td>Wachdienst<\/td><td>Hallenbad Neu\u00f6tting<\/td><td>Begleitung Schulschwimmen<\/td><td><\/td><\/tr><tr><td><strong>Februar 2025<\/strong><\/td><td><\/td><td><\/td><td><\/td><td><\/td><td><\/td><\/tr><tr><td>001<\/td><td>27.02.2025<\/td><td><strong><mark><mark style=\"background-color:#0693e3\" class=\"has-inline-color has-white-color\">SEG-Einsatz<\/mark><\/mark><\/strong><br>Wassernot 2<\/td><td>Isen Erharting<\/td><td>Vermisstensuche<\/td><td><\/td><\/tr><\/tbody><\/table><\/figure>\n\n\n\n<p><\/p>\n","protected":false},"excerpt":{"rendered":"<p>Dezember 2025 187 30.12.2025 SEG-EinsatzWassernot 0 Innkanal T\u00f6ging \u00d6l auf Gew\u00e4sser 186 21.12.2025 SEG-EinsatzWassernot 1 Isenkanal Winh\u00f6ring Tierrettung 185 16.12.2025 SEG-EinsatzWassernot 0 Innkanal T\u00f6ging Sachbergung November 2025 184 30.11.2015 SEG-EinsatzWassernot 0 W\u00f6hrsee Burghausen Taucheinsatz Oktober 2025 179 &#8211;183 11.10.2025 Sanit\u00e4tsdienst&#46;&#46;&#46;<\/p>\n","protected":false},"author":1,"featured_media":0,"parent":0,"menu_order":0,"comment_status":"closed","ping_status":"closed","template":"","meta":{"footnotes":""},"class_list":["post-6318","page","type-page","status-publish","hentry"],"_links":{"self":[{"href":"https:\/\/www.wasserwacht-toeging.de\/index.php?rest_route=\/wp\/v2\/pages\/6318","targetHints":{"allow":["GET"]}}],"collection":[{"href":"https:\/\/www.wasserwacht-toeging.de\/index.php?rest_route=\/wp\/v2\/pages"}],"about":[{"href":"https:\/\/www.wasserwacht-toeging.de\/index.php?rest_route=\/wp\/v2\/types\/page"}],"author":[{"embeddable":true,"href":"https:\/\/www.wasserwacht-toeging.de\/index.php?rest_route=\/wp\/v2\/users\/1"}],"replies":[{"embeddable":true,"href":"https:\/\/www.wasserwacht-toeging.de\/index.php?rest_route=%2Fwp%2Fv2%2Fcomments&post=6318"}],"version-history":[{"count":35,"href":"https:\/\/www.wasserwacht-toeging.de\/index.php?rest_route=\/wp\/v2\/pages\/6318\/revisions"}],"predecessor-version":[{"id":6655,"href":"https:\/\/www.wasserwacht-toeging.de\/index.php?rest_route=\/wp\/v2\/pages\/6318\/revisions\/6655"}],"wp:attachment":[{"href":"https:\/\/www.wasserwacht-toeging.de\/index.php?rest_route=%2Fwp%2Fv2%2Fmedia&parent=6318"}],"curies":[{"name":"wp","href":"https:\/\/api.w.org\/{rel}","templated":true}]}}