{"id":648,"date":"2015-02-21T14:49:57","date_gmt":"2015-02-21T14:49:57","guid":{"rendered":"http:\/\/neu.wasserwacht-toeging.de\/?page_id=648"},"modified":"2024-05-02T12:36:42","modified_gmt":"2024-05-02T10:36:42","slug":"schwimmabzeichen","status":"publish","type":"page","link":"https:\/\/www.wasserwacht-toeging.de\/?page_id=648","title":{"rendered":"Schwimmabzeichen"},"content":{"rendered":"\n<p>Schwimmabzeichen k\u00f6nnen im Freibad Hubm\u00fchle prinzipiell jederzeit durch die Wasserwacht abgenommen werden, sofern es der Wachdienst und die personelle Besetzung zulassen.<br>Die Schwimmmeister und st\u00e4dtischen Rettungsschwimmer nehmen keine Schwimmabzeichen ab.<\/p>\n\n\n\n<p>Erhalten Sie hier einen \u00dcberblick \u00fcber die Anforderungen der einzelnen Stufen:<\/p>\n\n\n\n<figure class=\"wp-block-table alignleft\"><table><tbody><tr><td><img loading=\"lazy\" decoding=\"async\" width=\"150\" height=\"150\" class=\"wp-image-5938\" style=\"width: 150px;\" src=\"https:\/\/www.wasserwacht-toeging.de\/wp-content\/uploads\/2024\/05\/Seepferdchen.png\" alt=\"\" srcset=\"https:\/\/www.wasserwacht-toeging.de\/wp-content\/uploads\/2024\/05\/Seepferdchen.png 400w, https:\/\/www.wasserwacht-toeging.de\/wp-content\/uploads\/2024\/05\/Seepferdchen-300x300.png 300w, https:\/\/www.wasserwacht-toeging.de\/wp-content\/uploads\/2024\/05\/Seepferdchen-150x150.png 150w, https:\/\/www.wasserwacht-toeging.de\/wp-content\/uploads\/2024\/05\/Seepferdchen-80x80.png 80w, https:\/\/www.wasserwacht-toeging.de\/wp-content\/uploads\/2024\/05\/Seepferdchen-320x320.png 320w\" sizes=\"auto, (max-width: 150px) 100vw, 150px\" \/><\/td><td class=\"has-text-align-left\" data-align=\"left\"><strong>Seepferdchen<\/strong> (Fr\u00fchschwimmer)<br><br>Du kennst die Baderegeln.<br>Du bist vom Beckenrand gesprungen und anschlie\u00dfend 25 m in Bauch- oder R\u00fcckenlage (Grobform) geschwommen und hast dabei ins Wasser ausgeatmet.<br>Du hast einen Gegenstand aus schultertiefem Wasser mit den H\u00e4nden heraufgeholt.<\/td><\/tr><tr><td><img loading=\"lazy\" decoding=\"async\" width=\"300\" height=\"300\" class=\"wp-image-5932\" style=\"width: 300px;\" src=\"https:\/\/www.wasserwacht-toeging.de\/wp-content\/uploads\/2024\/05\/DSA-Bronze.png\" alt=\"\" srcset=\"https:\/\/www.wasserwacht-toeging.de\/wp-content\/uploads\/2024\/05\/DSA-Bronze.png 400w, https:\/\/www.wasserwacht-toeging.de\/wp-content\/uploads\/2024\/05\/DSA-Bronze-300x300.png 300w, https:\/\/www.wasserwacht-toeging.de\/wp-content\/uploads\/2024\/05\/DSA-Bronze-150x150.png 150w, https:\/\/www.wasserwacht-toeging.de\/wp-content\/uploads\/2024\/05\/DSA-Bronze-80x80.png 80w, https:\/\/www.wasserwacht-toeging.de\/wp-content\/uploads\/2024\/05\/DSA-Bronze-320x320.png 320w\" sizes=\"auto, (max-width: 300px) 100vw, 300px\" \/><\/td><td class=\"has-text-align-left\" data-align=\"left\"><strong>Deutsches Schwimmabzeichen Bronze<\/strong> (Freischwimmer)<br><br>Du kennst die Baderegeln.<br>Du bist mit einem Kopfsprung vom Beckenrand gesprungen und anschlie\u00dfend 15&nbsp;Minuten lang geschwommen. Dabei hast du mindestens 200 m zur\u00fcckgelegt, davon 150 m in Bauch- oder R\u00fcckenlage (erkennbare Schwimmlage) und 50 m in einer anderen K\u00f6rperlage (Wechsel der K\u00f6rperlage ohne Festhalten und w\u00e4hrend des Schwimmens).<br>Du bist ca. 2 m tief getaucht und hast einen kleinen Gegenstand (z.B. kleiner Tauchring) heraufgeholt.<br>Du bist mit einem Paketsprung vom Startblock oder vom 1 m-Brett ins Wasser gesprungen.<\/td><\/tr><tr><td><img loading=\"lazy\" decoding=\"async\" width=\"150\" height=\"150\" class=\"wp-image-5939\" style=\"width: 150px;\" src=\"https:\/\/www.wasserwacht-toeging.de\/wp-content\/uploads\/2024\/05\/DSA-Silber.png\" alt=\"\" srcset=\"https:\/\/www.wasserwacht-toeging.de\/wp-content\/uploads\/2024\/05\/DSA-Silber.png 400w, https:\/\/www.wasserwacht-toeging.de\/wp-content\/uploads\/2024\/05\/DSA-Silber-300x300.png 300w, https:\/\/www.wasserwacht-toeging.de\/wp-content\/uploads\/2024\/05\/DSA-Silber-150x150.png 150w, https:\/\/www.wasserwacht-toeging.de\/wp-content\/uploads\/2024\/05\/DSA-Silber-80x80.png 80w, https:\/\/www.wasserwacht-toeging.de\/wp-content\/uploads\/2024\/05\/DSA-Silber-320x320.png 320w\" sizes=\"auto, (max-width: 150px) 100vw, 150px\" \/><\/td><td class=\"has-text-align-left\" data-align=\"left\"><strong>Deutsches Schwimmabzeichen Silber<\/strong><br><br>Du kennst die Baderegeln und das Verhalten zur Selbstrettung, z.B. wie man sich verh\u00e4lt, wenn man ersch\u00f6pft ist, oder einen Krampf l\u00f6st).<br>Du bist mit einem Kopfsprung vom Beckenrand gesprungen und anschlie\u00dfend 20 Minuten lang geschwommen. Dabei hast du mindestens 400 m zur\u00fcckgelegt, davon 300 m in Bauch- oder R\u00fcckenlage (erkennbare Schwimmlage) und 100 m in einer anderen K\u00f6rperlage (Wechsel der K\u00f6rperlage ohne Festhalten und w\u00e4hrend des Schwimmens).<br>Du bist eine Strecke von 10 m getaucht und hast dich dabei vom Beckenrand im Wasser abgesto\u00dfen.<br>Du bist zweimal ca. 2 m tief getaucht und hast einen kleinen Gegenstand (z.B. kleiner Tauchring) heraufgeholt.<br>Du bist aus 3 m H\u00f6he oder mit 2 verschiedenen Spr\u00fcngen aus 1 m H\u00f6he ins Wasser gesprungen.<br><br><a href=\"https:\/\/www.wasserwacht-toeging.de\/wp-content\/uploads\/2024\/05\/Broschuere_DSA_Silber.pdf\"><img loading=\"lazy\" decoding=\"async\" width=\"150\" height=\"200\" class=\"wp-image-5945\" style=\"width: 150px;\" src=\"https:\/\/www.wasserwacht-toeging.de\/wp-content\/uploads\/2024\/05\/DSASilber.jpg\" alt=\"\"><\/a> <br>Informiere dich in unserer Brosch\u00fcre \u00fcber die theoretischen Anforderungen des Deutschen Schwimmabzeichens Silber.<\/td><\/tr><tr><td><img loading=\"lazy\" decoding=\"async\" width=\"150\" height=\"150\" class=\"wp-image-5940\" style=\"width: 150px;\" src=\"https:\/\/www.wasserwacht-toeging.de\/wp-content\/uploads\/2024\/05\/DSA-Gold.png\" alt=\"\" srcset=\"https:\/\/www.wasserwacht-toeging.de\/wp-content\/uploads\/2024\/05\/DSA-Gold.png 400w, https:\/\/www.wasserwacht-toeging.de\/wp-content\/uploads\/2024\/05\/DSA-Gold-300x300.png 300w, https:\/\/www.wasserwacht-toeging.de\/wp-content\/uploads\/2024\/05\/DSA-Gold-150x150.png 150w, https:\/\/www.wasserwacht-toeging.de\/wp-content\/uploads\/2024\/05\/DSA-Gold-80x80.png 80w, https:\/\/www.wasserwacht-toeging.de\/wp-content\/uploads\/2024\/05\/DSA-Gold-320x320.png 320w\" sizes=\"auto, (max-width: 150px) 100vw, 150px\" \/><\/td><td class=\"has-text-align-left\" data-align=\"left\"><strong>Deutsches Schwimmabzeichen Gold<\/strong><br><br>Du kennst die Baderegeln und wie man sich selbst und anderen bei Bade-, Boots- und Eisunf\u00e4llen helfen kann (Selbstrettung und einfache Fremdrettung).<br>Du bist mit einem Kopfsprung vom Beckenrand gesprungen und anschlie\u00dfend 30 Minuten lang geschwommen. Dabei hast du mindestens 800 m zur\u00fcckgelegt, davon 650 m in Bauch- oder R\u00fcckenlage (erkennbare Schwimmlage) und 150 m in einer anderen K\u00f6rperlage (Wechsel der K\u00f6rperlage ohne Festhalten und w\u00e4hrend des Schwimmens).<br>Du bist nach einem Startsprung 25 m im Kraulschwimmen geschwommen.<br>Du bist nach einem Startsprung 50 m im Brustschwimmen geschwommen und hast hierf\u00fcr h\u00f6chstens 1:15 Minuten gebraucht.<br>Du bist 50 m im R\u00fcckenschwimmen mit Gr\u00e4tschschwung (ohne die Arme zu benutzen) oder im R\u00fcckenkraulschwimmen geschwommen.<br>Du bist eine Strecke von 10 m aus der Schwimmlage getaucht, ohne dass du dich dabei vom Beckenrand im Wasser abgesto\u00dfen hast.<br>Du bist dreimal ca. 2 m tief getaucht, hast dabei drei kleine Gegenst\u00e4nde (z.B. kleine Tauchringe) heraufgeholt und hast hierf\u00fcr h\u00f6chstens drei Tauchversuche innerhalb von 3 Minuten unternommen.<br>Du bist aus 3 m H\u00f6he oder mit 2 verschiedenen Spr\u00fcngen aus 1 m H\u00f6he ins Wasser gesprungen.<br>Du hast deine\/n Schwimmpartner oder Schwimmpartnerin 50 m im Wasser transportiert (Schieben oder Ziehen).<br><br><a href=\"https:\/\/www.wasserwacht-toeging.de\/wp-content\/uploads\/2024\/05\/Broschuere_DSA_Gold.pdf\"><img loading=\"lazy\" decoding=\"async\" width=\"150\" height=\"200\" class=\"wp-image-5944\" style=\"width: 150px;\" src=\"https:\/\/www.wasserwacht-toeging.de\/wp-content\/uploads\/2024\/05\/DSAGold.jpg\" alt=\"\"><\/a><br>Informiere dich in unserer Brosch\u00fcre \u00fcber die theoretischen Anforderungen des Deutschen Schwimmabzeichens Gold.<\/td><\/tr><\/tbody><\/table><\/figure>\n","protected":false},"excerpt":{"rendered":"<p>Schwimmabzeichen k\u00f6nnen im Freibad Hubm\u00fchle prinzipiell jederzeit durch die Wasserwacht abgenommen werden, sofern es der Wachdienst und die personelle Besetzung zulassen.Die Schwimmmeister und st\u00e4dtischen Rettungsschwimmer nehmen keine Schwimmabzeichen ab. Erhalten Sie hier einen \u00dcberblick \u00fcber die Anforderungen der einzelnen Stufen:&#46;&#46;&#46;<\/p>\n","protected":false},"author":1,"featured_media":0,"parent":0,"menu_order":0,"comment_status":"closed","ping_status":"closed","template":"","meta":{"footnotes":""},"class_list":["post-648","page","type-page","status-publish","hentry"],"_links":{"self":[{"href":"https:\/\/www.wasserwacht-toeging.de\/index.php?rest_route=\/wp\/v2\/pages\/648","targetHints":{"allow":["GET"]}}],"collection":[{"href":"https:\/\/www.wasserwacht-toeging.de\/index.php?rest_route=\/wp\/v2\/pages"}],"about":[{"href":"https:\/\/www.wasserwacht-toeging.de\/index.php?rest_route=\/wp\/v2\/types\/page"}],"author":[{"embeddable":true,"href":"https:\/\/www.wasserwacht-toeging.de\/index.php?rest_route=\/wp\/v2\/users\/1"}],"replies":[{"embeddable":true,"href":"https:\/\/www.wasserwacht-toeging.de\/index.php?rest_route=%2Fwp%2Fv2%2Fcomments&post=648"}],"version-history":[{"count":13,"href":"https:\/\/www.wasserwacht-toeging.de\/index.php?rest_route=\/wp\/v2\/pages\/648\/revisions"}],"predecessor-version":[{"id":5952,"href":"https:\/\/www.wasserwacht-toeging.de\/index.php?rest_route=\/wp\/v2\/pages\/648\/revisions\/5952"}],"wp:attachment":[{"href":"https:\/\/www.wasserwacht-toeging.de\/index.php?rest_route=%2Fwp%2Fv2%2Fmedia&parent=648"}],"curies":[{"name":"wp","href":"https:\/\/api.w.org\/{rel}","templated":true}]}}