{"id":667,"date":"2015-02-21T15:31:44","date_gmt":"2015-02-21T15:31:44","guid":{"rendered":"http:\/\/neu.wasserwacht-toeging.de\/?page_id=667"},"modified":"2025-02-15T20:57:19","modified_gmt":"2025-02-15T19:57:19","slug":"schnorchelabzeichen","status":"publish","type":"page","link":"https:\/\/www.wasserwacht-toeging.de\/?page_id=667","title":{"rendered":"Schnorchelabzeichen"},"content":{"rendered":"\n<p>Das Deutsche Schnorchelabzeichen kann nur innerhalb eines Kurses abgeommen werden. Falls Sie Interesse am Erwerb des Schnorchelabzeichens haben, wenden Sie sich bitte an unseren Ansprechpartner.<\/p>\n\n\n\n<figure class=\"wp-block-table\"><table><tbody><tr><td><img loading=\"lazy\" decoding=\"async\" width=\"250\" height=\"250\" class=\"wp-image-671\" style=\"width: 250px;\" src=\"https:\/\/www.wasserwacht-toeging.de\/wp-content\/uploads\/2015\/02\/schnorchelabzeichen150.jpg\" alt=\"\"><\/td><td class=\"has-text-align-left\" data-align=\"left\"><strong>Deutsches Schnorchelabzeichen<\/strong><br><br>&#8211; Mindestalter 8 Jahre und Deutsches Jugendschwimmabzeichen Silber<br>&#8211; 200m Flossenschwimmen ohne Zeitbegrenzung, davon 100m in Brustlage &#8211; 100m in R\u00fcckenlage<br>&#8211; 100m Schnorchelschwimmen ohne Startsprung mit Grundausr\u00fcstung. Dabei viermalige Abtauchen und Heraufholen je eines kleinen Tauchringes. Wasser nicht tiefer als 2,50m<br>&#8211; Abtauchen auf 1,80m bis 2,50m Tiefe &#8211; Tauchbrille abnehmen, wieder aufsetzen, mit freier Brille auftauchen<br>&#8211; 50m Rettungsschwimmen (Abschleppen) mit Flossen im Achselgriff (Partner ohne Flossen)<br>&#8211; Kenntnisse \u00fcber: Atmung, \u00dcberatmung, und Pendelatmung &#8211; Wasserdruck und Wassertemperatur &#8211; Ursache und Erkennen von Verletzungen der Sch\u00e4delh\u00f6hlen &#8211; Grundausr\u00fcstung, Schnorcheltechnik: Tauchbrille, Flossen, Schnorchelbeschaffenheit, Wirkung, Pflege<\/td><\/tr><\/tbody><\/table><\/figure>\n\n\n\n<p>Ihr Ansprechpartner:<\/p>\n\n\n\n<figure class=\"wp-block-table\"><table class=\"has-fixed-layout\"><tbody><tr><td><\/td><td>Tobias Wiedenmannott<br><br>Stellvertretender Technischer Leiter<br>Ausbilder Rettungsschwimmen<\/td><td><a href=\"mailto:tobias.wiedenmannott@wasserwacht-toeging.de\">E-Mail<\/a><\/td><\/tr><\/tbody><\/table><\/figure>\n","protected":false},"excerpt":{"rendered":"<p>Das Deutsche Schnorchelabzeichen kann nur innerhalb eines Kurses abgeommen werden. Falls Sie Interesse am Erwerb des Schnorchelabzeichens haben, wenden Sie sich bitte an unseren Ansprechpartner. Deutsches Schnorchelabzeichen &#8211; Mindestalter 8 Jahre und Deutsches Jugendschwimmabzeichen Silber&#8211; 200m Flossenschwimmen ohne Zeitbegrenzung, davon&#46;&#46;&#46;<\/p>\n","protected":false},"author":1,"featured_media":0,"parent":0,"menu_order":0,"comment_status":"closed","ping_status":"closed","template":"","meta":{"footnotes":""},"class_list":["post-667","page","type-page","status-publish","hentry"],"_links":{"self":[{"href":"https:\/\/www.wasserwacht-toeging.de\/index.php?rest_route=\/wp\/v2\/pages\/667","targetHints":{"allow":["GET"]}}],"collection":[{"href":"https:\/\/www.wasserwacht-toeging.de\/index.php?rest_route=\/wp\/v2\/pages"}],"about":[{"href":"https:\/\/www.wasserwacht-toeging.de\/index.php?rest_route=\/wp\/v2\/types\/page"}],"author":[{"embeddable":true,"href":"https:\/\/www.wasserwacht-toeging.de\/index.php?rest_route=\/wp\/v2\/users\/1"}],"replies":[{"embeddable":true,"href":"https:\/\/www.wasserwacht-toeging.de\/index.php?rest_route=%2Fwp%2Fv2%2Fcomments&post=667"}],"version-history":[{"count":9,"href":"https:\/\/www.wasserwacht-toeging.de\/index.php?rest_route=\/wp\/v2\/pages\/667\/revisions"}],"predecessor-version":[{"id":6316,"href":"https:\/\/www.wasserwacht-toeging.de\/index.php?rest_route=\/wp\/v2\/pages\/667\/revisions\/6316"}],"wp:attachment":[{"href":"https:\/\/www.wasserwacht-toeging.de\/index.php?rest_route=%2Fwp%2Fv2%2Fmedia&parent=667"}],"curies":[{"name":"wp","href":"https:\/\/api.w.org\/{rel}","templated":true}]}}