{"id":674,"date":"2015-02-21T15:42:00","date_gmt":"2015-02-21T15:42:00","guid":{"rendered":"http:\/\/neu.wasserwacht-toeging.de\/?page_id=674"},"modified":"2025-04-30T12:45:41","modified_gmt":"2025-04-30T10:45:41","slug":"rettungsschwimmabzeichen","status":"publish","type":"page","link":"https:\/\/www.wasserwacht-toeging.de\/?page_id=674","title":{"rendered":"Rettungsschwimmabzeichen"},"content":{"rendered":"\n<p>Das Ablegen eines Rettungsschwimmabzeichens ist f\u00fcr verschiedene Berufsgruppen und Trainer in Sportvereinen Voraussetzung f\u00fcr die Aus\u00fcbung ihrer T\u00e4tigkeit. Daneben kann der Erwerb eines solchen Abzeichens auch als pers\u00f6nliche Herausforderung angesehen werden.<br>F\u00fcr den Erwerb ist die Teilnahme an einem Kurs erforderlich, da auch die Theorie des Rettungsschwimmens gelehrt werden muss. Sprechen Sie mit unserem Ansprechpartner, wenn Sie ein Rettungsschwimmabzeichen ablegen wollen.<\/p>\n\n\n\n<figure class=\"wp-block-table\"><table><tbody><tr><td class=\"has-text-align-left\" data-align=\"left\"><strong>Deutsches Rettungsschwimmabzeichen Bronze<br><\/strong><em>Mindestalter 12 Jahre<\/em><br><br>200 Meter Schwimmen in h\u00f6chstens 10 Minuten (100 m in Bauchlage und 100 m in R\u00fcckenlage mit Gr\u00e4tschschwung ohne Armt\u00e4tigkeit)<br><br>100 Meter Schwimmen in Kleidung in h\u00f6chstens 4 Minuten, anschlie\u00dfend im Wasser entkleiden<br><br>drei verschiedene Spr\u00fcnge aus etwa 1 m H\u00f6he (z.B. Abrenner, Kopfsprung, Paketsprung, Startsprung, Fu\u00dfsprung)<br><br>15 Meter Streckentauchen<br><br>zweimal Tieftauchen von der Wasseroberfl\u00e4che, einmal kopfw\u00e4rts und einmal fu\u00dfw\u00e4rts innerhalb von 3 Minuten mit zweimaligem Heraufholen eines 5 kg Tauchrings oder eines gleichartigen Gegenstandes (Wassertiefe zwischen 2 und 3m)<br><br>50 Meter Transportschwimmen (Schieben)<br><br>Nachweis der Kenntnisse zur Vermeidung von Umklammerungen sowie Fertigkeit zur Befreiung aus Halsumklammerung und Halsw\u00fcrgegriff von hinten<br><br>50 Meter Schleppen mit Achselgriff und dem Fesselschleppgriff nach Flaig<br><br>Kombinierte \u00dcbung, die ohne Pause in der angegebenen Reihenfolge zu erf\u00fcllen ist: 20 m Anschwimmen in Bauchlage, hierbei etwa auf halber Strecke abtauchen auf 2-3 m Wassertiefe und Heraufholen eines 5 kg Tauchrings oder eines gleichartigen Gegenstandes, diesen anschlie\u00dfend fallen lassen und das Anschwimmen fortsetzen, 20 m Schleppen eines Partners, Demonstration des Anlandbringens<br><br>Theoretische Kenntnisse:<br>&#8211; Nachweis der Kenntnisse von Atmung und Blutkreislauf sowie Durchf\u00fchrung der Wiederbelebung<br>&#8211; Gefahren an und im Wasser<br>&#8211; Hilfe bei Bade-, Boots- und Eisunf\u00e4llen (Selbst- und Fremdrettung)<br>&#8211; Aufgaben des Roten Kreuzes \/ der Wasserwacht<\/td><\/tr><tr><td class=\"has-text-align-left\" data-align=\"left\"><strong>Deutsches Rettungsschwimmabzeichen Silber<\/strong><br><em>Mindestalter 14 Jahre<\/em><br><br>400 m Schwimmen in h\u00f6chstens 15 Minuten, davon 50 m in Kraulschwimmen, 150 m Brustschwimmen und 200 m in R\u00fcckenlage mit Gr\u00e4tschschwung ohne Armt\u00e4tigkeit<br><br>300 m Schwimmen in Kleidung in h\u00f6chstens 12 Minuten, anschlie\u00dfend im Wasser entkleiden<br><br>Sprung aus 3 m H\u00f6he<br><br>25 m Streckentauchen<br><br>dreimal Tieftauchen von der Wasseroberfl\u00e4che, zweimal kopfw\u00e4rts und einmal fu\u00dfw\u00e4rts innerhalb von 3 Minuten mit dreimaligen Heraufholen eines 5-kg-Tauchrings oder eines gleichartigen Gegenstandes (Wassertiefe zwischen 3 und 5 m)<br><br>50 m Transportschwimmen: Schieben in h\u00f6chstens 1:30 Minuten<br><br>Nachweis der Kenntnisse zur Vermeidung von Umklammerungen sowie Fertigkeiten zur Befreiung aus Halsumklammerung und Halsw\u00fcrgegriff von hinten<br><br>50 m Schleppen in h\u00f6chstens 4 Minuten, beide Partner in Kleidung, je 1\/2 Strecke mit Achsel- und einem Fesselschleppgriff (Schleppgriff nach Flaig oder Seemannsgriff)<br><br>Nachweis der Kenntnisse von Atmung und Blutkreislauf sowie Durchf\u00fchrung der Wiederbelebung<br><br>Kombinierte \u00dcbung, die ohne Pause in der angegebenen Reihenfolge zu erf\u00fcllen ist: 20 m Anschwimmen in Bauchlage, Abtauchen auf 3-5 m Wassertiefe, Heraufholen eines 5-kg-Tauchrings oder eines gleichartigen Gegenstandes, diesen anschlie\u00dfend fallen lassen, L\u00f6sen einer Umklammerung durch einen Befreiungsgriff, 25 m Schleppen, Anlandbringen des Geretteten, 3 Minuten Vorf\u00fchrung der Atemspende am Phantom<br><br>Theoretische Kenntnisse:<br>&#8211; Gefahren am und im Wasser<br>&#8211; Hilfe bei Bade-, Boots-, und Eisunf\u00e4llen (Selbst- und Fremdrettung)<br>&#8211; Rechte und Pflichten bei Hilfeleistungen<br>&#8211; Rettungsger\u00e4te<br>&#8211; Aufgaben des Roten Kreuzes, insbesondere der Wasserwacht und des Wasserrettungsdienste<br><br>Nachweis der erfolgreichen Teilnahme an einem Erste-Hilfe-Kurs nicht \u00e4lter als 3 Jahre<\/td><\/tr><tr><td class=\"has-text-align-left\" data-align=\"left\"><strong>Deutsches Rettungsschwimmabzeichen Gold<\/strong><br><em>Mindestalter 16 Jahre<\/em><br><em>Voraussetzung DRSA Silber nicht \u00e4lter als 3 Jahre<\/em><br><br>300 m Flossenschwimmen in h\u00f6chstens 6 Minuten, davon 250 m in Bauch- oder Seitenlage und 50 m Schleppen, Partner in Kleidung (Achselgriff)<br><br>300 m Schwimmen in Kleidung in h\u00f6chstens 9 Minuten, anschlie\u00dfend im Wasser entkleiden<br><br>100 m Schwimmen in h\u00f6chstens 1:40 Minuten<br><br>30 m Streckentauchen, dabei Heraufholen von 10 kleinen Tauchringen oder Tellern, die auf einer Strecke von 20 m in einer h\u00f6chstens 2 m breiten Gasse verteilt sind; mindestens 8 St\u00fcck aufsammeln<br><br>dreimal Tieftauchen in Kleidung innerhalb von 3 Minuten; das erste Mal mit einem Kopfsprung, anschlie\u00dfend je einmal kopf- und fu\u00dfw\u00e4rts von der Wasseroberfl\u00e4che mit gleichzeitigem Heraufholen von jeweils zwei 5-kg-Tauchringen oder eines gleichartigen Gegenstandes die 3 m voneinander entfernt liegen (Wassertiefe zwischen 3 und 5 m)<br><br>50 m Transportschwimmen, beide Partner in Kleidung: Schieben in h\u00f6chstens 1:30 Minuten<br><br>Nachweis der Kenntnisse zur Vermeidung von Umklammerungen sowie Fertigkeiten zur Befreiung aus Halsumklammerung von hinten und Halsw\u00fcrgegriff von hinten<br><br>Kombinierte \u00dcbung (beide Partner in Kleidung), die ohne Pause in der angegebenen Reihenfolge zu erf\u00fcllen ist: 25 m Schwimmen in h\u00f6chstens 30 Sekunden, Abtauchen auf 3-5 m Wassertiefe, Heraufholen eines 5-kg-Tauchrings oder eines gleichartigen Gegenstandes, diesen anschlie\u00dfend fallen lassen, L\u00f6sen einer Umklammerung durch einen Befreiungsgriff, 25 m Schleppen in h\u00f6chstens 60 Sekunden mit einem Fesselgriff, Anlandbringen des Geretteten, 3 Minuten Vorf\u00fchrung der Atemspende am Phantom<br><br>Handhabung folgender Rettungsger\u00e4te:<br>&#8211; Retten mit Rettungsball und Leine: 12 m Weitwerfen in einen Zielsektor mit 3 m-\u00d6ffnung in 12 m Entfernung: 6 W\u00fcrfe innerhalb von 5 Minuten, davon 4 Treffer<br>&#8211; Retten mit Rettungsgurt und Leine (als Schwimmer und Leinenf\u00fchrer)<br><br>Handhabung gebr\u00e4uchlicher Wiederbelebungsger\u00e4te<br><br>Nachweis folgender Kenntnisse:<br>&#8211; Wiederbelebung (Atemspende)<br>&#8211; Erste-Hilfe-Ma\u00dfnahmen<br>-Rechte und Pflichten bei Hilfeleistungen<br><br>Nachweis der erfolgreichen Teilnahme an einem Erste-Hilfe-Kurs nicht \u00e4lter als 3 Jahre<\/td><\/tr><\/tbody><\/table><\/figure>\n\n\n\n<hr class=\"wp-block-separator has-alpha-channel-opacity\"\/>\n\n\n\n<p>Ihre Ansprechpartner:<\/p>\n\n\n\n<figure class=\"wp-block-table\"><table><tbody><tr><td><\/td><td><strong>Tobias Wiedenmannott<\/strong><br>Stellv. Technischer Leiter<br>Ausbilder Rettungsschwimmen<\/td><td><a href=\"mailto:tobias.wiedenmannott@wasserwacht-toeging.de\">E-Mail<\/a><\/td><\/tr><tr><td><\/td><td><strong>Michael Gerreser<\/strong><br>Ausbilder Rettungsschwimmen<\/td><td><a href=\"mailto:michael.gerreser@wasserwacht-toeging.de\">E-Mail<\/a><\/td><\/tr><\/tbody><\/table><\/figure>\n","protected":false},"excerpt":{"rendered":"<p>Das Ablegen eines Rettungsschwimmabzeichens ist f\u00fcr verschiedene Berufsgruppen und Trainer in Sportvereinen Voraussetzung f\u00fcr die Aus\u00fcbung ihrer T\u00e4tigkeit. Daneben kann der Erwerb eines solchen Abzeichens auch als pers\u00f6nliche Herausforderung angesehen werden.F\u00fcr den Erwerb ist die Teilnahme an einem Kurs erforderlich,&#46;&#46;&#46;<\/p>\n","protected":false},"author":1,"featured_media":0,"parent":0,"menu_order":0,"comment_status":"closed","ping_status":"closed","template":"","meta":{"footnotes":""},"class_list":["post-674","page","type-page","status-publish","hentry"],"_links":{"self":[{"href":"https:\/\/www.wasserwacht-toeging.de\/index.php?rest_route=\/wp\/v2\/pages\/674","targetHints":{"allow":["GET"]}}],"collection":[{"href":"https:\/\/www.wasserwacht-toeging.de\/index.php?rest_route=\/wp\/v2\/pages"}],"about":[{"href":"https:\/\/www.wasserwacht-toeging.de\/index.php?rest_route=\/wp\/v2\/types\/page"}],"author":[{"embeddable":true,"href":"https:\/\/www.wasserwacht-toeging.de\/index.php?rest_route=\/wp\/v2\/users\/1"}],"replies":[{"embeddable":true,"href":"https:\/\/www.wasserwacht-toeging.de\/index.php?rest_route=%2Fwp%2Fv2%2Fcomments&post=674"}],"version-history":[{"count":20,"href":"https:\/\/www.wasserwacht-toeging.de\/index.php?rest_route=\/wp\/v2\/pages\/674\/revisions"}],"predecessor-version":[{"id":6417,"href":"https:\/\/www.wasserwacht-toeging.de\/index.php?rest_route=\/wp\/v2\/pages\/674\/revisions\/6417"}],"wp:attachment":[{"href":"https:\/\/www.wasserwacht-toeging.de\/index.php?rest_route=%2Fwp%2Fv2%2Fmedia&parent=674"}],"curies":[{"name":"wp","href":"https:\/\/api.w.org\/{rel}","templated":true}]}}