{"id":8,"date":"2015-02-01T12:44:42","date_gmt":"2015-02-01T12:44:42","guid":{"rendered":"http:\/\/neu.wasserwacht-toeging.de\/?page_id=8"},"modified":"2025-06-25T19:19:19","modified_gmt":"2025-06-25T17:19:19","slug":"vorstandschaft","status":"publish","type":"page","link":"https:\/\/www.wasserwacht-toeging.de\/?page_id=8","title":{"rendered":"Vorstandschaft"},"content":{"rendered":"\n<figure class=\"wp-block-table\"><table><tbody><tr><td class=\"has-text-align-center\" data-align=\"center\"><img loading=\"lazy\" decoding=\"async\" width=\"100\" height=\"150\" class=\"wp-image-521\" style=\"width: 100px;\" src=\"https:\/\/www.wasserwacht-toeging.de\/wp-content\/uploads\/2015\/02\/150215_Wiedenmannott_Martin1.jpg\" alt=\"\" srcset=\"https:\/\/www.wasserwacht-toeging.de\/wp-content\/uploads\/2015\/02\/150215_Wiedenmannott_Martin1.jpg 2109w, https:\/\/www.wasserwacht-toeging.de\/wp-content\/uploads\/2015\/02\/150215_Wiedenmannott_Martin1-200x300.jpg 200w, https:\/\/www.wasserwacht-toeging.de\/wp-content\/uploads\/2015\/02\/150215_Wiedenmannott_Martin1-683x1024.jpg 683w\" sizes=\"auto, (max-width: 100px) 100vw, 100px\" \/><\/td><td><strong>Martin Wiedenmannott<\/strong><br>Vorsitzender der Ortsgruppe<br>Stellvertretender Vorsitzender der Kreiswasserwacht<br><br><em>Einsatzleiter Wasserrettungsdienst<br>Einsatzleiter SEG<br>Motorbootf\u00fchrer<\/em><\/td><td><a href=\"mailto:martin.wiedenmannott@wasserwacht-toeging.de\">E-Mail<\/a><\/td><\/tr><tr><td class=\"has-text-align-center\" data-align=\"center\"><img loading=\"lazy\" decoding=\"async\" width=\"100\" height=\"150\" class=\"wp-image-2567\" style=\"width: 100px;\" src=\"https:\/\/www.wasserwacht-toeging.de\/wp-content\/uploads\/2015\/02\/Blaschke_Daniel_100x150.jpg\" alt=\"\"><\/td><td><strong>Daniel Blaschke<\/strong><br>Stellvertretender Vorsitzender der Ortsgruppe<br><br><em>Einsatzleiter SEG<\/em><br><em>Motorbootf\u00fchrer<br>Ausbilder Rettungsschwimmen<\/em><\/td><td><a href=\"mailto:daniel.blaschke@wasserwacht-toeging.de\">E-Mail<\/a><\/td><\/tr><tr><td class=\"has-text-align-center\" data-align=\"center\"><\/td><td><strong>Michael Kammhuber<\/strong><br>Technischer Leiter<br><br><em>Einsatzleiter SEG<\/em><br><em>Einsatztaucher<\/em><br><em>Motorbootf\u00fchrer<\/em><\/td><td><a href=\"mailto:michael.kammhuber@wasserwacht-toeging.de\">E-Mail<\/a><\/td><\/tr><tr><td class=\"has-text-align-center\" data-align=\"center\"><\/td><td><strong>Tobias Wiedenmannott<\/strong><br>Stellvertretender Technischer Leiter<br><br><em>Einsatzleiter SEG<\/em><br><em>Motorbootf\u00fchrer<\/em><br><em>Ausbilder Rettungsschwimmen<\/em><\/td><td><a href=\"mailto:tobias.wiedenmannott@wasserwacht-toeging.de\">E-Mail<\/a><\/td><\/tr><tr><td class=\"has-text-align-center\" data-align=\"center\"><\/td><td><strong>Reiner Bauernfeind<\/strong><br>2. Stellvertretender Technischer Leiter<br><br><em>Motorbootf\u00fchrer<\/em><\/td><td><a href=\"mailto:reiner.bauernfeind@wasserwacht-toeging.de\">E-Mail<\/a><\/td><\/tr><tr><td class=\"has-text-align-center\" data-align=\"center\"><img loading=\"lazy\" decoding=\"async\" width=\"100\" height=\"150\" class=\"wp-image-118\" style=\"width: 100px;\" src=\"https:\/\/www.wasserwacht-toeging.de\/wp-content\/uploads\/2015\/02\/100x150_Wiedenmannott_Petra.jpg\" alt=\"\"><\/td><td><strong>Petra Wiedenmannott<\/strong><br>Kassierin<\/td><td><a href=\"mailto:petra.wiedenmannott@wasserwacht-toeging.de\">E-Mail<\/a><\/td><\/tr><tr><td class=\"has-text-align-center\" data-align=\"center\"><\/td><td><strong>Julia Blaschke<\/strong><br>Jugendleiterin<br><br><em>Ausbilderin Erste Hilfe<\/em><\/td><td><a href=\"mailto:julia.blaschke@wasserwacht-toeging.de\">E-Mail<\/a><\/td><\/tr><tr><td class=\"has-text-align-center\" data-align=\"center\"><img loading=\"lazy\" decoding=\"async\" width=\"100\" height=\"150\" class=\"wp-image-4798\" style=\"width: 100px;\" src=\"https:\/\/www.wasserwacht-toeging.de\/wp-content\/uploads\/2022\/01\/Werner_Yamila-scaled.jpg\" alt=\"\" srcset=\"https:\/\/www.wasserwacht-toeging.de\/wp-content\/uploads\/2022\/01\/Werner_Yamila-scaled.jpg 1706w, https:\/\/www.wasserwacht-toeging.de\/wp-content\/uploads\/2022\/01\/Werner_Yamila-200x300.jpg 200w, https:\/\/www.wasserwacht-toeging.de\/wp-content\/uploads\/2022\/01\/Werner_Yamila-683x1024.jpg 683w, https:\/\/www.wasserwacht-toeging.de\/wp-content\/uploads\/2022\/01\/Werner_Yamila-768x1152.jpg 768w, https:\/\/www.wasserwacht-toeging.de\/wp-content\/uploads\/2022\/01\/Werner_Yamila-1024x1536.jpg 1024w, https:\/\/www.wasserwacht-toeging.de\/wp-content\/uploads\/2022\/01\/Werner_Yamila-1365x2048.jpg 1365w\" sizes=\"auto, (max-width: 100px) 100vw, 100px\" \/><\/td><td><strong>Yamila Werner<\/strong><br>Stellvertretende Jugendleiterin<br><br><em>Einsatztaucherin<\/em><br><em>Motorbootf\u00fchrerin<\/em><br><em>Ausbilderin Erste Hilfe<\/em><\/td><td><a href=\"mailto:yamila.werner@wasserwacht-toeging.de\">E-Mail<\/a><\/td><\/tr><\/tbody><\/table><\/figure>\n","protected":false},"excerpt":{"rendered":"<p>Martin WiedenmannottVorsitzender der OrtsgruppeStellvertretender Vorsitzender der Kreiswasserwacht Einsatzleiter WasserrettungsdienstEinsatzleiter SEGMotorbootf\u00fchrer E-Mail Daniel BlaschkeStellvertretender Vorsitzender der Ortsgruppe Einsatzleiter SEGMotorbootf\u00fchrerAusbilder Rettungsschwimmen E-Mail Michael KammhuberTechnischer Leiter Einsatzleiter SEGEinsatztaucherMotorbootf\u00fchrer E-Mail Tobias WiedenmannottStellvertretender Technischer Leiter Einsatzleiter SEGMotorbootf\u00fchrerAusbilder Rettungsschwimmen E-Mail Reiner Bauernfeind2. Stellvertretender Technischer Leiter Motorbootf\u00fchrer&#46;&#46;&#46;<\/p>\n","protected":false},"author":1,"featured_media":0,"parent":0,"menu_order":0,"comment_status":"open","ping_status":"open","template":"","meta":{"footnotes":""},"class_list":["post-8","page","type-page","status-publish","hentry"],"_links":{"self":[{"href":"https:\/\/www.wasserwacht-toeging.de\/index.php?rest_route=\/wp\/v2\/pages\/8","targetHints":{"allow":["GET"]}}],"collection":[{"href":"https:\/\/www.wasserwacht-toeging.de\/index.php?rest_route=\/wp\/v2\/pages"}],"about":[{"href":"https:\/\/www.wasserwacht-toeging.de\/index.php?rest_route=\/wp\/v2\/types\/page"}],"author":[{"embeddable":true,"href":"https:\/\/www.wasserwacht-toeging.de\/index.php?rest_route=\/wp\/v2\/users\/1"}],"replies":[{"embeddable":true,"href":"https:\/\/www.wasserwacht-toeging.de\/index.php?rest_route=%2Fwp%2Fv2%2Fcomments&post=8"}],"version-history":[{"count":45,"href":"https:\/\/www.wasserwacht-toeging.de\/index.php?rest_route=\/wp\/v2\/pages\/8\/revisions"}],"predecessor-version":[{"id":6484,"href":"https:\/\/www.wasserwacht-toeging.de\/index.php?rest_route=\/wp\/v2\/pages\/8\/revisions\/6484"}],"wp:attachment":[{"href":"https:\/\/www.wasserwacht-toeging.de\/index.php?rest_route=%2Fwp%2Fv2%2Fmedia&parent=8"}],"curies":[{"name":"wp","href":"https:\/\/api.w.org\/{rel}","templated":true}]}}