{"id":840,"date":"2015-05-02T15:17:41","date_gmt":"2015-05-02T15:17:41","guid":{"rendered":"http:\/\/neu.wasserwacht-toeging.de\/?page_id=840"},"modified":"2015-05-02T15:17:41","modified_gmt":"2015-05-02T15:17:41","slug":"einsatz-012-2015","status":"publish","type":"page","link":"https:\/\/www.wasserwacht-toeging.de\/?page_id=840","title":{"rendered":"Einsatz 012 2015"},"content":{"rendered":"<p><strong>Datum:<\/strong> 01.05.2015<br \/>\n<strong>Einsatzbeginn:<\/strong> 10.00 Uhr<br \/>\n<strong>Einsatzart: <\/strong>Sanit\u00e4tsdienst<br \/>\n<strong>Einsatzort:<\/strong> Schloss Frauenb\u00fchl Winh\u00f6ring<br \/>\n<strong>Einsatzstichwort:<\/strong> Gartentage<\/p>\n<hr \/>\n<p><strong>Einsatzkr\u00e4fte:<\/strong> 4<br \/>\n<strong>Eingesetzte Fahrzeuge:<\/strong><br \/>\nMannschaftswagen-Wasserrettung 91\/1<\/p>\n<hr \/>\n<p><strong>Weitere Einsatzkr\u00e4fte:<br \/>\n<\/strong>&#8212;<\/p>\n<hr \/>\n<p><strong>Bericht:<\/strong><br \/>\nEinen \u201cblumigen\u201d Einsatz hatten zwei Einsatzkr\u00e4fte und zwei Jungmitglieder der Wasserwacht bei den Winh\u00f6ringer Gartentagen auf Schloss Frauenb\u00fchl. Den Sanit\u00e4tsdienst bei der dreit\u00e4gigen Veranstaltung teilten sich die Wasserwacht T\u00f6ging-Winh\u00f6ring und die BRK-Bereitschaft Winh\u00f6ring. Beide BRK-Gruppen arbeiten seit vielen Jahrzehnten immer<span id=\"more-837\"><\/span> wieder gut und vertrauensvoll zusammen.<br \/>\nWegen des regnerischen Wetters kamen an diesem Tag \u201cnur\u201d knapp weniger als 1000 Besucher auf das Schloss. Ein Eingreifen der Wasserwachtler war nicht notwendig.<\/p>\n<hr \/>\n<p><strong>Fotos:<\/strong><\/p>\n<p><a href=\"http:\/\/neu.wasserwacht-toeging.de\/wp-content\/uploads\/2015\/05\/150501_Gartentage_01.jpg\"><img loading=\"lazy\" decoding=\"async\" class=\"alignleft size-thumbnail wp-image-838\" src=\"http:\/\/neu.wasserwacht-toeging.de\/wp-content\/uploads\/2015\/05\/150501_Gartentage_01-150x150.jpg\" alt=\"150501_Gartentage_01\" width=\"150\" height=\"150\" \/><\/a><\/p>\n","protected":false},"excerpt":{"rendered":"<p>Datum: 01.05.2015 Einsatzbeginn: 10.00 Uhr Einsatzart: Sanit\u00e4tsdienst Einsatzort: Schloss Frauenb\u00fchl Winh\u00f6ring Einsatzstichwort: Gartentage Einsatzkr\u00e4fte: 4 Eingesetzte Fahrzeuge: Mannschaftswagen-Wasserrettung 91\/1 Weitere Einsatzkr\u00e4fte: &#8212; Bericht: Einen \u201cblumigen\u201d Einsatz hatten zwei Einsatzkr\u00e4fte und zwei Jungmitglieder der Wasserwacht bei den Winh\u00f6ringer Gartentagen auf Schloss&#46;&#46;&#46;<\/p>\n","protected":false},"author":1,"featured_media":0,"parent":0,"menu_order":0,"comment_status":"closed","ping_status":"closed","template":"","meta":{"footnotes":""},"class_list":["post-840","page","type-page","status-publish","hentry"],"_links":{"self":[{"href":"https:\/\/www.wasserwacht-toeging.de\/index.php?rest_route=\/wp\/v2\/pages\/840","targetHints":{"allow":["GET"]}}],"collection":[{"href":"https:\/\/www.wasserwacht-toeging.de\/index.php?rest_route=\/wp\/v2\/pages"}],"about":[{"href":"https:\/\/www.wasserwacht-toeging.de\/index.php?rest_route=\/wp\/v2\/types\/page"}],"author":[{"embeddable":true,"href":"https:\/\/www.wasserwacht-toeging.de\/index.php?rest_route=\/wp\/v2\/users\/1"}],"replies":[{"embeddable":true,"href":"https:\/\/www.wasserwacht-toeging.de\/index.php?rest_route=%2Fwp%2Fv2%2Fcomments&post=840"}],"version-history":[{"count":1,"href":"https:\/\/www.wasserwacht-toeging.de\/index.php?rest_route=\/wp\/v2\/pages\/840\/revisions"}],"predecessor-version":[{"id":841,"href":"https:\/\/www.wasserwacht-toeging.de\/index.php?rest_route=\/wp\/v2\/pages\/840\/revisions\/841"}],"wp:attachment":[{"href":"https:\/\/www.wasserwacht-toeging.de\/index.php?rest_route=%2Fwp%2Fv2%2Fmedia&parent=840"}],"curies":[{"name":"wp","href":"https:\/\/api.w.org\/{rel}","templated":true}]}}