{"id":934,"date":"2015-05-23T10:50:46","date_gmt":"2015-05-23T10:50:46","guid":{"rendered":"http:\/\/neu.wasserwacht-toeging.de\/?page_id=934"},"modified":"2015-05-23T10:50:46","modified_gmt":"2015-05-23T10:50:46","slug":"einsatz-013-2015","status":"publish","type":"page","link":"https:\/\/www.wasserwacht-toeging.de\/?page_id=934","title":{"rendered":"Einsatz 013 2015"},"content":{"rendered":"<p><strong>Datum:<\/strong> 22.05.2015<br \/>\n<strong>Einsatzbeginn:<\/strong> 13.00 Uhr<br \/>\n<strong>Einsatzart: <\/strong>Sozialdienst<br \/>\n<strong>Einsatzort:<\/strong> Turnhalle Winh\u00f6ring<br \/>\n<strong>Einsatzstichwort:<\/strong> Seniorennachmittag<\/p>\n<hr \/>\n<p><strong>Einsatzkr\u00e4fte:<\/strong> 7<br \/>\n<strong>Eingesetzte Fahrzeuge:<\/strong> &#8212;<\/p>\n<hr \/>\n<p><strong>Weitere Einsatzkr\u00e4fte:<br \/>\n<\/strong>BRK-Bereitschaft Winh\u00f6ring<\/p>\n<hr \/>\n<p><strong>Bericht:<\/strong><br \/>\nWie jedes Jahr unterst\u00fctzten Kr\u00e4fte unserer Ortsgruppe die BRK-Bereitschaft Winh\u00f6ring bei der Betreuung des Seniorennachmittags der Gemeinde. Wasserwachtler und Bereitschaftskr\u00e4fte versorgten die Senioren mit Getr\u00e4nken und Speisen, die von der Gemeinde Winh\u00f6ring gestiftet worden waren.<\/p>\n","protected":false},"excerpt":{"rendered":"<p>Datum: 22.05.2015 Einsatzbeginn: 13.00 Uhr Einsatzart: Sozialdienst Einsatzort: Turnhalle Winh\u00f6ring Einsatzstichwort: Seniorennachmittag Einsatzkr\u00e4fte: 7 Eingesetzte Fahrzeuge: &#8212; Weitere Einsatzkr\u00e4fte: BRK-Bereitschaft Winh\u00f6ring Bericht: Wie jedes Jahr unterst\u00fctzten Kr\u00e4fte unserer Ortsgruppe die BRK-Bereitschaft Winh\u00f6ring bei der Betreuung des Seniorennachmittags der Gemeinde. Wasserwachtler&#46;&#46;&#46;<\/p>\n","protected":false},"author":1,"featured_media":0,"parent":0,"menu_order":0,"comment_status":"closed","ping_status":"closed","template":"","meta":{"footnotes":""},"class_list":["post-934","page","type-page","status-publish","hentry"],"_links":{"self":[{"href":"https:\/\/www.wasserwacht-toeging.de\/index.php?rest_route=\/wp\/v2\/pages\/934","targetHints":{"allow":["GET"]}}],"collection":[{"href":"https:\/\/www.wasserwacht-toeging.de\/index.php?rest_route=\/wp\/v2\/pages"}],"about":[{"href":"https:\/\/www.wasserwacht-toeging.de\/index.php?rest_route=\/wp\/v2\/types\/page"}],"author":[{"embeddable":true,"href":"https:\/\/www.wasserwacht-toeging.de\/index.php?rest_route=\/wp\/v2\/users\/1"}],"replies":[{"embeddable":true,"href":"https:\/\/www.wasserwacht-toeging.de\/index.php?rest_route=%2Fwp%2Fv2%2Fcomments&post=934"}],"version-history":[{"count":1,"href":"https:\/\/www.wasserwacht-toeging.de\/index.php?rest_route=\/wp\/v2\/pages\/934\/revisions"}],"predecessor-version":[{"id":935,"href":"https:\/\/www.wasserwacht-toeging.de\/index.php?rest_route=\/wp\/v2\/pages\/934\/revisions\/935"}],"wp:attachment":[{"href":"https:\/\/www.wasserwacht-toeging.de\/index.php?rest_route=%2Fwp%2Fv2%2Fmedia&parent=934"}],"curies":[{"name":"wp","href":"https:\/\/api.w.org\/{rel}","templated":true}]}}