{"id":94,"date":"2015-02-01T18:54:11","date_gmt":"2015-02-01T18:54:11","guid":{"rendered":"http:\/\/neu.wasserwacht-toeging.de\/?page_id=94"},"modified":"2015-02-01T18:57:23","modified_gmt":"2015-02-01T18:57:23","slug":"einsatz-001-2015","status":"publish","type":"page","link":"https:\/\/www.wasserwacht-toeging.de\/?page_id=94","title":{"rendered":"Einsatz 001 2015"},"content":{"rendered":"<p><strong>Datum:<\/strong> 14.01.2015<br \/>\n<strong>Alarmzeit:<\/strong> 01:35 Uhr<br \/>\n<strong>Einsatzart: <\/strong><span style=\"text-decoration: underline;\">SEG Wasserrettung<\/span><br \/>\n<strong>Einsatzort:<\/strong> <span style=\"text-decoration: underline;\">Innkanal Waldkraiburg<\/span><br \/>\n<strong>Einsatzstichwort:<\/strong> <span style=\"text-decoration: underline;\">Suizidandrohung<\/span><\/p>\n<hr \/>\n<p><strong>Einsatzkr\u00e4fte:<\/strong> 6<br \/>\n<strong>Eingesetzte Fahrzeuge:<\/strong><br \/>\nKommandowagen 10\/1<br \/>\nWasserrettungswagen 91\/2, Motorrettungsboot 99\/2 (Schlauchboot)<\/p>\n<hr \/>\n<p><strong>Weitere Einsatzkr\u00e4fte:<\/strong><br \/>\nEinsatzleiter Wasserrettung Landkreis M\u00fchldorf<br \/>\nWasserwacht M\u00fchldorf, Wasserwacht Waldkraiburg<\/p>\n<p>Einsatzleiter Rettungsdienst M\u00fchldorf Ost<br \/>\nRettungswagen, Notarzteinsatzfahrzeug<\/p>\n<p>diverse Feuerwehren Landkreis M\u00fchldorf<br \/>\nTHW M\u00fchldorf<\/p>\n<p>Polizeiinspektion Waldkraiburg<br \/>\nPolizeihubschrauber<\/p>\n<hr \/>\n<p><strong>Bericht:<\/strong><br \/>\nZu einem n\u00e4chtlichen Gro\u00dfeinsatz kam es, als eine Frau im Stadtgebiet Waldkraiburg androhte, sich von einer Kanalbr\u00fccke in den Innkanal st\u00fcrzen zu wollen. Beim Eintreffen der Polizei stand die Frau bereits au\u00dferhalb des Br\u00fcckengel\u00e4nders. Die zun\u00e4chst alarmierten Wasserwachten aus Waldkraiburg und M\u00fchldorf forderten die Schnelleinsatzgruppe der Wasserwacht T\u00f6ging zur Unterst\u00fctzung an. Ein T\u00f6ginger Wasserretter wurde auf einem Boot der Wasserwacht M\u00fchldorf in der N\u00e4he der Br\u00fccke in Stellung gebracht. Nach etwa eineinhalb Stunden konnte die Frau durch Polizeikr\u00e4fte gesichert und \u00fcber das Br\u00fcckengel\u00e4nder in Sicherheit gebracht werden. Unterst\u00fctzt wurde der Einsatz auch durch zahlreiche Feuerwehren, das THW und einen Polizeihubschrauber, der im Fall des Sprunges mit seinem starken Suchscheinwerfer den Innkanal aus der Luft ausgeleuchtet h\u00e4tte.<\/p>\n<p>&nbsp;<\/p>\n<p>&nbsp;<\/p>\n","protected":false},"excerpt":{"rendered":"<p>Datum: 14.01.2015 Alarmzeit: 01:35 Uhr Einsatzart: SEG Wasserrettung Einsatzort: Innkanal Waldkraiburg Einsatzstichwort: Suizidandrohung Einsatzkr\u00e4fte: 6 Eingesetzte Fahrzeuge: Kommandowagen 10\/1 Wasserrettungswagen 91\/2, Motorrettungsboot 99\/2 (Schlauchboot) Weitere Einsatzkr\u00e4fte: Einsatzleiter Wasserrettung Landkreis M\u00fchldorf Wasserwacht M\u00fchldorf, Wasserwacht Waldkraiburg Einsatzleiter Rettungsdienst M\u00fchldorf Ost Rettungswagen, Notarzteinsatzfahrzeug&#46;&#46;&#46;<\/p>\n","protected":false},"author":1,"featured_media":0,"parent":0,"menu_order":0,"comment_status":"closed","ping_status":"closed","template":"","meta":{"footnotes":""},"class_list":["post-94","page","type-page","status-publish","hentry"],"_links":{"self":[{"href":"https:\/\/www.wasserwacht-toeging.de\/index.php?rest_route=\/wp\/v2\/pages\/94","targetHints":{"allow":["GET"]}}],"collection":[{"href":"https:\/\/www.wasserwacht-toeging.de\/index.php?rest_route=\/wp\/v2\/pages"}],"about":[{"href":"https:\/\/www.wasserwacht-toeging.de\/index.php?rest_route=\/wp\/v2\/types\/page"}],"author":[{"embeddable":true,"href":"https:\/\/www.wasserwacht-toeging.de\/index.php?rest_route=\/wp\/v2\/users\/1"}],"replies":[{"embeddable":true,"href":"https:\/\/www.wasserwacht-toeging.de\/index.php?rest_route=%2Fwp%2Fv2%2Fcomments&post=94"}],"version-history":[{"count":3,"href":"https:\/\/www.wasserwacht-toeging.de\/index.php?rest_route=\/wp\/v2\/pages\/94\/revisions"}],"predecessor-version":[{"id":98,"href":"https:\/\/www.wasserwacht-toeging.de\/index.php?rest_route=\/wp\/v2\/pages\/94\/revisions\/98"}],"wp:attachment":[{"href":"https:\/\/www.wasserwacht-toeging.de\/index.php?rest_route=%2Fwp%2Fv2%2Fmedia&parent=94"}],"curies":[{"name":"wp","href":"https:\/\/api.w.org\/{rel}","templated":true}]}}